{"id":10,"date":"2016-04-14T10:49:03","date_gmt":"2016-04-14T10:49:03","guid":{"rendered":"\/\/www.apnet.com\/?page_id=10"},"modified":"2016-09-06T14:43:48","modified_gmt":"2016-09-06T14:43:48","slug":"live-casino","status":"publish","type":"page","link":"https:\/\/www.apnet.com\/se\/live-casino\/","title":{"rendered":"Live casino"},"content":{"rendered":"<p>F\u00f6r er som kanske f\u00f6redrar att spela p\u00e5 landbaserade casinon mot riktiga dealers bakom roulette och black jack borden finns faktiskt bra alternativ online ocks\u00e5. De flesta casinon online erbjuder idag live casino d\u00e4r du kan spela black jack, roulette, och andra bordsspel i real tid med en riktig live dealer. Croupier \u00e4r ett annan namn som anv\u00e4nds ist\u00e4llet f\u00f6r live dealer. Att spela casinospel mot riktiga dealer \u00e4r sp\u00e4nnande och ger k\u00e4nslan av att vara p\u00e5 plats i till exempel Vegas eller Macau.<\/p>\n<p>Live <a href=\"https:\/\/www.apnet.com\/se\/\">casino p\u00e5 n\u00e4tet<\/a> har faktiskt tagit fler steg fram\u00e5t de senaste \u00e5ren, p\u00e5 flera av spelen g\u00e5r det till och med att prata med croupiern f\u00f6r att vara s\u00e4ker p\u00e5 att allt sker live. P\u00e5 andra live-spel s\u00e5 pratar croupiern endast med er spelare, d\u00e5 visas ofta \u00e4ven en TV med live nyheter i rummet d\u00e4r croupiern st\u00e5r f\u00f6r att s\u00e4kerst\u00e4lla \u00e4ktheten. I vissa fall erbjuds live dealers som pratar svenska men det \u00e4r hittills r\u00e4tt s\u00e5 ovanligt.<\/p>\n<p><img decoding=\"async\" loading=\"lazy\" class=\"aligncenter size-full wp-image-340\" src=\"https:\/\/www.apnet.com\/se\/wp-content\/uploads\/2016\/04\/live-casino-svenska.jpg\" alt=\"live casino svenska\" width=\"1000\" height=\"666\" srcset=\"https:\/\/www.apnet.com\/se\/wp-content\/uploads\/2016\/04\/live-casino-svenska.jpg 1000w, https:\/\/www.apnet.com\/se\/wp-content\/uploads\/2016\/04\/live-casino-svenska-300x200.jpg 300w, https:\/\/www.apnet.com\/se\/wp-content\/uploads\/2016\/04\/live-casino-svenska-768x511.jpg 768w\" sizes=\"(max-width: 1000px) 100vw, 1000px\" \/><\/p>\n<p>De b\u00e4sta live dealer casino leverant\u00f6rerna \u00e4r Evolution Gaming och NetEnt Live, de erbjuder ca 25 live casino spel vardera d\u00e4r du kan vara s\u00e4ker p\u00e5 att uppleva sp\u00e4nningen fr\u00e5n en landbaserat casino. Live casinospel som erbjuds \u00e4r ofta de vanliga bordsspelen som \u00e4ven erbjuds i de landbaserade spelhusen. R\u00e4kna med att hitta flertalet olika varianter roulette och black jack, till exempel European roulette, French roulette, American roulette, och multiplayer roulette \/ black back. Andra live spel som erbjuds \u00e4r craps, texas holdem, casino holdem, och baccarat.<\/p>\n<p>Gillar du att bes\u00f6ka ett landbaserat casino men har sv\u00e5rt att finna tid f\u00f6r det? Vi lever i en ny tid d\u00e4r just tiden \u00e4r sv\u00e5r att f\u00e5 ihop, att spela live casino online ligger d\u00e4rf\u00f6r r\u00e4tt i tiden d\u00e5 du kan spela hemma p\u00e5 datorn eller p\u00e5 bussen i mobilen. Du kan idag uppleva sp\u00e4nning hemma, samma sp\u00e4nning som bara gick att komma i n\u00e4rheten av i landbaserade casinon tidigare.<\/p>\n<p>En f\u00f6rdel med att spela casino online \u00e4r att du kan ta del av casinobonusar, \u00e4ven om du spelar live casino. Landbaserade casinon erbjuder generellt s\u00e4tt inte n\u00e5gra bonusar, ist\u00e4llet brukar man kunna f\u00e5 kuponger till casinots resturang och liknande. Givetsvis s\u00e5 g\u00e5r det inte att spela free spins i ett live casino, men ins\u00e4ttningsbonusar och matchningsbonusar brukar \u00e4ven g\u00e4lla i live kasinot. Att spela live casino online \u00e4r lika s\u00e4kert och tryggt som att spela p\u00e5 spelautomater och \u00f6vriga spel. Som alltid s\u00e5 rekommenderar vi er att leta efter licensst\u00e4mplar l\u00e4ngst ned p\u00e5 casinosidorna d\u00e5 casinon utan licens inte har n\u00e5gra skyldigheter gentemot oss spelare.<\/p>\n","protected":false},"excerpt":{"rendered":"<p>F\u00f6r er som kanske f\u00f6redrar att spela p\u00e5 landbaserade casinon mot riktiga dealers bakom roulette och black jack borden finns faktiskt bra alternativ online ocks\u00e5. De flesta casinon online erbjuder idag live casino d\u00e4r du kan spela black jack, roulette, och andra bordsspel i real tid med en riktig live dealer. Croupier \u00e4r ett annan [&hellip;]<\/p>\n","protected":false},"author":2,"featured_media":0,"parent":0,"menu_order":0,"comment_status":"closed","ping_status":"closed","template":"","meta":[],"acf":[],"yoast_head":"<!-- This site is optimized with the Yoast SEO plugin v20.4 - https:\/\/yoast.com\/wordpress\/plugins\/seo\/ -->\n<title>Live casino - Apnet<\/title>\n<meta name=\"robots\" content=\"index, follow, max-snippet:-1, max-image-preview:large, max-video-preview:-1\" \/>\n<link rel=\"canonical\" href=\"https:\/\/www.apnet.com\/se\/live-casino\/\" \/>\n<meta property=\"og:locale\" content=\"sv_SE\" \/>\n<meta property=\"og:type\" content=\"article\" \/>\n<meta property=\"og:title\" content=\"Live casino - Apnet\" \/>\n<meta property=\"og:description\" content=\"F\u00f6r er som kanske f\u00f6redrar att spela p\u00e5 landbaserade casinon mot riktiga dealers bakom roulette och black jack borden finns faktiskt bra alternativ online ocks\u00e5. De flesta casinon online erbjuder idag live casino d\u00e4r du kan spela black jack, roulette, och andra bordsspel i real tid med en riktig live dealer. Croupier \u00e4r ett annan [&hellip;]\" \/>\n<meta property=\"og:url\" content=\"https:\/\/www.apnet.com\/se\/live-casino\/\" \/>\n<meta property=\"og:site_name\" content=\"Apnet\" \/>\n<meta property=\"article:modified_time\" content=\"2016-09-06T14:43:48+00:00\" \/>\n<meta property=\"og:image\" content=\"https:\/\/www.apnet.com\/se\/wp-content\/uploads\/2016\/04\/live-casino-svenska.jpg\" \/>\n<meta name=\"twitter:card\" content=\"summary_large_image\" \/>\n<meta name=\"twitter:label1\" content=\"Ber\u00e4knad l\u00e4stid\" \/>\n\t<meta name=\"twitter:data1\" content=\"2 minuter\" \/>\n<script type=\"application\/ld+json\" class=\"yoast-schema-graph\">{\"@context\":\"https:\/\/schema.org\",\"@graph\":[{\"@type\":\"WebPage\",\"@id\":\"https:\/\/www.apnet.com\/se\/live-casino\/\",\"url\":\"https:\/\/www.apnet.com\/se\/live-casino\/\",\"name\":\"Live casino - Apnet\",\"isPartOf\":{\"@id\":\"https:\/\/www.apnet.com\/se\/#website\"},\"datePublished\":\"2016-04-14T10:49:03+00:00\",\"dateModified\":\"2016-09-06T14:43:48+00:00\",\"breadcrumb\":{\"@id\":\"https:\/\/www.apnet.com\/se\/live-casino\/#breadcrumb\"},\"inLanguage\":\"sv-SE\",\"potentialAction\":[{\"@type\":\"ReadAction\",\"target\":[\"https:\/\/www.apnet.com\/se\/live-casino\/\"]}]},{\"@type\":\"BreadcrumbList\",\"@id\":\"https:\/\/www.apnet.com\/se\/live-casino\/#breadcrumb\",\"itemListElement\":[{\"@type\":\"ListItem\",\"position\":1,\"name\":\"Startsida\",\"item\":\"https:\/\/www.apnet.com\/se\/\"},{\"@type\":\"ListItem\",\"position\":2,\"name\":\"Live casino\"}]},{\"@type\":\"WebSite\",\"@id\":\"https:\/\/www.apnet.com\/se\/#website\",\"url\":\"https:\/\/www.apnet.com\/se\/\",\"name\":\"Apnet\",\"description\":\"\",\"potentialAction\":[{\"@type\":\"SearchAction\",\"target\":{\"@type\":\"EntryPoint\",\"urlTemplate\":\"https:\/\/www.apnet.com\/se\/?s={search_term_string}\"},\"query-input\":\"required name=search_term_string\"}],\"inLanguage\":\"sv-SE\"}]}<\/script>\n<!-- \/ Yoast SEO plugin. -->","yoast_head_json":{"title":"Live casino - Apnet","robots":{"index":"index","follow":"follow","max-snippet":"max-snippet:-1","max-image-preview":"max-image-preview:large","max-video-preview":"max-video-preview:-1"},"canonical":"https:\/\/www.apnet.com\/se\/live-casino\/","og_locale":"sv_SE","og_type":"article","og_title":"Live casino - Apnet","og_description":"F\u00f6r er som kanske f\u00f6redrar att spela p\u00e5 landbaserade casinon mot riktiga dealers bakom roulette och black jack borden finns faktiskt bra alternativ online ocks\u00e5. De flesta casinon online erbjuder idag live casino d\u00e4r du kan spela black jack, roulette, och andra bordsspel i real tid med en riktig live dealer. Croupier \u00e4r ett annan [&hellip;]","og_url":"https:\/\/www.apnet.com\/se\/live-casino\/","og_site_name":"Apnet","article_modified_time":"2016-09-06T14:43:48+00:00","og_image":[{"url":"https:\/\/www.apnet.com\/se\/wp-content\/uploads\/2016\/04\/live-casino-svenska.jpg"}],"twitter_card":"summary_large_image","twitter_misc":{"Ber\u00e4knad l\u00e4stid":"2 minuter"},"schema":{"@context":"https:\/\/schema.org","@graph":[{"@type":"WebPage","@id":"https:\/\/www.apnet.com\/se\/live-casino\/","url":"https:\/\/www.apnet.com\/se\/live-casino\/","name":"Live casino - Apnet","isPartOf":{"@id":"https:\/\/www.apnet.com\/se\/#website"},"datePublished":"2016-04-14T10:49:03+00:00","dateModified":"2016-09-06T14:43:48+00:00","breadcrumb":{"@id":"https:\/\/www.apnet.com\/se\/live-casino\/#breadcrumb"},"inLanguage":"sv-SE","potentialAction":[{"@type":"ReadAction","target":["https:\/\/www.apnet.com\/se\/live-casino\/"]}]},{"@type":"BreadcrumbList","@id":"https:\/\/www.apnet.com\/se\/live-casino\/#breadcrumb","itemListElement":[{"@type":"ListItem","position":1,"name":"Startsida","item":"https:\/\/www.apnet.com\/se\/"},{"@type":"ListItem","position":2,"name":"Live casino"}]},{"@type":"WebSite","@id":"https:\/\/www.apnet.com\/se\/#website","url":"https:\/\/www.apnet.com\/se\/","name":"Apnet","description":"","potentialAction":[{"@type":"SearchAction","target":{"@type":"EntryPoint","urlTemplate":"https:\/\/www.apnet.com\/se\/?s={search_term_string}"},"query-input":"required name=search_term_string"}],"inLanguage":"sv-SE"}]}},"_links":{"self":[{"href":"https:\/\/www.apnet.com\/se\/wp-json\/wp\/v2\/pages\/10"}],"collection":[{"href":"https:\/\/www.apnet.com\/se\/wp-json\/wp\/v2\/pages"}],"about":[{"href":"https:\/\/www.apnet.com\/se\/wp-json\/wp\/v2\/types\/page"}],"author":[{"embeddable":true,"href":"https:\/\/www.apnet.com\/se\/wp-json\/wp\/v2\/users\/2"}],"replies":[{"embeddable":true,"href":"https:\/\/www.apnet.com\/se\/wp-json\/wp\/v2\/comments?post=10"}],"version-history":[{"count":3,"href":"https:\/\/www.apnet.com\/se\/wp-json\/wp\/v2\/pages\/10\/revisions"}],"predecessor-version":[{"id":341,"href":"https:\/\/www.apnet.com\/se\/wp-json\/wp\/v2\/pages\/10\/revisions\/341"}],"wp:attachment":[{"href":"https:\/\/www.apnet.com\/se\/wp-json\/wp\/v2\/media?parent=10"}],"curies":[{"name":"wp","href":"https:\/\/api.w.org\/{rel}","templated":true}]}}