{"id":12,"date":"2016-04-14T10:49:36","date_gmt":"2016-04-14T10:49:36","guid":{"rendered":"\/\/www.apnet.com\/?page_id=12"},"modified":"2016-04-19T15:02:17","modified_gmt":"2016-04-19T15:02:17","slug":"om-oss","status":"publish","type":"page","link":"https:\/\/www.apnet.com\/se\/om-oss\/","title":{"rendered":"Om oss"},"content":{"rendered":"<p>Vi \u00e4r ett team casinofantaster med \u00f6ver 12 \u00e5rs erfarenhet inom casino och dobbel, flera av oss har jobbat f\u00f6r casinon men nu valt att g\u00f6ra apnet.com\u00a0till Sveriges b\u00e4sta casinoguide. Vi vet vikten av att spela p\u00e5 de b\u00e4sta casinona! S\u00e4kerheten och bonusar \u00e4r tv\u00e5 viktiga faktorer och vi lovar er att vi gjort v\u00e5rt yttersta f\u00f6r att endast erbjuda er \u00e4rliga spelbolag i v\u00e5r guide.<\/p>\n<p>Vi \u00e4r tillg\u00e4ngliga dygnet runt om det skulle finnas n\u00e5gra fr\u00e5gor eller annat. Emellan\u00e5t \u00e4r det m\u00e5nga som h\u00f6r av sig men vi str\u00e4var efter att svara er inom 24 timmar.<\/p>\n","protected":false},"excerpt":{"rendered":"<p>Vi \u00e4r ett team casinofantaster med \u00f6ver 12 \u00e5rs erfarenhet inom casino och dobbel, flera av oss har jobbat f\u00f6r casinon men nu valt att g\u00f6ra apnet.com\u00a0till Sveriges b\u00e4sta casinoguide. Vi vet vikten av att spela p\u00e5 de b\u00e4sta casinona! S\u00e4kerheten och bonusar \u00e4r tv\u00e5 viktiga faktorer och vi lovar er att vi gjort v\u00e5rt [&hellip;]<\/p>\n","protected":false},"author":2,"featured_media":0,"parent":0,"menu_order":0,"comment_status":"closed","ping_status":"closed","template":"","meta":[],"acf":[],"yoast_head":"<!-- This site is optimized with the Yoast SEO plugin v20.4 - https:\/\/yoast.com\/wordpress\/plugins\/seo\/ -->\n<title>Om oss - Apnet<\/title>\n<meta name=\"robots\" content=\"index, follow, max-snippet:-1, max-image-preview:large, max-video-preview:-1\" \/>\n<link rel=\"canonical\" href=\"https:\/\/www.apnet.com\/se\/om-oss\/\" \/>\n<meta property=\"og:locale\" content=\"sv_SE\" \/>\n<meta property=\"og:type\" content=\"article\" \/>\n<meta property=\"og:title\" content=\"Om oss - Apnet\" \/>\n<meta property=\"og:description\" content=\"Vi \u00e4r ett team casinofantaster med \u00f6ver 12 \u00e5rs erfarenhet inom casino och dobbel, flera av oss har jobbat f\u00f6r casinon men nu valt att g\u00f6ra apnet.com\u00a0till Sveriges b\u00e4sta casinoguide. Vi vet vikten av att spela p\u00e5 de b\u00e4sta casinona! S\u00e4kerheten och bonusar \u00e4r tv\u00e5 viktiga faktorer och vi lovar er att vi gjort v\u00e5rt [&hellip;]\" \/>\n<meta property=\"og:url\" content=\"https:\/\/www.apnet.com\/se\/om-oss\/\" \/>\n<meta property=\"og:site_name\" content=\"Apnet\" \/>\n<meta property=\"article:modified_time\" content=\"2016-04-19T15:02:17+00:00\" \/>\n<meta name=\"twitter:card\" content=\"summary_large_image\" \/>\n<meta name=\"twitter:label1\" content=\"Ber\u00e4knad l\u00e4stid\" \/>\n\t<meta name=\"twitter:data1\" content=\"1 minut\" \/>\n<script type=\"application\/ld+json\" class=\"yoast-schema-graph\">{\"@context\":\"https:\/\/schema.org\",\"@graph\":[{\"@type\":\"WebPage\",\"@id\":\"https:\/\/www.apnet.com\/se\/om-oss\/\",\"url\":\"https:\/\/www.apnet.com\/se\/om-oss\/\",\"name\":\"Om oss - Apnet\",\"isPartOf\":{\"@id\":\"https:\/\/www.apnet.com\/se\/#website\"},\"datePublished\":\"2016-04-14T10:49:36+00:00\",\"dateModified\":\"2016-04-19T15:02:17+00:00\",\"breadcrumb\":{\"@id\":\"https:\/\/www.apnet.com\/se\/om-oss\/#breadcrumb\"},\"inLanguage\":\"sv-SE\",\"potentialAction\":[{\"@type\":\"ReadAction\",\"target\":[\"https:\/\/www.apnet.com\/se\/om-oss\/\"]}]},{\"@type\":\"BreadcrumbList\",\"@id\":\"https:\/\/www.apnet.com\/se\/om-oss\/#breadcrumb\",\"itemListElement\":[{\"@type\":\"ListItem\",\"position\":1,\"name\":\"Startsida\",\"item\":\"https:\/\/www.apnet.com\/se\/\"},{\"@type\":\"ListItem\",\"position\":2,\"name\":\"Om oss\"}]},{\"@type\":\"WebSite\",\"@id\":\"https:\/\/www.apnet.com\/se\/#website\",\"url\":\"https:\/\/www.apnet.com\/se\/\",\"name\":\"Apnet\",\"description\":\"\",\"potentialAction\":[{\"@type\":\"SearchAction\",\"target\":{\"@type\":\"EntryPoint\",\"urlTemplate\":\"https:\/\/www.apnet.com\/se\/?s={search_term_string}\"},\"query-input\":\"required name=search_term_string\"}],\"inLanguage\":\"sv-SE\"}]}<\/script>\n<!-- \/ Yoast SEO plugin. -->","yoast_head_json":{"title":"Om oss - Apnet","robots":{"index":"index","follow":"follow","max-snippet":"max-snippet:-1","max-image-preview":"max-image-preview:large","max-video-preview":"max-video-preview:-1"},"canonical":"https:\/\/www.apnet.com\/se\/om-oss\/","og_locale":"sv_SE","og_type":"article","og_title":"Om oss - Apnet","og_description":"Vi \u00e4r ett team casinofantaster med \u00f6ver 12 \u00e5rs erfarenhet inom casino och dobbel, flera av oss har jobbat f\u00f6r casinon men nu valt att g\u00f6ra apnet.com\u00a0till Sveriges b\u00e4sta casinoguide. Vi vet vikten av att spela p\u00e5 de b\u00e4sta casinona! S\u00e4kerheten och bonusar \u00e4r tv\u00e5 viktiga faktorer och vi lovar er att vi gjort v\u00e5rt [&hellip;]","og_url":"https:\/\/www.apnet.com\/se\/om-oss\/","og_site_name":"Apnet","article_modified_time":"2016-04-19T15:02:17+00:00","twitter_card":"summary_large_image","twitter_misc":{"Ber\u00e4knad l\u00e4stid":"1 minut"},"schema":{"@context":"https:\/\/schema.org","@graph":[{"@type":"WebPage","@id":"https:\/\/www.apnet.com\/se\/om-oss\/","url":"https:\/\/www.apnet.com\/se\/om-oss\/","name":"Om oss - Apnet","isPartOf":{"@id":"https:\/\/www.apnet.com\/se\/#website"},"datePublished":"2016-04-14T10:49:36+00:00","dateModified":"2016-04-19T15:02:17+00:00","breadcrumb":{"@id":"https:\/\/www.apnet.com\/se\/om-oss\/#breadcrumb"},"inLanguage":"sv-SE","potentialAction":[{"@type":"ReadAction","target":["https:\/\/www.apnet.com\/se\/om-oss\/"]}]},{"@type":"BreadcrumbList","@id":"https:\/\/www.apnet.com\/se\/om-oss\/#breadcrumb","itemListElement":[{"@type":"ListItem","position":1,"name":"Startsida","item":"https:\/\/www.apnet.com\/se\/"},{"@type":"ListItem","position":2,"name":"Om oss"}]},{"@type":"WebSite","@id":"https:\/\/www.apnet.com\/se\/#website","url":"https:\/\/www.apnet.com\/se\/","name":"Apnet","description":"","potentialAction":[{"@type":"SearchAction","target":{"@type":"EntryPoint","urlTemplate":"https:\/\/www.apnet.com\/se\/?s={search_term_string}"},"query-input":"required name=search_term_string"}],"inLanguage":"sv-SE"}]}},"_links":{"self":[{"href":"https:\/\/www.apnet.com\/se\/wp-json\/wp\/v2\/pages\/12"}],"collection":[{"href":"https:\/\/www.apnet.com\/se\/wp-json\/wp\/v2\/pages"}],"about":[{"href":"https:\/\/www.apnet.com\/se\/wp-json\/wp\/v2\/types\/page"}],"author":[{"embeddable":true,"href":"https:\/\/www.apnet.com\/se\/wp-json\/wp\/v2\/users\/2"}],"replies":[{"embeddable":true,"href":"https:\/\/www.apnet.com\/se\/wp-json\/wp\/v2\/comments?post=12"}],"version-history":[{"count":1,"href":"https:\/\/www.apnet.com\/se\/wp-json\/wp\/v2\/pages\/12\/revisions"}],"predecessor-version":[{"id":13,"href":"https:\/\/www.apnet.com\/se\/wp-json\/wp\/v2\/pages\/12\/revisions\/13"}],"wp:attachment":[{"href":"https:\/\/www.apnet.com\/se\/wp-json\/wp\/v2\/media?parent=12"}],"curies":[{"name":"wp","href":"https:\/\/api.w.org\/{rel}","templated":true}]}}