{"id":14,"date":"2016-04-14T10:50:03","date_gmt":"2016-04-14T10:50:03","guid":{"rendered":"\/\/www.apnet.com\/?page_id=14"},"modified":"2017-02-06T11:02:48","modified_gmt":"2017-02-06T11:02:48","slug":"roulette","status":"publish","type":"page","link":"https:\/\/www.apnet.com\/se\/roulette\/","title":{"rendered":"Roulette"},"content":{"rendered":"<p>Roulette eller rulett som det ibland heter p\u00e5 svenska \u00e4r en klassiker som m\u00e5nga tycker \u00e4r roligt, det \u00e4r ett relativt snabbt och sp\u00e4nningen \u00e4r h\u00f6g. Spelet \u00e4r uppbyggt av en spelplan d\u00e4r man kan satsa spelmarker p\u00e5 nummer mellan 0 och 36, att spela p\u00e5 ett enskilt nummer \u00e4r det sv\u00e5raste spelet men ger ocks\u00e5 st\u00f6rst vinst. Det mest klassiska bet som g\u00f6rs p\u00e5 roulette \u00e4r att spela p\u00e5 r\u00f6tt eller svart. Bland \u00f6vriga spel som b\u00f6r n\u00e4mnas \u00e4r j\u00e4mna eller oj\u00e4mna siffror, 1-12, 13-24, 25-36, 1-18, och 19-36.<\/p>\n\n<ol class=\"uk-list uk-list-striped in-pages\">\n\n\n    <li>\n\n        \n            \n                <div class=\"uk-grid\">\n<div class=\"uk-width-1-2 uk-width-small-1-3 uk-width-medium-1-4 uk-width-large-2-10\">\n        <img decoding=\"async\" src=\"\/\/www.apnet.com\/se\/wp-content\/uploads\/2016\/04\/SK_max.jpg\" alt=\"SverigeKronan\">\n    <\/div>\n<div class=\"uk-width-1-2 uk-width-small-2-3 uk-width-medium-2-4 uk-width-large-5-10\">\n<h2>\n            SverigeKronan<br \/>\n        <\/h2>\n<div class=\"stars\">\n            <i class=\"uk-icon-star\"><\/i><i class=\"uk-icon-star\"><\/i><i class=\"uk-icon-star\"><\/i><i class=\"uk-icon-star\"><\/i><i class=\"uk-icon-star\"><\/i>\n        <\/div>\n<p class=\"casinoDescription\">\n            410 Gratisspinn + <strong>7500kr i Bonus<\/strong>\n        <\/p>\n<\/p><\/div>\n<div class=\"uk-width-medium-1-4 uk-width-large-3-10 uk-text-right\">\n<p>\n            <a href=\"\/\/www.apnet.com\/se\/SverigeKronanR-link\" class=\"uk-button uk-button-primary play\" rel=\"nofollow\" target=\"_blank\">Spela Nu<\/a>\n        <\/p>\n<p>\n            <a href=\"\/\/www.apnet.com\/se\/recensioner\/sverigekronan\/\" class=\"uk-button moreinfo\">L\u00e4s recension<\/a>\n        <\/p>\n<\/p><\/div>\n<\/div>\n\n            \n        \n    <\/li>\n\n\n    <li>\n\n        \n            \n                <div class=\"uk-grid\">\n<div class=\"uk-width-1-2 uk-width-small-1-3 uk-width-medium-1-4 uk-width-large-2-10\">\n        <img decoding=\"async\" src=\"\/\/www.apnet.com\/se\/wp-content\/uploads\/2016\/04\/Casinoland_max.png\" alt=\"Casinoland\">\n    <\/div>\n<div class=\"uk-width-1-2 uk-width-small-2-3 uk-width-medium-2-4 uk-width-large-5-10\">\n<h2>\n            Casinoland<br \/>\n        <\/h2>\n<div class=\"stars\">\n            <i class=\"uk-icon-star\"><\/i><i class=\"uk-icon-star\"><\/i><i class=\"uk-icon-star\"><\/i><i class=\"uk-icon-star\"><\/i><i class=\"uk-icon-star-half-o\"><\/i>\n        <\/div>\n<p class=\"casinoDescription\">\n            <strong>8000 kr bonus<\/strong> + 30 free spins p\u00e5 Guns N Roses efter ins\u00e4ttning\n        <\/p>\n<\/p><\/div>\n<div class=\"uk-width-medium-1-4 uk-width-large-3-10 uk-text-right\">\n<p>\n            <a href=\"\/\/www.apnet.com\/se\/CasinoLandR-link\" class=\"uk-button uk-button-primary play\" rel=\"nofollow\" target=\"_blank\">Spela Nu<\/a>\n        <\/p>\n<p>\n            <a href=\"\/\/www.apnet.com\/se\/recensioner\/casinoland\/\" class=\"uk-button moreinfo\">L\u00e4s recension<\/a>\n        <\/p>\n<\/p><\/div>\n<\/div>\n\n            \n        \n    <\/li>\n\n\n    <li>\n\n        \n            \n                <div class=\"uk-grid\">\n<div class=\"uk-width-1-2 uk-width-small-1-3 uk-width-medium-1-4 uk-width-large-2-10\">\n        <img decoding=\"async\" src=\"\/\/www.apnet.com\/se\/wp-content\/uploads\/2016\/04\/cherry_casino_max.jpg\" alt=\"Cherry Casino\">\n    <\/div>\n<div class=\"uk-width-1-2 uk-width-small-2-3 uk-width-medium-2-4 uk-width-large-5-10\">\n<h2>\n            Cherry Casino<br \/>\n        <\/h2>\n<div class=\"stars\">\n            <i class=\"uk-icon-star\"><\/i><i class=\"uk-icon-star\"><\/i><i class=\"uk-icon-star\"><\/i><i class=\"uk-icon-star\"><\/i><i class=\"uk-icon-star-o\"><\/i>\n        <\/div>\n<p class=\"casinoDescription\">\n            <strong>6000kr i bonus<\/strong> eller tredubbla dina 3 f\u00f6rsta ins\u00e4ttningar och f\u00e5 75 gratissnurr\n        <\/p>\n<\/p><\/div>\n<div class=\"uk-width-medium-1-4 uk-width-large-3-10 uk-text-right\">\n<p>\n            <a href=\"\/\/www.apnet.com\/se\/CherryCasinoR-link\" class=\"uk-button uk-button-primary play\" rel=\"nofollow\" target=\"_blank\">Spela Nu<\/a>\n        <\/p>\n<p>\n            <a href=\"\/\/www.apnet.com\/se\/recensioner\/cherrycasino\/\" class=\"uk-button moreinfo\">L\u00e4s recension<\/a>\n        <\/p>\n<\/p><\/div>\n<\/div>\n\n            \n        \n    <\/li>\n\n\n<\/ol>\n\n<p>Vad som v\u00e4ljer vilket som \u00e4r det vinnande numret \u00e4r ett roterande spelhjul med samma siffror som p\u00e5 spelbordet, en kula kastas i motriktning mot h\u00e5llet som hjulet snurrar. Kulan stannar efter ett tag p\u00e5 ett av numren vilket d\u00e5 \u00e4r det vinnande numret.<\/p>\n<p>Sedan 1800-talet har det spelats roulette p\u00e5 casinon, salonger, och i folkhem. Roulette \u00e4r ett simpelt spel som \u00e4r enkelt att f\u00f6rst\u00e5 sig p\u00e5. Roulette uppfanns av fransm\u00e4n och namnet betyder faktiskt \u201dlitet hjul\u201d p\u00e5 franska.<\/p>\n<p><img decoding=\"async\" loading=\"lazy\" class=\"aligncenter size-full wp-image-327\" src=\"https:\/\/www.apnet.com\/se\/wp-content\/uploads\/2016\/04\/roulette-sverige-casinon.jpg\" alt=\"roulette sverige casinon\" width=\"900\" height=\"506\" srcset=\"https:\/\/www.apnet.com\/se\/wp-content\/uploads\/2016\/04\/roulette-sverige-casinon.jpg 900w, https:\/\/www.apnet.com\/se\/wp-content\/uploads\/2016\/04\/roulette-sverige-casinon-300x169.jpg 300w, https:\/\/www.apnet.com\/se\/wp-content\/uploads\/2016\/04\/roulette-sverige-casinon-768x432.jpg 768w\" sizes=\"(max-width: 900px) 100vw, 900px\" \/><\/p>\n<p>De tv\u00e5 mest popul\u00e4ra varianterna av roulette \u00e4r amerikansk roulette och europeisk roulette, den senare kallas ibland f\u00f6r fransk roulette och \u00e4r originalet. Vi rekommenderar att ni alltid spelar den europeiska varianten av roulette d\u00e5 oddsen att vinna \u00e4r n\u00e5got b\u00e4ttre, huset har 2.7% b\u00e4tre chans \u00e4n spelaren att vinna i j\u00e4mf\u00f6relse med 5.26% i den amerikanska varianten. Skillnaderna mellan de tv\u00e5 varianterna \u00e4r ytterst liten, men \u00e4nd\u00e5 viktig att k\u00e4nna till. Amerikanske roulette har en extra siffra som man kan betta p\u00e5, dubbel nollan (00). Det betyder att europeisk roulette har 37 nummer och amerikansk roulette 38 nmmer, den extra siffran g\u00f6r att husets odds f\u00f6rb\u00e4ttras gentemot spelarens.<\/p>\n<p>En del tror sig kunna vinna med hj\u00e4lp av speciella roulette strategier, till exempel spelsystemet Martingal. Detta system handlar om att alltid satsa samma insats som tidigare vid vinst, och att alltid dubbla insatsen efter f\u00f6rlust. I teorin s\u00e5 borde det fungera men i praktiken s\u00e5 har ofta casinot maxgr\u00e4ns f\u00f6r bet vilket g\u00f6r att du f\u00f6rlorat om du n\u00e5r den gr\u00e4nsen.<\/p>\n<p>De flesta spelsajterna erbjuder flera olika alternativ f\u00f6r roulette spel med bra odds. Vinstutdelningen f\u00f6r roulette \u00e4r ofta densamma hos online casinon som landbaserade alternativ. Sist men inte minst, om du \u00e4r skrockfull av dig s\u00e5 kanske inte roulette \u00e4r spelet som du b\u00f6r v\u00e4lja. Om spelets alla nummer adderas, det vill s\u00e4ga 0 till 36, s\u00e5 f\u00e5r man summan 666.<\/p>\n","protected":false},"excerpt":{"rendered":"<p>Roulette eller rulett som det ibland heter p\u00e5 svenska \u00e4r en klassiker som m\u00e5nga tycker \u00e4r roligt, det \u00e4r ett relativt snabbt och sp\u00e4nningen \u00e4r h\u00f6g. Spelet \u00e4r uppbyggt av en spelplan d\u00e4r man kan satsa spelmarker p\u00e5 nummer mellan 0 och 36, att spela p\u00e5 ett enskilt nummer \u00e4r det sv\u00e5raste spelet men ger [&hellip;]<\/p>\n","protected":false},"author":3,"featured_media":0,"parent":0,"menu_order":0,"comment_status":"closed","ping_status":"closed","template":"","meta":[],"acf":[],"yoast_head":"<!-- This site is optimized with the Yoast SEO plugin v20.4 - https:\/\/yoast.com\/wordpress\/plugins\/seo\/ -->\n<title>Roulette - Apnet<\/title>\n<meta name=\"robots\" content=\"index, follow, max-snippet:-1, max-image-preview:large, max-video-preview:-1\" \/>\n<link rel=\"canonical\" href=\"https:\/\/www.apnet.com\/se\/roulette\/\" \/>\n<meta property=\"og:locale\" content=\"sv_SE\" \/>\n<meta property=\"og:type\" content=\"article\" \/>\n<meta property=\"og:title\" content=\"Roulette - Apnet\" \/>\n<meta property=\"og:description\" content=\"Roulette eller rulett som det ibland heter p\u00e5 svenska \u00e4r en klassiker som m\u00e5nga tycker \u00e4r roligt, det \u00e4r ett relativt snabbt och sp\u00e4nningen \u00e4r h\u00f6g. Spelet \u00e4r uppbyggt av en spelplan d\u00e4r man kan satsa spelmarker p\u00e5 nummer mellan 0 och 36, att spela p\u00e5 ett enskilt nummer \u00e4r det sv\u00e5raste spelet men ger [&hellip;]\" \/>\n<meta property=\"og:url\" content=\"https:\/\/www.apnet.com\/se\/roulette\/\" \/>\n<meta property=\"og:site_name\" content=\"Apnet\" \/>\n<meta property=\"article:modified_time\" content=\"2017-02-06T11:02:48+00:00\" \/>\n<meta property=\"og:image\" content=\"https:\/\/www.apnet.com\/se\/wp-content\/uploads\/2016\/04\/roulette-sverige-casinon.jpg\" \/>\n<meta name=\"twitter:card\" content=\"summary_large_image\" \/>\n<meta name=\"twitter:label1\" content=\"Ber\u00e4knad l\u00e4stid\" \/>\n\t<meta name=\"twitter:data1\" content=\"2 minuter\" \/>\n<script type=\"application\/ld+json\" class=\"yoast-schema-graph\">{\"@context\":\"https:\/\/schema.org\",\"@graph\":[{\"@type\":\"WebPage\",\"@id\":\"https:\/\/www.apnet.com\/se\/roulette\/\",\"url\":\"https:\/\/www.apnet.com\/se\/roulette\/\",\"name\":\"Roulette - Apnet\",\"isPartOf\":{\"@id\":\"https:\/\/www.apnet.com\/se\/#website\"},\"datePublished\":\"2016-04-14T10:50:03+00:00\",\"dateModified\":\"2017-02-06T11:02:48+00:00\",\"breadcrumb\":{\"@id\":\"https:\/\/www.apnet.com\/se\/roulette\/#breadcrumb\"},\"inLanguage\":\"sv-SE\",\"potentialAction\":[{\"@type\":\"ReadAction\",\"target\":[\"https:\/\/www.apnet.com\/se\/roulette\/\"]}]},{\"@type\":\"BreadcrumbList\",\"@id\":\"https:\/\/www.apnet.com\/se\/roulette\/#breadcrumb\",\"itemListElement\":[{\"@type\":\"ListItem\",\"position\":1,\"name\":\"Startsida\",\"item\":\"https:\/\/www.apnet.com\/se\/\"},{\"@type\":\"ListItem\",\"position\":2,\"name\":\"Roulette\"}]},{\"@type\":\"WebSite\",\"@id\":\"https:\/\/www.apnet.com\/se\/#website\",\"url\":\"https:\/\/www.apnet.com\/se\/\",\"name\":\"Apnet\",\"description\":\"\",\"potentialAction\":[{\"@type\":\"SearchAction\",\"target\":{\"@type\":\"EntryPoint\",\"urlTemplate\":\"https:\/\/www.apnet.com\/se\/?s={search_term_string}\"},\"query-input\":\"required name=search_term_string\"}],\"inLanguage\":\"sv-SE\"}]}<\/script>\n<!-- \/ Yoast SEO plugin. -->","yoast_head_json":{"title":"Roulette - Apnet","robots":{"index":"index","follow":"follow","max-snippet":"max-snippet:-1","max-image-preview":"max-image-preview:large","max-video-preview":"max-video-preview:-1"},"canonical":"https:\/\/www.apnet.com\/se\/roulette\/","og_locale":"sv_SE","og_type":"article","og_title":"Roulette - Apnet","og_description":"Roulette eller rulett som det ibland heter p\u00e5 svenska \u00e4r en klassiker som m\u00e5nga tycker \u00e4r roligt, det \u00e4r ett relativt snabbt och sp\u00e4nningen \u00e4r h\u00f6g. Spelet \u00e4r uppbyggt av en spelplan d\u00e4r man kan satsa spelmarker p\u00e5 nummer mellan 0 och 36, att spela p\u00e5 ett enskilt nummer \u00e4r det sv\u00e5raste spelet men ger [&hellip;]","og_url":"https:\/\/www.apnet.com\/se\/roulette\/","og_site_name":"Apnet","article_modified_time":"2017-02-06T11:02:48+00:00","og_image":[{"url":"https:\/\/www.apnet.com\/se\/wp-content\/uploads\/2016\/04\/roulette-sverige-casinon.jpg"}],"twitter_card":"summary_large_image","twitter_misc":{"Ber\u00e4knad l\u00e4stid":"2 minuter"},"schema":{"@context":"https:\/\/schema.org","@graph":[{"@type":"WebPage","@id":"https:\/\/www.apnet.com\/se\/roulette\/","url":"https:\/\/www.apnet.com\/se\/roulette\/","name":"Roulette - Apnet","isPartOf":{"@id":"https:\/\/www.apnet.com\/se\/#website"},"datePublished":"2016-04-14T10:50:03+00:00","dateModified":"2017-02-06T11:02:48+00:00","breadcrumb":{"@id":"https:\/\/www.apnet.com\/se\/roulette\/#breadcrumb"},"inLanguage":"sv-SE","potentialAction":[{"@type":"ReadAction","target":["https:\/\/www.apnet.com\/se\/roulette\/"]}]},{"@type":"BreadcrumbList","@id":"https:\/\/www.apnet.com\/se\/roulette\/#breadcrumb","itemListElement":[{"@type":"ListItem","position":1,"name":"Startsida","item":"https:\/\/www.apnet.com\/se\/"},{"@type":"ListItem","position":2,"name":"Roulette"}]},{"@type":"WebSite","@id":"https:\/\/www.apnet.com\/se\/#website","url":"https:\/\/www.apnet.com\/se\/","name":"Apnet","description":"","potentialAction":[{"@type":"SearchAction","target":{"@type":"EntryPoint","urlTemplate":"https:\/\/www.apnet.com\/se\/?s={search_term_string}"},"query-input":"required name=search_term_string"}],"inLanguage":"sv-SE"}]}},"_links":{"self":[{"href":"https:\/\/www.apnet.com\/se\/wp-json\/wp\/v2\/pages\/14"}],"collection":[{"href":"https:\/\/www.apnet.com\/se\/wp-json\/wp\/v2\/pages"}],"about":[{"href":"https:\/\/www.apnet.com\/se\/wp-json\/wp\/v2\/types\/page"}],"author":[{"embeddable":true,"href":"https:\/\/www.apnet.com\/se\/wp-json\/wp\/v2\/users\/3"}],"replies":[{"embeddable":true,"href":"https:\/\/www.apnet.com\/se\/wp-json\/wp\/v2\/comments?post=14"}],"version-history":[{"count":5,"href":"https:\/\/www.apnet.com\/se\/wp-json\/wp\/v2\/pages\/14\/revisions"}],"predecessor-version":[{"id":422,"href":"https:\/\/www.apnet.com\/se\/wp-json\/wp\/v2\/pages\/14\/revisions\/422"}],"wp:attachment":[{"href":"https:\/\/www.apnet.com\/se\/wp-json\/wp\/v2\/media?parent=14"}],"curies":[{"name":"wp","href":"https:\/\/api.w.org\/{rel}","templated":true}]}}