{"id":16,"date":"2016-04-14T10:50:25","date_gmt":"2016-04-14T10:50:25","guid":{"rendered":"\/\/www.apnet.com\/?page_id=16"},"modified":"2026-01-14T11:09:26","modified_gmt":"2026-01-14T11:09:26","slug":"spelautomater-och-slots","status":"publish","type":"page","link":"https:\/\/www.apnet.com\/se\/spelautomater-och-slots\/","title":{"rendered":"Spelautomater och slots"},"content":{"rendered":"\n<p>\n<div data-uk-slideset=\"{default: 1}\">\n\n    \n    <div class=\"uk-slidenav-position uk-margin\">\n\n        <ul class=\"uk-slideset uk-grid uk-grid-match uk-flex-center uk-grid-width-1-1\">\n        \n            <li>\n\n                <div class=\"uk-panel uk-text-center\">\n\n                    \n                    \n                                        <div class=\"uk-text-center uk-panel-teaser\"><div class=\"uk-overlay uk-overlay-hover \"><img src=\"https:\/\/www.apnet.com\/se\/wp-content\/uploads\/2018\/08\/Glitnor-Holding-Ltd-koper-populara-LuckyCasino.jpg\" class=\" uk-overlay-scale\" alt=\"Glitnor Holding Ltd k\u00f6per popul\u00e4ra LuckyCasino\"><div class=\"uk-overlay-panel uk-overlay-background uk-overlay-icon uk-overlay-fade\"><\/div><a class=\"uk-position-cover\" href=\"https:\/\/www.apnet.com\/se\/glitnor-holding-ltd-koper-populara-luckycasino\/\"><\/a><\/div><\/div>\n                    \n                                        <h3 class=\"uk-panel-title\">\n\n                                                    <a class=\"uk-link-reset\" href=\"https:\/\/www.apnet.com\/se\/glitnor-holding-ltd-koper-populara-luckycasino\/\">Glitnor Holding Ltd k\u00f6per popul\u00e4ra LuckyCasino<\/a>\n                        \n                        \n                    <\/h3>\n                    \n                    \n                                        <div class=\"uk-margin\">Det nystartade bolaget Glitnor Group, som i stor utstr\u00e4ckning fokuserar p\u00e5 uppk\u00f6p och vidareutveckling av lukrativa iGaming- och bettingbolag, har nu k\u00f6pt LuckyCasino av Viral Interactive, vars moderbolag Fortuity Holdings nyligen bekr\u00e4ftade k\u00f6pet. Bekom Glitnor Group finner vi m\u00e5nga personer med gedigen erfarenhet av branschen, d\u00e4ribland Johan K\u00f6nigslehner som fr\u00e4mst gjort sig k\u00e4nd som tidigare VD f\u00f6r Vera&amp;John Casino.\r\n\r\nI och med uppk\u00f6pet av LuckyCasino f\u00e5r de en unik position p\u00e5 den st\u00e4ndigt v\u00e4xande spel- och kasinomarknaden. Med s\u00e4rskild fokus p\u00e5 Sverige kommer de att satsa stort i och med avregleringen som inleds i och med b\u00f6rjan av 2019. Vilka summor som k\u00f6pet handlar om har \u00e4nnu inte publicerats, men rimligtvis har det att g\u00f6ra med betydande belopp, d\u00e5 LuckyCasino \u00e4r en etablerad och eftertraktad akt\u00f6r.<\/div>\n                    \n                    \n                                        <p><a class=\"uk-button\" href=\"https:\/\/www.apnet.com\/se\/glitnor-holding-ltd-koper-populara-luckycasino\/\">Read more<\/a><\/p>\n                    \n                <\/div>\n\n            <\/li>\n\n        \n            <li>\n\n                <div class=\"uk-panel uk-text-center\">\n\n                    \n                    \n                    \n                                        <h3 class=\"uk-panel-title\">\n\n                                                    <a class=\"uk-link-reset\" href=\"https:\/\/www.apnet.com\/se\/casino-cosmopol-landbaserade-casinon-i-sverige\/\">Casino Cosmopol \u2013 Landbaserade casinon i Sverige<\/a>\n                        \n                        \n                    <\/h3>\n                    \n                    \n                                        <div class=\"uk-margin\"><p>Casino Cosmopol \u00e4r det enda alternativet om man vill testa lyckan p\u00e5 ett landbaserat casino i Sverige, svenska casinon \u00e4r fortfarande v\u00e4ldigt limiterat om man inte bor i en av de fyra st\u00e4derna som erbjuder detta. Dessa fyra casinon i Sundsvall, Stockholm, G\u00f6teborg och Malm\u00f6, drivs och \u00e4gs av staten och \u00e4r ett svenskt spelmonopol. Ett monopol betyder att det inte finns n\u00e5gon konkurrens, vilket s\u00e5klart \u00a0inte alltid \u00e4r det b\u00e4sta alternativet. Monopolet \u00e4r inte helt lyckat vilket \u00e4r bra, Sveriges landbaserade casinon har faktiskt konkurrens fr\u00e5n alla de spelbolag som k\u00f6r casino verksamhet\u00a0 p\u00e5 n\u00e4tet och i mobilen. Online casino \u00e4r ett v\u00e4ldigt bra alternativ d\u00e4r man kan spela live mot riktiga dealers (croupierer), spelautomater, och allt annat roligt som finns hos landbaserade casinon.<\/p>\n<p><img decoding=\"async\" loading=\"lazy\" class=\"aligncenter size-full wp-image-349\" src=\"https:\/\/www.apnet.com\/se\/wp-content\/uploads\/2016\/09\/playing-roulette.jpg\" alt=\"playing roulette\" width=\"1000\" height=\"667\" srcset=\"https:\/\/www.apnet.com\/se\/wp-content\/uploads\/2016\/09\/playing-roulette.jpg 1000w, https:\/\/www.apnet.com\/se\/wp-content\/uploads\/2016\/09\/playing-roulette-300x200.jpg 300w, https:\/\/www.apnet.com\/se\/wp-content\/uploads\/2016\/09\/playing-roulette-768x512.jpg 768w\" sizes=\"(max-width: 1000px) 100vw, 1000px\" \/><\/p>\n<p>Casino Cosmopol har idag inga planer p\u00e5 att \u00f6ppna upp flera casinon, dock fanns f\u00f6rst planer p\u00e5 att \u00f6ppna 6 casinon men efter de 4 f\u00f6rsta hade \u00f6ppnat s\u00e5 tyckte man att det fick vara nog. I j\u00e4mf\u00f6relse med Casino Kosmopol s\u00e5 \u00f6ppnar nya online casinon varje m\u00e5nad, de allra b\u00e4sta recensierar vi p\u00e5 v\u00e5r sida. Casino i Sverige v\u00e4xer i snabbt takt och det vore perfekt tajming att \u00f6ppna upp ett par landbaserade casinon ytterligare, till exempel i \u00d6rebro och Ume\u00e5.<\/p>\n<\/div>\n                    \n                    \n                                        <p><a class=\"uk-button\" href=\"https:\/\/www.apnet.com\/se\/casino-cosmopol-landbaserade-casinon-i-sverige\/\">Read more<\/a><\/p>\n                    \n                <\/div>\n\n            <\/li>\n\n                <\/ul>\n\n                <a href=\"#\" class=\"uk-slidenav  uk-slidenav-previous uk-hidden-touch\" data-uk-slideset-item=\"previous\"><\/a>\n        <a href=\"#\" class=\"uk-slidenav  uk-slidenav-next uk-hidden-touch\" data-uk-slideset-item=\"next\"><\/a>\n        \n    <\/div>\n\n    \n        <ul class=\"uk-slideset-nav uk-dotnav uk-flex-center uk-margin-bottom-remove\"><\/ul>\n    \n    \n<\/div>\nSpelautomater \u00e4r det mest spelade casinospelet online, det finns idag ca 2500 automater p\u00e5 n\u00e4tet och \u00f6ver 10 nya spel lanseras m\u00e5nadsvis. Spelautomater g\u00e5r under flera olika namn, bland annat slots och enarmade banditer s\u00e5 om vissa sajter anv\u00e4nder dessa namn s\u00e5 \u00e4r det allts\u00e5 samma sorts spel. Enarmade banditer \u00e4r ett v\u00e4ldigt okomplicerat spel, klicka p\u00e5 en knapp som oftast heter spin eller snurra f\u00f6r att s\u00e4tta ig\u00e5ng hjulen, v\u00e4nta n\u00e5gra sekunder tills alla hjul stannat f\u00f6r att se om du vann eller ej \u2013 upprepa samma procedur.<\/p>\n\n\n<ol class=\"uk-list uk-list-striped mp-table\"><li>\r\n<div class=\"uk-grid\"> \r\n\t<div class=\"uk-width-1-2 uk-width-small-1-3 uk-width-medium-1-4 uk-width-large-2-10\">\r\n        <img decoding=\"async\" src=\"https:\/\/www.apnet.com\/se\/wp-content\/uploads\/2026\/01\/videoslot-casino.png\" alt=\"Videoslots\">\r\n    <\/div> \r\n\t<div class=\"uk-width-1-2 uk-width-small-2-3 uk-width-medium-2-4 uk-width-large-5-10\">\r\n        <h2>\r\n            Videoslots\r\n        <\/h2>\r\n        <div class=\"stars\">\r\n            <i class=\"uk-icon-star\"><\/i><i class=\"uk-icon-star\"><\/i><i class=\"uk-icon-star\"><\/i><i class=\"uk-icon-star\"><\/i><i class=\"uk-icon-star\"><\/i>\r\n        <\/div>\r\n        <p class=\"casinoDescription\">\r\n            F\u00e5 11 oms\u00e4ttningsfria Freespins och en v\u00e4lkomstbonus p\u00e5 100% upp till 2000kr vid din f\u00f6rsta ins\u00e4ttning<\/strong>\r\n        <\/p>\r\n    <\/div>\r\n    <div class=\"uk-width-medium-1-4 uk-width-large-3-10 uk-text-right\">\r\n        <p>\r\n            <a href=\"\/se\/it-17683828740\" class=\"uk-button uk-button-primary play\" rel=\"nofollow\" target=\"_blank\">Spela Nu<\/a>\r\n        <\/p>\r\n    <\/div>\r\n<\/div>\r\n<\/li><li>\r\n<div class=\"uk-grid\"> \r\n\t<div class=\"uk-width-1-2 uk-width-small-1-3 uk-width-medium-1-4 uk-width-large-2-10\">\r\n        <img decoding=\"async\" src=\"https:\/\/www.apnet.com\/se\/wp-content\/uploads\/2026\/01\/Kunga-Slottet_logo.jpg.webp\" alt=\"Kungaslottet Casino\">\r\n    <\/div> \r\n\t<div class=\"uk-width-1-2 uk-width-small-2-3 uk-width-medium-2-4 uk-width-large-5-10\">\r\n        <h2>\r\n            Kungaslottet Casino\r\n        <\/h2>\r\n        <div class=\"stars\">\r\n            <i class=\"uk-icon-star\"><\/i><i class=\"uk-icon-star\"><\/i><i class=\"uk-icon-star\"><\/i><i class=\"uk-icon-star\"><\/i><i class=\"uk-icon-star\"><\/i>\r\n        <\/div>\r\n        <p class=\"casinoDescription\">\r\n            Hela 20 000Kr i V\u00e4lkomstbonus! + 150 Freespins vid din f\u00f6rsta ins\u00e4ttning!<\/strong>\r\n        <\/p>\r\n    <\/div>\r\n    <div class=\"uk-width-medium-1-4 uk-width-large-3-10 uk-text-right\">\r\n        <p>\r\n            <a href=\"\/se\/it-17683832380\" class=\"uk-button uk-button-primary play\" rel=\"nofollow\" target=\"_blank\">Spela Nu<\/a>\r\n        <\/p>\r\n    <\/div>\r\n<\/div>\r\n<\/li><li>\r\n<div class=\"uk-grid\"> \r\n\t<div class=\"uk-width-1-2 uk-width-small-1-3 uk-width-medium-1-4 uk-width-large-2-10\">\r\n        <img decoding=\"async\" src=\"https:\/\/www.apnet.com\/se\/wp-content\/uploads\/2026\/01\/Fastbet.png\" alt=\"Fastbet\">\r\n    <\/div> \r\n\t<div class=\"uk-width-1-2 uk-width-small-2-3 uk-width-medium-2-4 uk-width-large-5-10\">\r\n        <h2>\r\n            Fastbet\r\n        <\/h2>\r\n        <div class=\"stars\">\r\n            <i class=\"uk-icon-star\"><\/i><i class=\"uk-icon-star\"><\/i><i class=\"uk-icon-star\"><\/i><i class=\"uk-icon-star\"><\/i><i class=\"uk-icon-star\"><\/i>\r\n        <\/div>\r\n        <p class=\"casinoDescription\">\r\n            VI DUBBLAR DIN F\u00d6RSTA INS\u00c4TTNING UPP TILL 500 KR<\/strong>\r\n        <\/p>\r\n    <\/div>\r\n    <div class=\"uk-width-medium-1-4 uk-width-large-3-10 uk-text-right\">\r\n        <p>\r\n            <a href=\"\/se\/it-17683833450\" class=\"uk-button uk-button-primary play\" rel=\"nofollow\" target=\"_blank\">Spela Nu<\/a>\r\n        <\/p>\r\n    <\/div>\r\n<\/div>\r\n<\/li><\/ol>\n\n\n<p>Spelautomater kommer idag i ett flertal olika varianter, bland annat jackpottspel, video-slots, och klassiska banditer. Att spelautomater blivit s\u00e5 popul\u00e4rt beror f\u00f6rmodligen p\u00e5 att det finns s\u00e5 m\u00e5nga olika spel att v\u00e4lja p\u00e5, det finns n\u00e5got som passar alla. En annan faktor \u00e4r de magiska summorna som g\u00e5r att vinna, vissa jackpott spel p\u00e5 n\u00e4tet har gett ut \u00f6ver 50 miljoner i vinster. Klassiska banditer har det v\u00e4lk\u00e4nda utseendet med 7:or, BAR symboler, och k\u00f6rsb\u00e4rssymboler, oftast med 3 hjul. Video-slots (som egentligen \u00e4r en modern spelautomat) har 5 hjul och inkluderar sp\u00e4nnande sm\u00e5 videoklipp till exempel vid introt och n\u00e4r man vinner bonusspelet.<\/p>\n\n\n\n<p>Spelautomaterna som kan spelas hos de olika spelbolagen online tillhandah\u00e5lls av omkring 20 olika speltillverkare. De st\u00f6rsta av dessa spel-leverant\u00f6rer \u00e4r Net Entertainment (NetEnt), Microgaming, Play N\u2019 Go, Playtech, och NYX Gaming. Microgaming och NetEnt \u00e4r i en liga f\u00f6r sig sj\u00e4lva och de allra flesta spel som n\u00e5r stor framg\u00e5ng kommer fr\u00e5n dessa tv\u00e5 speltillverkare. Sverige \u00e4r i framkant vad g\u00e4ller spelutveckling och m\u00e5nga speltillverkare grundades av svenskar, bland annat NetEnt.<\/p>\n\n\n<div class=\"wp-block-image\">\n<figure class=\"aligncenter\"><img decoding=\"async\" loading=\"lazy\" width=\"1000\" height=\"741\" src=\"https:\/\/www.apnet.com\/se\/wp-content\/uploads\/2016\/04\/SPELAUTOMATER-OCH-SLOTS-sverige.jpg\" alt=\"SPELAUTOMATER OCH SLOTS sverige\" class=\"wp-image-330\" srcset=\"https:\/\/www.apnet.com\/se\/wp-content\/uploads\/2016\/04\/SPELAUTOMATER-OCH-SLOTS-sverige.jpg 1000w, https:\/\/www.apnet.com\/se\/wp-content\/uploads\/2016\/04\/SPELAUTOMATER-OCH-SLOTS-sverige-300x222.jpg 300w, https:\/\/www.apnet.com\/se\/wp-content\/uploads\/2016\/04\/SPELAUTOMATER-OCH-SLOTS-sverige-768x569.jpg 768w\" sizes=\"(max-width: 1000px) 100vw, 1000px\" \/><\/figure><\/div>\n\n\n<p>Microgaming ligger bakom bland annat Immortal Romance, Game of Thrones Online Slot, Terminator II Online Slot, Thunderstruck I och II, Avalon I och II, och ca 800 andra spel. NetEnt\u2019s popul\u00e4ra slots inkluderar Scarface, Starburst, Jack and the Beanstalk, Gonzo\u2019s Quest, och Twin Spin. Dessa tv\u00e5 leverant\u00f6rer erbjuder ocks\u00e5 de \u00f6verl\u00e4gset st\u00f6rsta jackpottarna vilket m\u00e5nga gillar att jaga, kolla in spelautomaterna Mega Moolah och Mega Fortune, dessa automater st\u00e5r f\u00f6r de absolut st\u00f6rsta vinsterna n\u00e5gonsin. P\u00e5 de olika casinosajterna brukar man kunna v\u00e4lja speltillverkare, att v\u00e4lja Microgaming och NetEnt rekommenderas starkt.<\/p>\n\n\n\n<p>Spelautomater best\u00e5r oftast av 5 hjul och ett varierande antal vinstlinjer, de flesta automaterna erbjuder roliga bonusfunktioner s\u00e5 som free spins, vildar, och andra lockande bonusspel. Alla spel har sin unika design och ljudeffekter, hitta allt fr\u00e5n diamantjakter till vikingateman. Ett bra tips \u00e4r att testa spelautomaterna gratis innan man spelar f\u00f6r riktiga pengar, de flesta spelen kan man prova gratis. Nackdelen \u00e4r ju att man inte kan vinna riktiga pengar men \u00e5 andra sidan s\u00e5 f\u00f6rlorar man inget heller, om du hittar ett spel som gillas s\u00e5 kan man g\u00f6ra en ins\u00e4ttning d\u00e5 och f\u00f6rs\u00f6ka vinna stort.<\/p>\n","protected":false},"excerpt":{"rendered":"<p>Spelautomater \u00e4r det mest spelade casinospelet online, det finns idag ca 2500 automater p\u00e5 n\u00e4tet och \u00f6ver 10 nya spel lanseras m\u00e5nadsvis. Spelautomater g\u00e5r under flera olika namn, bland annat slots och enarmade banditer s\u00e5 om vissa sajter anv\u00e4nder dessa namn s\u00e5 \u00e4r det allts\u00e5 samma sorts spel. Enarmade banditer \u00e4r ett v\u00e4ldigt okomplicerat spel, [&hellip;]<\/p>\n","protected":false},"author":3,"featured_media":0,"parent":0,"menu_order":0,"comment_status":"closed","ping_status":"closed","template":"","meta":[],"acf":[],"yoast_head":"<!-- This site is optimized with the Yoast SEO plugin v20.4 - https:\/\/yoast.com\/wordpress\/plugins\/seo\/ -->\n<title>Spelautomater och slots - Apnet<\/title>\n<meta name=\"robots\" content=\"index, follow, max-snippet:-1, max-image-preview:large, max-video-preview:-1\" \/>\n<link rel=\"canonical\" href=\"https:\/\/www.apnet.com\/se\/spelautomater-och-slots\/\" \/>\n<meta property=\"og:locale\" content=\"sv_SE\" \/>\n<meta property=\"og:type\" content=\"article\" \/>\n<meta property=\"og:title\" content=\"Spelautomater och slots - Apnet\" \/>\n<meta property=\"og:description\" content=\"Spelautomater \u00e4r det mest spelade casinospelet online, det finns idag ca 2500 automater p\u00e5 n\u00e4tet och \u00f6ver 10 nya spel lanseras m\u00e5nadsvis. Spelautomater g\u00e5r under flera olika namn, bland annat slots och enarmade banditer s\u00e5 om vissa sajter anv\u00e4nder dessa namn s\u00e5 \u00e4r det allts\u00e5 samma sorts spel. Enarmade banditer \u00e4r ett v\u00e4ldigt okomplicerat spel, [&hellip;]\" \/>\n<meta property=\"og:url\" content=\"https:\/\/www.apnet.com\/se\/spelautomater-och-slots\/\" \/>\n<meta property=\"og:site_name\" content=\"Apnet\" \/>\n<meta property=\"article:modified_time\" content=\"2026-01-14T11:09:26+00:00\" \/>\n<meta property=\"og:image\" content=\"https:\/\/www.apnet.com\/se\/wp-content\/uploads\/2016\/04\/SPELAUTOMATER-OCH-SLOTS-sverige.jpg\" \/>\n<meta name=\"twitter:card\" content=\"summary_large_image\" \/>\n<meta name=\"twitter:label1\" content=\"Ber\u00e4knad l\u00e4stid\" \/>\n\t<meta name=\"twitter:data1\" content=\"3 minuter\" \/>\n<script type=\"application\/ld+json\" class=\"yoast-schema-graph\">{\"@context\":\"https:\/\/schema.org\",\"@graph\":[{\"@type\":\"WebPage\",\"@id\":\"https:\/\/www.apnet.com\/se\/spelautomater-och-slots\/\",\"url\":\"https:\/\/www.apnet.com\/se\/spelautomater-och-slots\/\",\"name\":\"Spelautomater och slots - Apnet\",\"isPartOf\":{\"@id\":\"https:\/\/www.apnet.com\/se\/#website\"},\"datePublished\":\"2016-04-14T10:50:25+00:00\",\"dateModified\":\"2026-01-14T11:09:26+00:00\",\"breadcrumb\":{\"@id\":\"https:\/\/www.apnet.com\/se\/spelautomater-och-slots\/#breadcrumb\"},\"inLanguage\":\"sv-SE\",\"potentialAction\":[{\"@type\":\"ReadAction\",\"target\":[\"https:\/\/www.apnet.com\/se\/spelautomater-och-slots\/\"]}]},{\"@type\":\"BreadcrumbList\",\"@id\":\"https:\/\/www.apnet.com\/se\/spelautomater-och-slots\/#breadcrumb\",\"itemListElement\":[{\"@type\":\"ListItem\",\"position\":1,\"name\":\"Startsida\",\"item\":\"https:\/\/www.apnet.com\/se\/\"},{\"@type\":\"ListItem\",\"position\":2,\"name\":\"Spelautomater och slots\"}]},{\"@type\":\"WebSite\",\"@id\":\"https:\/\/www.apnet.com\/se\/#website\",\"url\":\"https:\/\/www.apnet.com\/se\/\",\"name\":\"Apnet\",\"description\":\"\",\"potentialAction\":[{\"@type\":\"SearchAction\",\"target\":{\"@type\":\"EntryPoint\",\"urlTemplate\":\"https:\/\/www.apnet.com\/se\/?s={search_term_string}\"},\"query-input\":\"required name=search_term_string\"}],\"inLanguage\":\"sv-SE\"}]}<\/script>\n<!-- \/ Yoast SEO plugin. -->","yoast_head_json":{"title":"Spelautomater och slots - Apnet","robots":{"index":"index","follow":"follow","max-snippet":"max-snippet:-1","max-image-preview":"max-image-preview:large","max-video-preview":"max-video-preview:-1"},"canonical":"https:\/\/www.apnet.com\/se\/spelautomater-och-slots\/","og_locale":"sv_SE","og_type":"article","og_title":"Spelautomater och slots - Apnet","og_description":"Spelautomater \u00e4r det mest spelade casinospelet online, det finns idag ca 2500 automater p\u00e5 n\u00e4tet och \u00f6ver 10 nya spel lanseras m\u00e5nadsvis. Spelautomater g\u00e5r under flera olika namn, bland annat slots och enarmade banditer s\u00e5 om vissa sajter anv\u00e4nder dessa namn s\u00e5 \u00e4r det allts\u00e5 samma sorts spel. Enarmade banditer \u00e4r ett v\u00e4ldigt okomplicerat spel, [&hellip;]","og_url":"https:\/\/www.apnet.com\/se\/spelautomater-och-slots\/","og_site_name":"Apnet","article_modified_time":"2026-01-14T11:09:26+00:00","og_image":[{"url":"https:\/\/www.apnet.com\/se\/wp-content\/uploads\/2016\/04\/SPELAUTOMATER-OCH-SLOTS-sverige.jpg"}],"twitter_card":"summary_large_image","twitter_misc":{"Ber\u00e4knad l\u00e4stid":"3 minuter"},"schema":{"@context":"https:\/\/schema.org","@graph":[{"@type":"WebPage","@id":"https:\/\/www.apnet.com\/se\/spelautomater-och-slots\/","url":"https:\/\/www.apnet.com\/se\/spelautomater-och-slots\/","name":"Spelautomater och slots - Apnet","isPartOf":{"@id":"https:\/\/www.apnet.com\/se\/#website"},"datePublished":"2016-04-14T10:50:25+00:00","dateModified":"2026-01-14T11:09:26+00:00","breadcrumb":{"@id":"https:\/\/www.apnet.com\/se\/spelautomater-och-slots\/#breadcrumb"},"inLanguage":"sv-SE","potentialAction":[{"@type":"ReadAction","target":["https:\/\/www.apnet.com\/se\/spelautomater-och-slots\/"]}]},{"@type":"BreadcrumbList","@id":"https:\/\/www.apnet.com\/se\/spelautomater-och-slots\/#breadcrumb","itemListElement":[{"@type":"ListItem","position":1,"name":"Startsida","item":"https:\/\/www.apnet.com\/se\/"},{"@type":"ListItem","position":2,"name":"Spelautomater och slots"}]},{"@type":"WebSite","@id":"https:\/\/www.apnet.com\/se\/#website","url":"https:\/\/www.apnet.com\/se\/","name":"Apnet","description":"","potentialAction":[{"@type":"SearchAction","target":{"@type":"EntryPoint","urlTemplate":"https:\/\/www.apnet.com\/se\/?s={search_term_string}"},"query-input":"required name=search_term_string"}],"inLanguage":"sv-SE"}]}},"_links":{"self":[{"href":"https:\/\/www.apnet.com\/se\/wp-json\/wp\/v2\/pages\/16"}],"collection":[{"href":"https:\/\/www.apnet.com\/se\/wp-json\/wp\/v2\/pages"}],"about":[{"href":"https:\/\/www.apnet.com\/se\/wp-json\/wp\/v2\/types\/page"}],"author":[{"embeddable":true,"href":"https:\/\/www.apnet.com\/se\/wp-json\/wp\/v2\/users\/3"}],"replies":[{"embeddable":true,"href":"https:\/\/www.apnet.com\/se\/wp-json\/wp\/v2\/comments?post=16"}],"version-history":[{"count":10,"href":"https:\/\/www.apnet.com\/se\/wp-json\/wp\/v2\/pages\/16\/revisions"}],"predecessor-version":[{"id":2496,"href":"https:\/\/www.apnet.com\/se\/wp-json\/wp\/v2\/pages\/16\/revisions\/2496"}],"wp:attachment":[{"href":"https:\/\/www.apnet.com\/se\/wp-json\/wp\/v2\/media?parent=16"}],"curies":[{"name":"wp","href":"https:\/\/api.w.org\/{rel}","templated":true}]}}