{"id":28,"date":"2016-04-14T10:52:54","date_gmt":"2016-04-14T10:52:54","guid":{"rendered":"\/\/www.apnet.com\/?page_id=28"},"modified":"2016-04-24T22:07:22","modified_gmt":"2016-04-24T22:07:22","slug":"recensioner","status":"publish","type":"page","link":"https:\/\/www.apnet.com\/se\/recensioner\/","title":{"rendered":"Recensioner"},"content":{"rendered":"\n<ol class=\"uk-list uk-list-striped \">\n\n\n    <li>\n\n        \n                        <div class=\"uk-flex uk-flex-middle\">\n                <div class=\"uk-margin-right\">\n                    <img src=\"\/se\/wp-content\/uploads\/2016\/04\/SK_max.jpg\" alt=\"SverigeKronan\">                <\/div>\n                <div class=\"uk-flex-item-1\">\n            \n                <div class=\"uk-grid\">\n<div class=\"uk-width-medium-3-4\">\n<h2>\n            SverigeKronan <span class=\"stars\"><i class=\"uk-icon-star\"><\/i><i class=\"uk-icon-star\"><\/i><i class=\"uk-icon-star\"><\/i><i class=\"uk-icon-star\"><\/i><i class=\"uk-icon-star\"><\/i><\/span><br \/>\n        <\/h2>\n<p class=\"casinoDescription\">\n            <strong>410 Gratisspinn + 7500kr i Bonus<\/strong><br \/>\n            SverigeKronan har en hel uppsj\u00f6 av diverse spel och du kommer garanterat att hitta just dina favoriter. Du kan enkelt n\u00e5 deras <a href=\"https:\/\/www.apnet.com\/se\/natcasino\/\">n\u00e4tcasino<\/a> antingen genom din dator, surfplatta eller mobil, oavsett om du anv\u00e4nder dig av iOS eller Android. Bakom SverigeKronans enorma spelutbud st\u00e5r leverant\u00f6rer som t.ex. NetEnt och QuickFire. Totalt hittar du \u00f6ver 250+ spel i deras speldjungel!\n        <\/p>\n<\/p><\/div>\n<div class=\"uk-width-medium-1-4 uk-text-center links\">\n<p>\n            <a href=\"\/\/www.apnet.com\/se\/SverigeKronan-link\" class=\"uk-button uk-button-primary play\" rel=\"nofollow\" target=\"_blank\">Spela Nu<\/a>\n        <\/p>\n<p>\n            <a href=\"\/\/www.apnet.com\/se\/recensioner\/sverigekronan\/\" class=\"uk-button moreinfo\">L\u00e4s recension<\/a>\n        <\/p>\n<\/p><\/div>\n<\/p><\/div>\n\n                            <\/div>\n            <\/div>\n            \n        \n    <\/li>\n\n\n    <li>\n\n        \n                        <div class=\"uk-flex uk-flex-middle\">\n                <div class=\"uk-margin-right\">\n                    <img src=\"\/se\/wp-content\/uploads\/2016\/04\/LeoVegas_max.png\" alt=\"LeoVegas\">                <\/div>\n                <div class=\"uk-flex-item-1\">\n            \n                <div class=\"uk-grid\">\n<div class=\"uk-width-medium-3-4\">\n<h2>\n            LeoVegas <span class=\"stars\"><i class=\"uk-icon-star\"><\/i><i class=\"uk-icon-star\"><\/i><i class=\"uk-icon-star\"><\/i><i class=\"uk-icon-star\"><\/i><i class=\"uk-icon-star\"><\/i><\/span><br \/>\n        <\/h2>\n<p class=\"casinoDescription\">\n            <strong>S\u00e4tt in 100 SEK, f\u00e5 100 Cash Free Spins<\/strong><br \/>\n            LeoVegas titulerar sig som Sveriges mobilkasino. Och inte helt of\u00f6rtj\u00e4nt har detta lejon inom onlinecasino vunnit mark som en av de riktigt stora akt\u00f6rerna. Med bland annat ett gener\u00f6st bonusprogram och stort spelutbud har casinot p\u00e5 bara n\u00e5gra \u00e5r blivit ett popul\u00e4rt tillh\u00e5ll f\u00f6r m\u00e5nga spelare.\n        <\/p>\n<\/p><\/div>\n<div class=\"uk-width-medium-1-4 uk-text-center links\">\n<p>\n            <a href=\"\/\/www.apnet.com\/se\/LeoVegas-link\" class=\"uk-button uk-button-primary play\" rel=\"nofollow\" target=\"_blank\">Spela Nu<\/a>\n        <\/p>\n<p>\n            <a href=\"\/\/www.apnet.com\/se\/recensioner\/leovegas\/\" class=\"uk-button moreinfo\">L\u00e4s recension<\/a>\n        <\/p>\n<\/p><\/div>\n<\/div>\n\n                            <\/div>\n            <\/div>\n            \n        \n    <\/li>\n\n\n    <li>\n\n        \n                        <div class=\"uk-flex uk-flex-middle\">\n                <div class=\"uk-margin-right\">\n                    <img src=\"\/se\/wp-content\/uploads\/2016\/04\/Casinoland_max.png\" alt=\"Casino Land\">                <\/div>\n                <div class=\"uk-flex-item-1\">\n            \n                <div class=\"uk-grid\">\n<div class=\"uk-width-medium-3-4\">\n<h2>\n            Casinoland <span class=\"stars\"><i class=\"uk-icon-star\"><\/i><i class=\"uk-icon-star\"><\/i><i class=\"uk-icon-star\"><\/i><i class=\"uk-icon-star\"><\/i><i class=\"uk-icon-star\"><\/i><\/span><br \/>\n        <\/h2>\n<p class=\"casinoDescription\">\n            <strong>8000 kr bonus + 30 free spins p\u00e5 Guns N Roses efter ins\u00e4ttning<\/strong><br \/>\n            Lanseringen av Casinoland f\u00f6rra \u00e5ret blev en av de mest positiva och intressanta f\u00f6r\u00e4ndringar online gaming industrin har sett p\u00e5 l\u00e4nge.\n        <\/p>\n<\/p><\/div>\n<div class=\"uk-width-medium-1-4 uk-text-center links\">\n<p>\n            <a href=\"\/\/www.apnet.com\/se\/CasinoLand-link\" class=\"uk-button uk-button-primary play\" rel=\"nofollow\" target=\"_blank\">Spela Nu<\/a>\n        <\/p>\n<p>\n            <a href=\"\/\/www.apnet.com\/se\/recensioner\/casinoland\/\" class=\"uk-button moreinfo\">L\u00e4s recension<\/a>\n        <\/p>\n<\/p><\/div>\n<\/div>\n\n                            <\/div>\n            <\/div>\n            \n        \n    <\/li>\n\n\n    <li>\n\n        \n                        <div class=\"uk-flex uk-flex-middle\">\n                <div class=\"uk-margin-right\">\n                    <img src=\"\/se\/wp-content\/uploads\/2016\/04\/cherry_casino_max.jpg\" alt=\"Cherry Casino Min\">                <\/div>\n                <div class=\"uk-flex-item-1\">\n            \n                <div class=\"uk-grid\">\n<div class=\"uk-width-medium-3-4\">\n<h2>\n            Cherry Casino <span class=\"stars\"><i class=\"uk-icon-star\"><\/i><i class=\"uk-icon-star\"><\/i><i class=\"uk-icon-star\"><\/i><i class=\"uk-icon-star\"><\/i><i class=\"uk-icon-star-half-o\"><\/i><\/span><br \/>\n        <\/h2>\n<p class=\"casinoDescription\">\n            <strong>6000kr i bonus eller tredubbla dina 3 f\u00f6rsta ins\u00e4ttningar och f\u00e5 75 gratissnurr<\/strong><br \/>\n            CherryCasino \u00e4r ett av de \u00e4ldsta online casinon p\u00e5 marknaden i dagsl\u00e4get och kommer fr\u00e5n ett av v\u00e4rldens \u00e4ldsta casinof\u00f6retag i v\u00e4rlden, Cherry AB. Cherry startades redan 1963 i Sverige och har sedan dess byggt upp ett namn f\u00f6r sig sj\u00e4lva b\u00e5de online och offline.\n        <\/p>\n<\/p><\/div>\n<div class=\"uk-width-medium-1-4 uk-text-center links\">\n<p>\n            <a href=\"\/\/www.apnet.com\/se\/CherryCasino-link\" class=\"uk-button uk-button-primary play\" rel=\"nofollow\" target=\"_blank\">Spela Nu<\/a>\n        <\/p>\n<p>\n            <a href=\"\/\/www.apnet.com\/se\/recensioner\/cherrycasino\/\" class=\"uk-button moreinfo\">L\u00e4s recension<\/a>\n        <\/p>\n<\/p><\/div>\n<\/div>\n\n                            <\/div>\n            <\/div>\n            \n        \n    <\/li>\n\n\n    <li>\n\n        \n                        <div class=\"uk-flex uk-flex-middle\">\n                <div class=\"uk-margin-right\">\n                    <img src=\"\/se\/wp-content\/uploads\/2016\/04\/sveacasino_max.jpg\" alt=\"Sveacasino Min\">                <\/div>\n                <div class=\"uk-flex-item-1\">\n            \n                <div class=\"uk-grid\">\n<div class=\"uk-width-medium-3-4\">\n<h2>\n            Svea Casino <span class=\"stars\"><i class=\"uk-icon-star\"><\/i><i class=\"uk-icon-star\"><\/i><i class=\"uk-icon-star\"><\/i><i class=\"uk-icon-star\"><\/i><i class=\"uk-icon-star-half-o\"><\/i><\/span><br \/>\n        <\/h2>\n<p class=\"casinoDescription\">\n            <strong>Din v\u00e4lkomstg\u00e5va: 8000 kr bonus + 100 freespins<\/strong><br \/>\n            SveaCasino \u00e4r ett helsvenskt online casino som gick live under f\u00f6rsta halvan av 2015 och levererar de b\u00e4sta kasinospelen och bonusarna p\u00e5 marknaden i dagsl\u00e4get.\n        <\/p>\n<\/p><\/div>\n<div class=\"uk-width-medium-1-4 uk-text-center links\">\n<p>\n            <a href=\"\/\/www.apnet.com\/se\/SveaCasino-link\" class=\"uk-button uk-button-primary play\" rel=\"nofollow\" target=\"_blank\">Spela Nu<\/a>\n        <\/p>\n<p>\n            <a href=\"\/\/www.apnet.com\/se\/recensioner\/sveacasino-recension\/\" class=\"uk-button moreinfo\">L\u00e4s recension<\/a>\n        <\/p>\n<\/p><\/div>\n<\/div>\n\n                            <\/div>\n            <\/div>\n            \n        \n    <\/li>\n\n\n    <li>\n\n        \n                        <div class=\"uk-flex uk-flex-middle\">\n                <div class=\"uk-margin-right\">\n                    <img src=\"\/se\/wp-content\/uploads\/2016\/04\/royal-panda_max.jpg\" alt=\"Royal Panda\">                <\/div>\n                <div class=\"uk-flex-item-1\">\n            \n                <div class=\"uk-grid\">\n<div class=\"uk-width-medium-3-4\">\n<h2>\n            Royal Panda <span class=\"stars\"><i class=\"uk-icon-star\"><\/i><i class=\"uk-icon-star\"><\/i><i class=\"uk-icon-star\"><\/i><i class=\"uk-icon-star\"><\/i><i class=\"uk-icon-star-half-o\"><\/i><\/span><br \/>\n        <\/h2>\n<p class=\"casinoDescription\">\n            <strong>V\u00e4lkomstpaket p\u00e5 7000kr + 10 Free Spins<\/strong><br \/>\n        Royal Panda erbjuder svenska spelare ett s\u00e4kert och snyggt online casino med en s\u00f6ml\u00f6s och anv\u00e4ndarv\u00e4nlig upplevelse p\u00e5 datorn och mobilen, samt ett omfattande utbud av de mest popul\u00e4ra casinospelen. Det finns n\u00e5got f\u00f6r alla, vare sig det \u00e4r de senaste videospelautomaterna, de b\u00e4sta bordsspelen eller det innovativa live casinot.\n        <\/p>\n<\/p><\/div>\n<div class=\"uk-width-medium-1-4 uk-text-center links\">\n<p>\n            <a href=\"\/\/www.apnet.com\/se\/RoyalPanda-link\" class=\"uk-button uk-button-primary play\" rel=\"nofollow\" target=\"_blank\">Spela Nu<\/a>\n        <\/p>\n<p>\n            <a href=\"\/\/www.apnet.com\/se\/recensioner\/royal-panda-casino\/\" class=\"uk-button moreinfo\">L\u00e4s recension<\/a>\n        <\/p>\n<\/p><\/div>\n<\/div>\n\n                            <\/div>\n            <\/div>\n            \n        \n    <\/li>\n\n\n    <li>\n\n        \n                        <div class=\"uk-flex uk-flex-middle\">\n                <div class=\"uk-margin-right\">\n                    <img src=\"\/se\/wp-content\/uploads\/2016\/04\/SC_max.png\" alt=\"Sverige Casino\">                <\/div>\n                <div class=\"uk-flex-item-1\">\n            \n                <div class=\"uk-grid\">\n<div class=\"uk-width-medium-3-4\">\n<h2>\n            Sverige Casino <span class=\"stars\"><i class=\"uk-icon-star\"><\/i><i class=\"uk-icon-star\"><\/i><i class=\"uk-icon-star\"><\/i><i class=\"uk-icon-star\"><\/i><i class=\"uk-icon-star-o\"><\/i><\/span><br \/>\n        <\/h2>\n<p class=\"casinoDescription\">\n            <strong>1000kr bonus + 1100 gratisspins, 100 utan ins\u00e4ttningskrav<\/strong><br \/>\n            SverigeCasino \u00e4r ditt sj\u00e4lvklara val i det enorma utbud av n\u00e4tcasinon som erbjuds idag. Med flera hundra olika spel att v\u00e4lja bland tillsammans med en kundsupport i toppklass som hela tiden finns d\u00e4r vid eventuella fr\u00e5gor eller problem s\u00e5 \u00e4r det ingen tvekan om att man \u00e4r ett seri\u00f6st casino som tar sina spelare p\u00e5 st\u00f6rsta allvar.\n        <\/p>\n<\/p><\/div>\n<div class=\"uk-width-medium-1-4 uk-text-center links\">\n<p>\n            <a href=\"\/\/www.apnet.com\/se\/SverigeCasino-link\" class=\"uk-button uk-button-primary play\" rel=\"nofollow\" target=\"_blank\">Spela Nu<\/a>\n        <\/p>\n<p>\n            <a href=\"\/\/www.apnet.com\/se\/recensioner\/sverigecasino-recension\/\" class=\"uk-button moreinfo\">L\u00e4s recension<\/a>\n        <\/p>\n<\/p><\/div>\n<\/div>\n\n                            <\/div>\n            <\/div>\n            \n        \n    <\/li>\n\n\n    <li>\n\n        \n                        <div class=\"uk-flex uk-flex-middle\">\n                <div class=\"uk-margin-right\">\n                    <img src=\"\/se\/wp-content\/uploads\/2016\/04\/mobilbet_max.jpg\" alt=\"Mobilbet\">                <\/div>\n                <div class=\"uk-flex-item-1\">\n            \n                <div class=\"uk-grid\">\n<div class=\"uk-width-medium-3-4\">\n<h2>\n            Mobilbet <span class=\"stars\"><i class=\"uk-icon-star\"><\/i><i class=\"uk-icon-star\"><\/i><i class=\"uk-icon-star\"><\/i><i class=\"uk-icon-star\"><\/i><i class=\"uk-icon-star-o\"><\/i><\/span><br \/>\n        <\/h2>\n<p class=\"casinoDescription\">\n            <strong>230 free spins och 2000 kr i bonus. 30 Free spins p\u00e5 Starburst direkt vid registrering<\/strong><br \/>\n            Ett onlinecasino som funkar grymt att spela p\u00e5 med mobilen, d\u00e4r du kan spela b\u00e5de med riktiga pengar och p\u00e5 l\u00e5tsas. En trygg och s\u00e4ker spelmilj\u00f6. Fr\u00e4sch design. Stor v\u00e4lkomstbonus. Massa free spins, stort spelutbud och \u00e4kta casink\u00e4nsla. K\u00e4ra hj\u00e4rtanes, det \u00e4r mycket vi spelare f\u00f6rv\u00e4ntar oss av en spelsajt. Ett n\u00e4tcasiono som leverarar detta och mer \u00e4n s\u00e5 \u00e4r Mobilbet.\n        <\/p>\n<\/p><\/div>\n<div class=\"uk-width-medium-1-4 uk-text-center links\">\n<p>\n            <a href=\"\/\/www.apnet.com\/se\/Mobilbet-link\" class=\"uk-button uk-button-primary play\" rel=\"nofollow\" target=\"_blank\">Spela Nu<\/a>\n        <\/p>\n<p>\n            <a href=\"\/\/www.apnet.com\/se\/recensioner\/mobilbet-casino\/\" class=\"uk-button moreinfo\">L\u00e4s recension<\/a>\n        <\/p>\n<\/p><\/div>\n<\/div>\n\n                            <\/div>\n            <\/div>\n            \n        \n    <\/li>\n\n\n    <li>\n\n        \n                        <div class=\"uk-flex uk-flex-middle\">\n                <div class=\"uk-margin-right\">\n                    <img src=\"\/se\/wp-content\/uploads\/2016\/04\/JackpotCity_max.jpg\" alt=\"Jackpot City\">                <\/div>\n                <div class=\"uk-flex-item-1\">\n            \n                <div class=\"uk-grid\">\n<div class=\"uk-width-medium-3-4\">\n<h2>\n            Jackpot city  <span class=\"stars\"><i class=\"uk-icon-star\"><\/i><i class=\"uk-icon-star\"><\/i><i class=\"uk-icon-star\"><\/i><i class=\"uk-icon-star\"><\/i><i class=\"uk-icon-star-o\"><\/i><\/span><br \/>\n        <\/h2>\n<p class=\"casinoDescription\">\n            <strong>4 x din ins\u00e4ttningsbonus bonus upp till 16000kr<\/strong><br \/>\n           Det finns en uppsj\u00f6 av onlinecasinon p\u00e5 n\u00e4tet, men vissa b\u00e5de lovar och levererar mer \u00e4n andra. Ett av dessa \u00e4r JackpotCity Online Casino, som med stora bonusar, exceptionella erbjudanden, de str\u00e4ngaste s\u00e4kerhetskontollerna, ett supportteam redo dag som natt, och ett utbud av spel som sl\u00e5r det mesta nu varit ett av n\u00e4tets allra fr\u00e4msta casinon i n\u00e4ra 20 \u00e5r.\n        <\/p>\n<\/p><\/div>\n<div class=\"uk-width-medium-1-4 uk-text-center links\">\n<p>\n            <a href=\"\/\/www.apnet.com\/se\/JackpotCity-link\" class=\"uk-button uk-button-primary play\" rel=\"nofollow\" target=\"_blank\">Spela Nu<\/a>\n        <\/p>\n<p>\n            <a href=\"\/\/www.apnet.com\/se\/recensioner\/jackpot-city\/\" class=\"uk-button moreinfo\">L\u00e4s recension<\/a>\n        <\/p>\n<\/p><\/div>\n<\/div>\n\n                            <\/div>\n            <\/div>\n            \n        \n    <\/li>\n\n\n    <li>\n\n        \n                        <div class=\"uk-flex uk-flex-middle\">\n                <div class=\"uk-margin-right\">\n                    <img src=\"\/se\/wp-content\/uploads\/2016\/04\/Casino-Room-_max.png\" alt=\"Casino Room\">                <\/div>\n                <div class=\"uk-flex-item-1\">\n            \n                <div class=\"uk-grid\">\n<div class=\"uk-width-medium-3-4\">\n<h2>\n            Casino Room <span class=\"stars\"><i class=\"uk-icon-star\"><\/i><i class=\"uk-icon-star\"><\/i><i class=\"uk-icon-star\"><\/i><i class=\"uk-icon-star-half-o\"><\/i><i class=\"uk-icon-star-o\"><\/i><\/span><br \/>\n        <\/h2>\n<p class=\"casinoDescription\">\n            <strong>200 freespins &#038; 100% upp till 5000kr vid deponering<\/strong><br \/>\n            Casino Room har ett v\u00e4ldigt attraktivt v\u00e4lkomsterbjudande just nu d\u00e4r spelaren f\u00e5r en ins\u00e4ttningsbonus p\u00e5 100% upp till 5 000 kr och 200 freespins totalt p\u00e5 spelet Starburst! 20 freespins f\u00e5r du direkt vid registrering och sedan 20 freespins varje dag i 9 dagar efter den f\u00f6rsta ins\u00e4ttningen.\n        <\/p>\n<\/p><\/div>\n<div class=\"uk-width-medium-1-4 uk-text-center links\">\n<p>\n            <a href=\"\/\/www.apnet.com\/se\/CasinoRoom-link\" class=\"uk-button uk-button-primary play\" rel=\"nofollow\" target=\"_blank\">Spela Nu<\/a>\n        <\/p>\n<p>\n            <a href=\"\/\/www.apnet.com\/se\/recensioner\/casino-room\/\" class=\"uk-button moreinfo\">L\u00e4s recension<\/a>\n        <\/p>\n<\/p><\/div>\n<\/p><\/div>\n\n                            <\/div>\n            <\/div>\n            \n        \n    <\/li>\n\n\n    <li>\n\n        \n                        <div class=\"uk-flex uk-flex-middle\">\n                <div class=\"uk-margin-right\">\n                    <img src=\"\/se\/wp-content\/uploads\/2016\/04\/ExclusiveBet_new_max.png\" alt=\"ExlusiveBet Casino\">                <\/div>\n                <div class=\"uk-flex-item-1\">\n            \n                <div class=\"uk-grid\">\n<div class=\"uk-width-medium-3-4\">\n<h2>\n            ExlusiveBet Casino  <span class=\"stars\"><i class=\"uk-icon-star\"><\/i><i class=\"uk-icon-star\"><\/i><i class=\"uk-icon-star\"><\/i><i class=\"uk-icon-star-half-o\"><\/i><i class=\"uk-icon-star-o\"><\/i><\/span><br \/>\n        <\/h2>\n<p class=\"casinoDescription\">\n            <strong>6000 kr bonus + 100 free spins p\u00e5 nya spelautomaten Hook&#8217;s Heroes<\/strong><br \/>\n            ExclusiveBet Casino \u00e4r sveriges exklusivaste <a href=\"https:\/\/www.apnet.com\/se\/natcasino\/\">n\u00e4tcasino<\/a>! Casinot \u00e4r helt p\u00e5 svenska och erbjuder riktigt bra bel\u00f6ningar f\u00f6r er spelare. Nya spelare kan ta del av en 3-stegs bonus som inkluderar free spins och stora matchningar i casinot p\u00e5 dina 3 f\u00f6rsta ins\u00e4ttningar. <\/p>\n<\/p><\/div>\n<div class=\"uk-width-medium-1-4 uk-text-center links\">\n<p>\n            <a href=\"\/\/www.apnet.com\/se\/ExlusiveBet-link\" class=\"uk-button uk-button-primary play\" rel=\"nofollow\" target=\"_blank\">Spela Nu<\/a>\n        <\/p>\n<p>\n            <a href=\"\/\/www.apnet.com\/se\/recensioner\/exclusivebet-casino\/\" class=\"uk-button moreinfo\">L\u00e4s recension<\/a>\n        <\/p>\n<\/p><\/div>\n<\/div>\n\n                            <\/div>\n            <\/div>\n            \n        \n    <\/li>\n\n\n    <li>\n\n        \n                        <div class=\"uk-flex uk-flex-middle\">\n                <div class=\"uk-margin-right\">\n                    <img src=\"\/se\/wp-content\/uploads\/2016\/04\/vinnarum_max.jpeg\" alt=\"Vinnarum Min\">                <\/div>\n                <div class=\"uk-flex-item-1\">\n            \n                <div class=\"uk-grid\">\n<div class=\"uk-width-medium-3-4\">\n<h2>\n            Vinnarum Casino  <span class=\"stars\"><i class=\"uk-icon-star\"><\/i><i class=\"uk-icon-star\"><\/i><i class=\"uk-icon-star\"><\/i><i class=\"uk-icon-star-half-o\"><\/i><i class=\"uk-icon-star-o\"><\/i><\/span><br \/>\n        <\/h2>\n<p class=\"casinoDescription\">\n            <strong>8000 kr bonus + 200 freespins + 200% bonus<\/strong><br \/>\n           Vinnarum \u00e4r ett <a href=\"https:\/\/www.apnet.com\/se\/natcasino\/\">n\u00e4tcasino<\/a> som h\u00e4ngt med sedan 2011 men som sedan i h\u00f6stas slagit sig in ordentligt i de svenska hush\u00e5llen med sin tv-reklam och jingelhit &#8221;\u00c4r det din tur idag&#8221;.\n        <\/p>\n<\/p><\/div>\n<div class=\"uk-width-medium-1-4 uk-text-center links\">\n<p>\n            <a href=\"\/\/www.apnet.com\/se\/VinnarumCasino-link\" class=\"uk-button uk-button-primary play\" rel=\"nofollow\" target=\"_blank\">Spela Nu<\/a>\n        <\/p>\n<p>\n            <a href=\"\/\/www.apnet.com\/se\/recensioner\/vinnarum\/\" class=\"uk-button moreinfo\">L\u00e4s recension<\/a>\n        <\/p>\n<\/p><\/div>\n<\/div>\n\n                            <\/div>\n            <\/div>\n            \n        \n    <\/li>\n\n\n    <li>\n\n        \n                        <div class=\"uk-flex uk-flex-middle\">\n                <div class=\"uk-margin-right\">\n                    <img src=\"\/se\/wp-content\/uploads\/2016\/04\/RubyFortune_max.jpg\" alt=\"Ruby Fortune\">                <\/div>\n                <div class=\"uk-flex-item-1\">\n            \n                <div class=\"uk-grid\">\n<div class=\"uk-width-medium-3-4\">\n<h2>\n            Ruby Fortune  <span class=\"stars\"><i class=\"uk-icon-star\"><\/i><i class=\"uk-icon-star\"><\/i><i class=\"uk-icon-star\"><\/i><i class=\"uk-icon-star-o\"><\/i><i class=\"uk-icon-star-o\"><\/i><\/span><br \/>\n        <\/h2>\n<p class=\"casinoDescription\">\n            <strong>10000kr bonus eller tredubbla dina 3 f\u00f6rsta ins\u00e4ttningar<\/strong><br \/>\n            Ett av den v\u00e4lk\u00e4nda gruppen The Palace Groups casinon \u00e4r Ruby Fortune, som i ett decennium levererat fantastiska casinoupplevelser, stora vinster, gener\u00f6sa bonusar och prisfyllda kampanjer. Ruby Fortune \u00e4r ett av marknadens b\u00e4sta casinon, och det \u00e4r ingen \u00f6verraskning att det \u00e4r ett f\u00f6rstahandsval f\u00f6r spelare v\u00e4rlden \u00f6ver.\n        <\/p>\n<\/p><\/div>\n<div class=\"uk-width-medium-1-4 uk-text-center links\">\n<p>\n            <a href=\"\/\/www.apnet.com\/se\/RubyFortune-link\" class=\"uk-button uk-button-primary play\" rel=\"nofollow\" target=\"_blank\">Spela Nu<\/a>\n        <\/p>\n<p>\n            <a href=\"\/\/www.apnet.com\/se\/recensioner\/ruby-fortune-casino\/\" class=\"uk-button moreinfo\">L\u00e4s recension<\/a>\n        <\/p>\n<\/div>\n<\/div>\n\n                            <\/div>\n            <\/div>\n            \n        \n    <\/li>\n\n\n<\/ol>\n\n","protected":false},"excerpt":{"rendered":"","protected":false},"author":2,"featured_media":0,"parent":0,"menu_order":0,"comment_status":"closed","ping_status":"closed","template":"","meta":[],"acf":[],"yoast_head":"<!-- This site is optimized with the Yoast SEO plugin v20.4 - https:\/\/yoast.com\/wordpress\/plugins\/seo\/ -->\n<title>Recensioner - Apnet<\/title>\n<meta name=\"robots\" content=\"index, follow, max-snippet:-1, max-image-preview:large, max-video-preview:-1\" \/>\n<link rel=\"canonical\" href=\"https:\/\/www.apnet.com\/se\/recensioner\/\" \/>\n<meta property=\"og:locale\" content=\"sv_SE\" \/>\n<meta property=\"og:type\" content=\"article\" \/>\n<meta property=\"og:title\" content=\"Recensioner - Apnet\" \/>\n<meta property=\"og:url\" content=\"https:\/\/www.apnet.com\/se\/recensioner\/\" \/>\n<meta property=\"og:site_name\" content=\"Apnet\" \/>\n<meta property=\"article:modified_time\" content=\"2016-04-24T22:07:22+00:00\" \/>\n<meta name=\"twitter:card\" content=\"summary_large_image\" \/>\n<script type=\"application\/ld+json\" class=\"yoast-schema-graph\">{\"@context\":\"https:\/\/schema.org\",\"@graph\":[{\"@type\":\"WebPage\",\"@id\":\"https:\/\/www.apnet.com\/se\/recensioner\/\",\"url\":\"https:\/\/www.apnet.com\/se\/recensioner\/\",\"name\":\"Recensioner - Apnet\",\"isPartOf\":{\"@id\":\"https:\/\/www.apnet.com\/se\/#website\"},\"datePublished\":\"2016-04-14T10:52:54+00:00\",\"dateModified\":\"2016-04-24T22:07:22+00:00\",\"breadcrumb\":{\"@id\":\"https:\/\/www.apnet.com\/se\/recensioner\/#breadcrumb\"},\"inLanguage\":\"sv-SE\",\"potentialAction\":[{\"@type\":\"ReadAction\",\"target\":[\"https:\/\/www.apnet.com\/se\/recensioner\/\"]}]},{\"@type\":\"BreadcrumbList\",\"@id\":\"https:\/\/www.apnet.com\/se\/recensioner\/#breadcrumb\",\"itemListElement\":[{\"@type\":\"ListItem\",\"position\":1,\"name\":\"Startsida\",\"item\":\"https:\/\/www.apnet.com\/se\/\"},{\"@type\":\"ListItem\",\"position\":2,\"name\":\"Recensioner\"}]},{\"@type\":\"WebSite\",\"@id\":\"https:\/\/www.apnet.com\/se\/#website\",\"url\":\"https:\/\/www.apnet.com\/se\/\",\"name\":\"Apnet\",\"description\":\"\",\"potentialAction\":[{\"@type\":\"SearchAction\",\"target\":{\"@type\":\"EntryPoint\",\"urlTemplate\":\"https:\/\/www.apnet.com\/se\/?s={search_term_string}\"},\"query-input\":\"required name=search_term_string\"}],\"inLanguage\":\"sv-SE\"}]}<\/script>\n<!-- \/ Yoast SEO plugin. -->","yoast_head_json":{"title":"Recensioner - Apnet","robots":{"index":"index","follow":"follow","max-snippet":"max-snippet:-1","max-image-preview":"max-image-preview:large","max-video-preview":"max-video-preview:-1"},"canonical":"https:\/\/www.apnet.com\/se\/recensioner\/","og_locale":"sv_SE","og_type":"article","og_title":"Recensioner - Apnet","og_url":"https:\/\/www.apnet.com\/se\/recensioner\/","og_site_name":"Apnet","article_modified_time":"2016-04-24T22:07:22+00:00","twitter_card":"summary_large_image","schema":{"@context":"https:\/\/schema.org","@graph":[{"@type":"WebPage","@id":"https:\/\/www.apnet.com\/se\/recensioner\/","url":"https:\/\/www.apnet.com\/se\/recensioner\/","name":"Recensioner - Apnet","isPartOf":{"@id":"https:\/\/www.apnet.com\/se\/#website"},"datePublished":"2016-04-14T10:52:54+00:00","dateModified":"2016-04-24T22:07:22+00:00","breadcrumb":{"@id":"https:\/\/www.apnet.com\/se\/recensioner\/#breadcrumb"},"inLanguage":"sv-SE","potentialAction":[{"@type":"ReadAction","target":["https:\/\/www.apnet.com\/se\/recensioner\/"]}]},{"@type":"BreadcrumbList","@id":"https:\/\/www.apnet.com\/se\/recensioner\/#breadcrumb","itemListElement":[{"@type":"ListItem","position":1,"name":"Startsida","item":"https:\/\/www.apnet.com\/se\/"},{"@type":"ListItem","position":2,"name":"Recensioner"}]},{"@type":"WebSite","@id":"https:\/\/www.apnet.com\/se\/#website","url":"https:\/\/www.apnet.com\/se\/","name":"Apnet","description":"","potentialAction":[{"@type":"SearchAction","target":{"@type":"EntryPoint","urlTemplate":"https:\/\/www.apnet.com\/se\/?s={search_term_string}"},"query-input":"required name=search_term_string"}],"inLanguage":"sv-SE"}]}},"_links":{"self":[{"href":"https:\/\/www.apnet.com\/se\/wp-json\/wp\/v2\/pages\/28"}],"collection":[{"href":"https:\/\/www.apnet.com\/se\/wp-json\/wp\/v2\/pages"}],"about":[{"href":"https:\/\/www.apnet.com\/se\/wp-json\/wp\/v2\/types\/page"}],"author":[{"embeddable":true,"href":"https:\/\/www.apnet.com\/se\/wp-json\/wp\/v2\/users\/2"}],"replies":[{"embeddable":true,"href":"https:\/\/www.apnet.com\/se\/wp-json\/wp\/v2\/comments?post=28"}],"version-history":[{"count":7,"href":"https:\/\/www.apnet.com\/se\/wp-json\/wp\/v2\/pages\/28\/revisions"}],"predecessor-version":[{"id":231,"href":"https:\/\/www.apnet.com\/se\/wp-json\/wp\/v2\/pages\/28\/revisions\/231"}],"wp:attachment":[{"href":"https:\/\/www.apnet.com\/se\/wp-json\/wp\/v2\/media?parent=28"}],"curies":[{"name":"wp","href":"https:\/\/api.w.org\/{rel}","templated":true}]}}