{"id":39,"date":"2016-04-14T11:03:43","date_gmt":"2016-04-14T11:03:43","guid":{"rendered":"\/\/www.apnet.com\/?page_id=39"},"modified":"2016-04-21T21:30:57","modified_gmt":"2016-04-21T21:30:57","slug":"cherrycasino","status":"publish","type":"page","link":"https:\/\/www.apnet.com\/se\/recensioner\/cherrycasino\/","title":{"rendered":"CherryCasino recension"},"content":{"rendered":"<h3>CherryCasino freespins<\/h3>\n<p>Hos CherryCasino blir man v\u00e4l bem\u00f6tt av en otrolig gratisbonus p\u00e5 hela 100 freespins, genom att helt enkelt registrera sig. Du f\u00e5r med andra ord 100 free spins, som inte kr\u00e4ver n\u00e5gon ins\u00e4ttning, uppdelade p\u00e5 de fyra f\u00f6rsta dagarna.<\/p>\n<ul>\n<li>1:a dagen, direkt efter att du registrerat dig, mottar du 25 free spins i spelautomaten Starburst.<\/li>\n<li>2:a dagen f\u00e5r man 25 free spins i spelautomaten Pyramid: Quest for Immortality.<\/li>\n<li>3:e dagen f\u00e5r man 25 free spins i spelautomaten Piggy Riches.<\/li>\n<li>4:e dagen f\u00e5r man 25 free spins i spelautomaten Dazzle Me.<\/li>\n<\/ul>\n<h3>CherryCasino bonus<\/h3>\n<p>Det roliga slutar inte efter att man har f\u00e5tt sin registreringsbonus utan n\u00e4r det \u00e4r dags f\u00f6r ins\u00e4ttning s\u00e5 kan du f\u00e5 bonus p\u00e5 dina tre f\u00f6rsta ins\u00e4ttningar och du har till och med valm\u00f6jligheter.<\/p>\n<ul>\n<li>P\u00e5 f\u00f6rsta ins\u00e4ttningen kan man v\u00e4lja mellan att f\u00e5 100 % upp till 1500 kr, eller s\u00e5 tredubblar dom din f\u00f6rsta ins\u00e4ttning, s\u00e4tt in 100 kr och du f\u00e5r 300 kr att spela med.<\/li>\n<li>P\u00e5 andra ins\u00e4ttning kan man v\u00e4lja mellan att f\u00e5 100 % upp till 1500 kr, eller s\u00e5 tredubblar dom din f\u00f6rsta ins\u00e4ttning, s\u00e4tt in 100 kr och du f\u00e5r 300 kr att spela med.<\/li>\n<li>P\u00e5 tredje ins\u00e4ttning kan man v\u00e4lja mellan att f\u00e5 50 % upp till 3000 kr, eller s\u00e5 tredubblar dom din f\u00f6rsta ins\u00e4ttning, s\u00e4tt in 100 kr och du f\u00e5r 300 kr att spela med.<\/li>\n<\/ul>\n<p>Om det \u00e4r s\u00e5 att man f\u00f6redrar att spela p\u00e5 sportsbetting s\u00e5 har CherryCasino \u00e4ven det alternativet och en trevlig bonus.<\/p>\n<p>Sportsbetting bonusen kan man dock endast f\u00e5 p\u00e5 f\u00f6rsta ins\u00e4ttningen s\u00e5 se till att v\u00e4lja det alternativet direkt fr\u00e5n b\u00f6rjan.<\/p>\n<ul>\n<li>Man f\u00e5r 100% upp till 1500 kr.<\/li>\n<\/ul>\n<h3>CherryCasino spelutbud<\/h3>\n<p>Hos CherryCasino kan alla spelare hitta ett spel f\u00f6r sin smak. Med \u00f6ver 500 olika kasinospel till ditt f\u00f6rfogande fr\u00e5n de absolut st\u00f6rsta och b\u00e4sta spelutvecklarna p\u00e5 marknaden \u00e4r det n\u00e4stintill m\u00f6jligt att inte hitta n\u00e5got som du gillar.<\/p>\n<p>Sj\u00e4lvklart finns det spelautomater, bordsspel, jackpottspel, sportsbetting och mycket mer i spelutbudet.<\/p>\n<p>Som n\u00e4mnt kommer spelen fr\u00e5n de st\u00f6rsta spelutvecklarna p\u00e5 marknaden NetEnt, MicroGaming, Yggdrasil, Play N&#8217; Go och Amaya.<\/p>\n<p>Dessutom har CherryCasino nu \u00e4ven en sportbook d\u00e4r mjukvaran tillhandah\u00e5lls av SB-tech, branschens st\u00f6rsta provider.<\/p>\n<h3>CherryCasino i mobilen<\/h3>\n<p>CherryCasino erbjuder naturligtvis \u00e4ven en mobilversion och \u00e4ven en version f\u00f6r surtplattan. S\u00e5 oavsett var man \u00e4r har man alltid tillg\u00e5ng till CherryCasino, s\u00e5 l\u00e4nge man har internettillg\u00e5ng.<\/p>\n<p>I mobilversionen f\u00e5r man tillg\u00e5ng till n\u00e4stintill exakt samma spel, det finns vissa undantag d\u00e5 alla kasinospel \u00e4r inte alltid optimerade f\u00f6r mobil, exakt samma bonus och kampanjer. Man missar allts\u00e5 ingenting.<\/p>\n<h3>CherryCasino ins\u00e4ttnings- och uttagsmetoder<\/h3>\n<p>CherryCasino anv\u00e4nder sig alltid av de mest betrodda och st\u00f6rsta betalningsalternativen p\u00e5 marknaden, f\u00f6r just din s\u00e4kerhet och trygghet.<br \/>\nDet alternativ man kan v\u00e4lja mellan \u00e4r:<\/p>\n<ul>\n<li>VISA<\/li>\n<li>VISA Electron<\/li>\n<li>MasterCard<\/li>\n<li>Neteller<\/li>\n<li>Skrill (Moneybookers)<\/li>\n<li>Trustly<\/li>\n<\/ul>\n<h3>CherryCasino support<\/h3>\n<p>Som spelare hos Cherry har man tillg\u00e5ng till supporten 24\/7, p\u00e5 svenska, hela \u00e5ret om. S\u00e5 oavsett tid eller dag kan man alltid f\u00e5 hj\u00e4lp och svar p\u00e5 sina fr\u00e5gor.<br \/>\nDet finns tre s\u00e4tt man kan kontakta kundtj\u00e4nsten genom:<\/p>\n<ul>\n<li>Live Chatt<\/li>\n<li>Email &#8211; formul\u00e4r p\u00e5 hemsidan<\/li>\n<li>Telefon &#8211; 020-889-212 (internationellt &#8211; +356 2276 6505)<\/li>\n<\/ul>\n","protected":false},"excerpt":{"rendered":"<p>CherryCasino freespins Hos CherryCasino blir man v\u00e4l bem\u00f6tt av en otrolig gratisbonus p\u00e5 hela 100 freespins, genom att helt enkelt registrera sig. Du f\u00e5r med andra ord 100 free spins, som inte kr\u00e4ver n\u00e5gon ins\u00e4ttning, uppdelade p\u00e5 de fyra f\u00f6rsta dagarna. 1:a dagen, direkt efter att du registrerat dig, mottar du 25 free spins i [&hellip;]<\/p>\n","protected":false},"author":2,"featured_media":0,"parent":28,"menu_order":0,"comment_status":"closed","ping_status":"closed","template":"","meta":[],"acf":[],"yoast_head":"<!-- This site is optimized with the Yoast SEO plugin v20.4 - https:\/\/yoast.com\/wordpress\/plugins\/seo\/ -->\n<title>CherryCasino recension - Apnet<\/title>\n<meta name=\"robots\" content=\"index, follow, max-snippet:-1, max-image-preview:large, max-video-preview:-1\" \/>\n<link rel=\"canonical\" href=\"https:\/\/www.apnet.com\/se\/recensioner\/cherrycasino\/\" \/>\n<meta property=\"og:locale\" content=\"sv_SE\" \/>\n<meta property=\"og:type\" content=\"article\" \/>\n<meta property=\"og:title\" content=\"CherryCasino recension - Apnet\" \/>\n<meta property=\"og:description\" content=\"CherryCasino freespins Hos CherryCasino blir man v\u00e4l bem\u00f6tt av en otrolig gratisbonus p\u00e5 hela 100 freespins, genom att helt enkelt registrera sig. Du f\u00e5r med andra ord 100 free spins, som inte kr\u00e4ver n\u00e5gon ins\u00e4ttning, uppdelade p\u00e5 de fyra f\u00f6rsta dagarna. 1:a dagen, direkt efter att du registrerat dig, mottar du 25 free spins i [&hellip;]\" \/>\n<meta property=\"og:url\" content=\"https:\/\/www.apnet.com\/se\/recensioner\/cherrycasino\/\" \/>\n<meta property=\"og:site_name\" content=\"Apnet\" \/>\n<meta property=\"article:modified_time\" content=\"2016-04-21T21:30:57+00:00\" \/>\n<meta name=\"twitter:card\" content=\"summary_large_image\" \/>\n<meta name=\"twitter:label1\" content=\"Ber\u00e4knad l\u00e4stid\" \/>\n\t<meta name=\"twitter:data1\" content=\"3 minuter\" \/>\n<script type=\"application\/ld+json\" class=\"yoast-schema-graph\">{\"@context\":\"https:\/\/schema.org\",\"@graph\":[{\"@type\":\"WebPage\",\"@id\":\"https:\/\/www.apnet.com\/se\/recensioner\/cherrycasino\/\",\"url\":\"https:\/\/www.apnet.com\/se\/recensioner\/cherrycasino\/\",\"name\":\"CherryCasino recension - Apnet\",\"isPartOf\":{\"@id\":\"https:\/\/www.apnet.com\/se\/#website\"},\"datePublished\":\"2016-04-14T11:03:43+00:00\",\"dateModified\":\"2016-04-21T21:30:57+00:00\",\"breadcrumb\":{\"@id\":\"https:\/\/www.apnet.com\/se\/recensioner\/cherrycasino\/#breadcrumb\"},\"inLanguage\":\"sv-SE\",\"potentialAction\":[{\"@type\":\"ReadAction\",\"target\":[\"https:\/\/www.apnet.com\/se\/recensioner\/cherrycasino\/\"]}]},{\"@type\":\"BreadcrumbList\",\"@id\":\"https:\/\/www.apnet.com\/se\/recensioner\/cherrycasino\/#breadcrumb\",\"itemListElement\":[{\"@type\":\"ListItem\",\"position\":1,\"name\":\"Startsida\",\"item\":\"https:\/\/www.apnet.com\/se\/\"},{\"@type\":\"ListItem\",\"position\":2,\"name\":\"Recensioner\",\"item\":\"https:\/\/www.apnet.com\/se\/recensioner\/\"},{\"@type\":\"ListItem\",\"position\":3,\"name\":\"CherryCasino recension\"}]},{\"@type\":\"WebSite\",\"@id\":\"https:\/\/www.apnet.com\/se\/#website\",\"url\":\"https:\/\/www.apnet.com\/se\/\",\"name\":\"Apnet\",\"description\":\"\",\"potentialAction\":[{\"@type\":\"SearchAction\",\"target\":{\"@type\":\"EntryPoint\",\"urlTemplate\":\"https:\/\/www.apnet.com\/se\/?s={search_term_string}\"},\"query-input\":\"required name=search_term_string\"}],\"inLanguage\":\"sv-SE\"}]}<\/script>\n<!-- \/ Yoast SEO plugin. -->","yoast_head_json":{"title":"CherryCasino recension - Apnet","robots":{"index":"index","follow":"follow","max-snippet":"max-snippet:-1","max-image-preview":"max-image-preview:large","max-video-preview":"max-video-preview:-1"},"canonical":"https:\/\/www.apnet.com\/se\/recensioner\/cherrycasino\/","og_locale":"sv_SE","og_type":"article","og_title":"CherryCasino recension - Apnet","og_description":"CherryCasino freespins Hos CherryCasino blir man v\u00e4l bem\u00f6tt av en otrolig gratisbonus p\u00e5 hela 100 freespins, genom att helt enkelt registrera sig. Du f\u00e5r med andra ord 100 free spins, som inte kr\u00e4ver n\u00e5gon ins\u00e4ttning, uppdelade p\u00e5 de fyra f\u00f6rsta dagarna. 1:a dagen, direkt efter att du registrerat dig, mottar du 25 free spins i [&hellip;]","og_url":"https:\/\/www.apnet.com\/se\/recensioner\/cherrycasino\/","og_site_name":"Apnet","article_modified_time":"2016-04-21T21:30:57+00:00","twitter_card":"summary_large_image","twitter_misc":{"Ber\u00e4knad l\u00e4stid":"3 minuter"},"schema":{"@context":"https:\/\/schema.org","@graph":[{"@type":"WebPage","@id":"https:\/\/www.apnet.com\/se\/recensioner\/cherrycasino\/","url":"https:\/\/www.apnet.com\/se\/recensioner\/cherrycasino\/","name":"CherryCasino recension - Apnet","isPartOf":{"@id":"https:\/\/www.apnet.com\/se\/#website"},"datePublished":"2016-04-14T11:03:43+00:00","dateModified":"2016-04-21T21:30:57+00:00","breadcrumb":{"@id":"https:\/\/www.apnet.com\/se\/recensioner\/cherrycasino\/#breadcrumb"},"inLanguage":"sv-SE","potentialAction":[{"@type":"ReadAction","target":["https:\/\/www.apnet.com\/se\/recensioner\/cherrycasino\/"]}]},{"@type":"BreadcrumbList","@id":"https:\/\/www.apnet.com\/se\/recensioner\/cherrycasino\/#breadcrumb","itemListElement":[{"@type":"ListItem","position":1,"name":"Startsida","item":"https:\/\/www.apnet.com\/se\/"},{"@type":"ListItem","position":2,"name":"Recensioner","item":"https:\/\/www.apnet.com\/se\/recensioner\/"},{"@type":"ListItem","position":3,"name":"CherryCasino recension"}]},{"@type":"WebSite","@id":"https:\/\/www.apnet.com\/se\/#website","url":"https:\/\/www.apnet.com\/se\/","name":"Apnet","description":"","potentialAction":[{"@type":"SearchAction","target":{"@type":"EntryPoint","urlTemplate":"https:\/\/www.apnet.com\/se\/?s={search_term_string}"},"query-input":"required name=search_term_string"}],"inLanguage":"sv-SE"}]}},"_links":{"self":[{"href":"https:\/\/www.apnet.com\/se\/wp-json\/wp\/v2\/pages\/39"}],"collection":[{"href":"https:\/\/www.apnet.com\/se\/wp-json\/wp\/v2\/pages"}],"about":[{"href":"https:\/\/www.apnet.com\/se\/wp-json\/wp\/v2\/types\/page"}],"author":[{"embeddable":true,"href":"https:\/\/www.apnet.com\/se\/wp-json\/wp\/v2\/users\/2"}],"replies":[{"embeddable":true,"href":"https:\/\/www.apnet.com\/se\/wp-json\/wp\/v2\/comments?post=39"}],"version-history":[{"count":5,"href":"https:\/\/www.apnet.com\/se\/wp-json\/wp\/v2\/pages\/39\/revisions"}],"predecessor-version":[{"id":198,"href":"https:\/\/www.apnet.com\/se\/wp-json\/wp\/v2\/pages\/39\/revisions\/198"}],"up":[{"embeddable":true,"href":"https:\/\/www.apnet.com\/se\/wp-json\/wp\/v2\/pages\/28"}],"wp:attachment":[{"href":"https:\/\/www.apnet.com\/se\/wp-json\/wp\/v2\/media?parent=39"}],"curies":[{"name":"wp","href":"https:\/\/api.w.org\/{rel}","templated":true}]}}