{"id":4,"date":"2016-04-14T10:46:03","date_gmt":"2016-04-14T10:46:03","guid":{"rendered":"\/\/www.apnet.com\/?page_id=4"},"modified":"2017-01-18T18:32:53","modified_gmt":"2017-01-18T18:32:53","slug":"black-jack","status":"publish","type":"page","link":"https:\/\/www.apnet.com\/se\/black-jack\/","title":{"rendered":"Black jack"},"content":{"rendered":"<p>Black jack \u00e4r ett av de mest klassiska spel som finns och \u00e4ven det kanske mest popul\u00e4ra enskilda spelet, speciellt bland casino kortspel. M\u00e5nga filmer har gjorts med black jack i centrum, till exempel filmen 21, vilket bevisar spelets popularitet.<\/p>\n<p>Kortspelet 21 har m\u00e5nga likheter med blackjack och har spelats sedan 1600-talet, man vet dock inte exakt vart spelet h\u00e4rstammar ifr\u00e5n men man tror fr\u00e5n Spanien. Det moderna black jack spelet som idag spelas runt om p\u00e5 alla v\u00e4rldens casinon lanserades under det tidiga 1900-talet i USA och har v\u00e4xt till det popul\u00e4raste kortspelet i modern historia. Black jack \u00e4r idag ett av de vanligast f\u00f6rekommande spelen p\u00e5 landbaserade kasinon och \u00e4ven ett av de mest spelade spelen p\u00e5 n\u00e4tcasinon.<\/p>\n<p>Blackjack \u00e4r ett kortspel d\u00e4r man spelar mot dealern och inte mot varandra som i till exempel Texas Holdem. Spelaren m\u00e5ste f\u00f6rst g\u00f6ra en satsnings och tilldelas d\u00e4refter tv\u00e5 kort, som i m\u00e5nga andra kortspel \u00e4r kortens v\u00e4rde r\u00e4knas sitt respektive nummer, f\u00f6rutom knekt, dam, och kung som \u00e4r v\u00e4rde 10 po\u00e4ng. Ess har tv\u00e5 v\u00e4rden, antingen 1 eller 11, spelaren v\u00e4ljer sj\u00e4lv.<\/p>\n<p><img decoding=\"async\" loading=\"lazy\" class=\"aligncenter size-full wp-image-344\" src=\"https:\/\/www.apnet.com\/se\/wp-content\/uploads\/2016\/04\/blackjack-online.jpg\" alt=\"blackjack online\" width=\"1000\" height=\"665\" srcset=\"https:\/\/www.apnet.com\/se\/wp-content\/uploads\/2016\/04\/blackjack-online.jpg 1000w, https:\/\/www.apnet.com\/se\/wp-content\/uploads\/2016\/04\/blackjack-online-300x200.jpg 300w, https:\/\/www.apnet.com\/se\/wp-content\/uploads\/2016\/04\/blackjack-online-768x511.jpg 768w\" sizes=\"(max-width: 1000px) 100vw, 1000px\" \/><\/p>\n<p>Spelet handlar om att vinna \u00f6ver dealern, kom s\u00e5 n\u00e4ra 21 som m\u00f6jligt, 21 \u00e4r b\u00e4sta m\u00f6jliga resultat och n\u00e5r man 21 p\u00e5 de tv\u00e5 f\u00f6rsta korten s\u00e5 heter det att man f\u00e5r black jack. Det g\u00e4ller att t\u00e4nka till i detta spel d\u00e5 man blir tjock (f\u00f6rlorar) om man f\u00e5r 22 eller fler po\u00e4ng. Det g\u00e5r \u00e4ven att vinna p\u00e5 l\u00e4gre po\u00e4ng, till exempel om du f\u00e5r 14 och livedealern blir tjock, ja d\u00e5 vinner d\u00e5. Black jack spelas oftast med flera kortlekar f\u00f6r att f\u00f6rsv\u00e5ra att korten r\u00e4knas, det vanligaste fusket i detta spel.<\/p>\n<p>Ett bra tips \u00e4r att alltid stanna om dealern har 11 po\u00e4ng eller l\u00e4gre \u00e4n dig, till exempel om du har 16 och dealern har 5. Ett annat tips \u00e4r att aldrig f\u00f6rs\u00e4kra n\u00e5gon hand, det l\u00f6nar sig aldrig i l\u00e4ngden. M\u00e5nga spelar mest p\u00e5 k\u00e4nsla och det kanske \u00e4r det roligaste s\u00e4ttet om man spelar f\u00f6r n\u00f6jes skull, men om man vill \u00f6ka chanserna att vinna s\u00e5 kr\u00e4vs att man k\u00f6r efter ett m\u00f6nster som bevisligen \u00f6kar vinstprocenten. Vinstutdelningen f\u00f6r black jack \u00e4r mellan 95 \u2013 99.5% beroende p\u00e5 spelarens strategi, s\u00e5 sk\u00f6ter man sin strategi och inte spelar allt f\u00f6r l\u00e4nge s\u00e5 finns goda chanser att g\u00e5 vinnande fr\u00e5n bordet.<\/p>\n<p>&nbsp;<\/p>\n","protected":false},"excerpt":{"rendered":"<p>Black jack \u00e4r ett av de mest klassiska spel som finns och \u00e4ven det kanske mest popul\u00e4ra enskilda spelet, speciellt bland casino kortspel. M\u00e5nga filmer har gjorts med black jack i centrum, till exempel filmen 21, vilket bevisar spelets popularitet. Kortspelet 21 har m\u00e5nga likheter med blackjack och har spelats sedan 1600-talet, man vet dock [&hellip;]<\/p>\n","protected":false},"author":2,"featured_media":0,"parent":0,"menu_order":0,"comment_status":"closed","ping_status":"closed","template":"","meta":[],"acf":[],"yoast_head":"<!-- This site is optimized with the Yoast SEO plugin v20.4 - https:\/\/yoast.com\/wordpress\/plugins\/seo\/ -->\n<title>Black jack - Apnet<\/title>\n<meta name=\"robots\" content=\"index, follow, max-snippet:-1, max-image-preview:large, max-video-preview:-1\" \/>\n<link rel=\"canonical\" href=\"https:\/\/www.apnet.com\/se\/black-jack\/\" \/>\n<meta property=\"og:locale\" content=\"sv_SE\" \/>\n<meta property=\"og:type\" content=\"article\" \/>\n<meta property=\"og:title\" content=\"Black jack - Apnet\" \/>\n<meta property=\"og:description\" content=\"Black jack \u00e4r ett av de mest klassiska spel som finns och \u00e4ven det kanske mest popul\u00e4ra enskilda spelet, speciellt bland casino kortspel. M\u00e5nga filmer har gjorts med black jack i centrum, till exempel filmen 21, vilket bevisar spelets popularitet. Kortspelet 21 har m\u00e5nga likheter med blackjack och har spelats sedan 1600-talet, man vet dock [&hellip;]\" \/>\n<meta property=\"og:url\" content=\"https:\/\/www.apnet.com\/se\/black-jack\/\" \/>\n<meta property=\"og:site_name\" content=\"Apnet\" \/>\n<meta property=\"article:modified_time\" content=\"2017-01-18T18:32:53+00:00\" \/>\n<meta property=\"og:image\" content=\"https:\/\/www.apnet.com\/se\/wp-content\/uploads\/2016\/04\/blackjack-online.jpg\" \/>\n<meta name=\"twitter:card\" content=\"summary_large_image\" \/>\n<meta name=\"twitter:label1\" content=\"Ber\u00e4knad l\u00e4stid\" \/>\n\t<meta name=\"twitter:data1\" content=\"2 minuter\" \/>\n<script type=\"application\/ld+json\" class=\"yoast-schema-graph\">{\"@context\":\"https:\/\/schema.org\",\"@graph\":[{\"@type\":\"WebPage\",\"@id\":\"https:\/\/www.apnet.com\/se\/black-jack\/\",\"url\":\"https:\/\/www.apnet.com\/se\/black-jack\/\",\"name\":\"Black jack - Apnet\",\"isPartOf\":{\"@id\":\"https:\/\/www.apnet.com\/se\/#website\"},\"datePublished\":\"2016-04-14T10:46:03+00:00\",\"dateModified\":\"2017-01-18T18:32:53+00:00\",\"breadcrumb\":{\"@id\":\"https:\/\/www.apnet.com\/se\/black-jack\/#breadcrumb\"},\"inLanguage\":\"sv-SE\",\"potentialAction\":[{\"@type\":\"ReadAction\",\"target\":[\"https:\/\/www.apnet.com\/se\/black-jack\/\"]}]},{\"@type\":\"BreadcrumbList\",\"@id\":\"https:\/\/www.apnet.com\/se\/black-jack\/#breadcrumb\",\"itemListElement\":[{\"@type\":\"ListItem\",\"position\":1,\"name\":\"Startsida\",\"item\":\"https:\/\/www.apnet.com\/se\/\"},{\"@type\":\"ListItem\",\"position\":2,\"name\":\"Black jack\"}]},{\"@type\":\"WebSite\",\"@id\":\"https:\/\/www.apnet.com\/se\/#website\",\"url\":\"https:\/\/www.apnet.com\/se\/\",\"name\":\"Apnet\",\"description\":\"\",\"potentialAction\":[{\"@type\":\"SearchAction\",\"target\":{\"@type\":\"EntryPoint\",\"urlTemplate\":\"https:\/\/www.apnet.com\/se\/?s={search_term_string}\"},\"query-input\":\"required name=search_term_string\"}],\"inLanguage\":\"sv-SE\"}]}<\/script>\n<!-- \/ Yoast SEO plugin. -->","yoast_head_json":{"title":"Black jack - Apnet","robots":{"index":"index","follow":"follow","max-snippet":"max-snippet:-1","max-image-preview":"max-image-preview:large","max-video-preview":"max-video-preview:-1"},"canonical":"https:\/\/www.apnet.com\/se\/black-jack\/","og_locale":"sv_SE","og_type":"article","og_title":"Black jack - Apnet","og_description":"Black jack \u00e4r ett av de mest klassiska spel som finns och \u00e4ven det kanske mest popul\u00e4ra enskilda spelet, speciellt bland casino kortspel. M\u00e5nga filmer har gjorts med black jack i centrum, till exempel filmen 21, vilket bevisar spelets popularitet. Kortspelet 21 har m\u00e5nga likheter med blackjack och har spelats sedan 1600-talet, man vet dock [&hellip;]","og_url":"https:\/\/www.apnet.com\/se\/black-jack\/","og_site_name":"Apnet","article_modified_time":"2017-01-18T18:32:53+00:00","og_image":[{"url":"https:\/\/www.apnet.com\/se\/wp-content\/uploads\/2016\/04\/blackjack-online.jpg"}],"twitter_card":"summary_large_image","twitter_misc":{"Ber\u00e4knad l\u00e4stid":"2 minuter"},"schema":{"@context":"https:\/\/schema.org","@graph":[{"@type":"WebPage","@id":"https:\/\/www.apnet.com\/se\/black-jack\/","url":"https:\/\/www.apnet.com\/se\/black-jack\/","name":"Black jack - Apnet","isPartOf":{"@id":"https:\/\/www.apnet.com\/se\/#website"},"datePublished":"2016-04-14T10:46:03+00:00","dateModified":"2017-01-18T18:32:53+00:00","breadcrumb":{"@id":"https:\/\/www.apnet.com\/se\/black-jack\/#breadcrumb"},"inLanguage":"sv-SE","potentialAction":[{"@type":"ReadAction","target":["https:\/\/www.apnet.com\/se\/black-jack\/"]}]},{"@type":"BreadcrumbList","@id":"https:\/\/www.apnet.com\/se\/black-jack\/#breadcrumb","itemListElement":[{"@type":"ListItem","position":1,"name":"Startsida","item":"https:\/\/www.apnet.com\/se\/"},{"@type":"ListItem","position":2,"name":"Black jack"}]},{"@type":"WebSite","@id":"https:\/\/www.apnet.com\/se\/#website","url":"https:\/\/www.apnet.com\/se\/","name":"Apnet","description":"","potentialAction":[{"@type":"SearchAction","target":{"@type":"EntryPoint","urlTemplate":"https:\/\/www.apnet.com\/se\/?s={search_term_string}"},"query-input":"required name=search_term_string"}],"inLanguage":"sv-SE"}]}},"_links":{"self":[{"href":"https:\/\/www.apnet.com\/se\/wp-json\/wp\/v2\/pages\/4"}],"collection":[{"href":"https:\/\/www.apnet.com\/se\/wp-json\/wp\/v2\/pages"}],"about":[{"href":"https:\/\/www.apnet.com\/se\/wp-json\/wp\/v2\/types\/page"}],"author":[{"embeddable":true,"href":"https:\/\/www.apnet.com\/se\/wp-json\/wp\/v2\/users\/2"}],"replies":[{"embeddable":true,"href":"https:\/\/www.apnet.com\/se\/wp-json\/wp\/v2\/comments?post=4"}],"version-history":[{"count":3,"href":"https:\/\/www.apnet.com\/se\/wp-json\/wp\/v2\/pages\/4\/revisions"}],"predecessor-version":[{"id":345,"href":"https:\/\/www.apnet.com\/se\/wp-json\/wp\/v2\/pages\/4\/revisions\/345"}],"wp:attachment":[{"href":"https:\/\/www.apnet.com\/se\/wp-json\/wp\/v2\/media?parent=4"}],"curies":[{"name":"wp","href":"https:\/\/api.w.org\/{rel}","templated":true}]}}