{"id":41,"date":"2016-04-14T11:07:37","date_gmt":"2016-04-14T11:07:37","guid":{"rendered":"\/\/www.apnet.com\/?page_id=41"},"modified":"2016-04-21T21:04:53","modified_gmt":"2016-04-21T21:04:53","slug":"exclusivebet-casino","status":"publish","type":"page","link":"https:\/\/www.apnet.com\/se\/recensioner\/exclusivebet-casino\/","title":{"rendered":"ExclusiveBet Casino recension"},"content":{"rendered":"<p>En annan stark sida \u00e4r att man erbjuder \u00f6ver 1200 olika casinospel, det positionerar ExclusiveBet bland de b\u00e4sta spelsajterna i Sverige. V\u00e5ra experter rekommenderar ExclusiveBet varmt till alla bes\u00f6kare.<\/p>\n<p>ExclusiveBet \u00e4r ett relativt nytt online casino f\u00f6r svenska spelare med fantastiska kampanjer och erbjudanden. ExclusiveBet lanserades 2013 av personer som varit med i branschen i \u00f6ver 10 \u00e5r, 2014 anst\u00e4lldes ett g\u00e4ng skandinaver f\u00f6r att lansera varum\u00e4rket i Sverige och Norge. ExclusiveBet \u00e4r ett casino online som blir allt popul\u00e4rare f\u00f6r varje m\u00e5nad, vi tror att det beror p\u00e5 deras stora spelutbud och marknadsledande casinobonusar.<\/p>\n<h3>V\u00e4lkomstbonus &amp; erbjudanden<\/h3>\n<p>ExclusiveBet Casino \u00e4r en spelsida som har allt man beh\u00f6ver, ta del av nya kampanjer hela tiden. V\u00e4lkomstbonusen ger nya spelare upp till 3750 kr och 75 free spins, se nedan:<\/p>\n<ul>\n<li>Gratis bonus &#8211; <strong>25 free spins<\/strong> p\u00e5 spelautomaten Guns and Roses\u2122<\/li>\n<li>1:a ins\u00e4ttningen &#8211; <strong>125% <\/strong>upp till <strong>1500 kr<\/strong> och <strong>50 free spins<\/strong> p\u00e5 spelautomaten Starburst\u2122<\/li>\n<li>2:a ins\u00e4ttningen &#8211; <strong>75%<\/strong> upp till <strong>1250 kr<\/strong><\/li>\n<li>3:e ins\u00e4ttningen &#8211; <strong>50%<\/strong> upp till <strong>1000 kr<\/strong><\/li>\n<\/ul>\n<p>Ut\u00f6ver v\u00e4lkomstbonusen s\u00e5 erbjuds massor av cash-back bonusar, ett spektakul\u00e4rt lojalitetsprogram d\u00e4r du tj\u00e4nar \u20ac1 (10 kr) f\u00f6r var 100:e lojalitetspo\u00e4ng, samt 2500 kr i reload bonus varje m\u00e5nad. F\u00f6r snabbare kreditering av bonusar kan man kontakta Exclusivebet\u2019s support via live-chatt, det fungerade utm\u00e4rkt n\u00e4r vi provade. Att spela hos ExclusiveBet l\u00f6nar sig flerfaldigt.<\/p>\n<h3>Spelutbud<\/h3>\n<p>Antalet spels som erbjuds hos ExclusiveBet \u00e4r ut\u00f6ver det vanliga, spelutbudet \u00e4r verkligen exklusivt eller vad s\u00e4gs om \u00f6ver 1200 olika casino spel fr\u00e5n 14 olika speltillverkare, t ex fr\u00e5n NetEnt, Microgaming, Play\u2019n Go, Betsoft, NYX, IsoftBet, 1X2, EGT, WorldMatch, Lega, Evolution Gaming, Ezugi, och BetGames. Du kommer aldrig ha tr\u00e5kigt hos Exclusivebet, dessutom s\u00e5 l\u00e4ggs 4-8 nya casinospel till casinot varje m\u00e5nad. Spela p\u00e5 popul\u00e4ra spelautomater s\u00e5 som Starburst\u2122, Guns N\u2019 Roses\u2122, Gonzo\u2019s Quest\u2122, Immortal Romance, Thunderstruck I &amp; II, Foxin Wins, och Neon Staxx. Du kan ocks\u00e5 spela klassiska spel s\u00e5 som roulette och blackjack, b\u00e5de i live casinot och som vanligt casinospel.<\/p>\n<h3>Kundservice<\/h3>\n<p>ExclusiveBet erbjuder professionell support om du beh\u00f6ver hj\u00e4lp med n\u00e5got eller har en fr\u00e5ga. Support p\u00e5 svenska erbjuds st\u00f6rre delen av dagen. Som hos de flesta andra spelsajter erbjuds kundservice via email, live-chatt, coh telefon. Vi rekommenderar live-chatten eftersom det \u00e4r snabbt och smidigt, och att man faktiskt kan g\u00f6ra annat under tiden som man v\u00e4ntar p\u00e5 svar. Live-chatten kommer man \u00e5t via l\u00e4nken som finns l\u00e4ngt upp i h\u00f6gra h\u00f6rnet p\u00e5 casinosidan.<\/p>\n<h3>Ins\u00e4ttningar och uttag<\/h3>\n<p>ExclusiveBet l\u00e4gger stor vikt p\u00e5 s\u00e4kerheten kring ins\u00e4ttningar och uttag, f\u00f6r er s\u00e4kerhet kan ni komma att beh\u00f6va skicka in verifieringsuppgifter vilket idag \u00e4r standard bland spelbolag. S\u00e4tt in pengar eller g\u00f6r ett uttag av vinsten via kreditkort, bankkort, Neteller, Skrill, EcoCard, eller ett flertal andra alternativ. Ins\u00e4ttningar sker i real-tid med de flesta ins\u00e4ttningsalternativen. ExclusiveBet \u00e4r snabba med uttagen ocks\u00e5, r\u00e4kna med 1-3 dagar i snitt beroende p\u00e5 vilken metod ni anv\u00e4nder.<\/p>\n<h3>Slutord om Exclusivebet Casino<\/h3>\n<p>Har du letat efter den ultimata casinosajten? Du beh\u00f6ver inte leta l\u00e4ngre, ExclusiveBet har verkligen allt man kan f\u00f6rv\u00e4nta sig av ett online casino, och lite d\u00e4r till! Casinot ger en exklusiv k\u00e4nsla rakt igenom. Prova Exclusivebet Casino idag, missa inte att ta del av deras superfina v\u00e4lkomsterbjudande som ger nya spelare upp till 3750 kr bonus + 75 free spins. Spela exklusivt och vinn stort!<\/p>\n","protected":false},"excerpt":{"rendered":"<p>En annan stark sida \u00e4r att man erbjuder \u00f6ver 1200 olika casinospel, det positionerar ExclusiveBet bland de b\u00e4sta spelsajterna i Sverige. V\u00e5ra experter rekommenderar ExclusiveBet varmt till alla bes\u00f6kare. ExclusiveBet \u00e4r ett relativt nytt online casino f\u00f6r svenska spelare med fantastiska kampanjer och erbjudanden. ExclusiveBet lanserades 2013 av personer som varit med i branschen i [&hellip;]<\/p>\n","protected":false},"author":2,"featured_media":0,"parent":28,"menu_order":0,"comment_status":"closed","ping_status":"closed","template":"","meta":[],"acf":[],"yoast_head":"<!-- This site is optimized with the Yoast SEO plugin v20.4 - https:\/\/yoast.com\/wordpress\/plugins\/seo\/ -->\n<title>ExclusiveBet Casino recension - Apnet<\/title>\n<meta name=\"robots\" content=\"index, follow, max-snippet:-1, max-image-preview:large, max-video-preview:-1\" \/>\n<link rel=\"canonical\" href=\"https:\/\/www.apnet.com\/se\/recensioner\/exclusivebet-casino\/\" \/>\n<meta property=\"og:locale\" content=\"sv_SE\" \/>\n<meta property=\"og:type\" content=\"article\" \/>\n<meta property=\"og:title\" content=\"ExclusiveBet Casino recension - Apnet\" \/>\n<meta property=\"og:description\" content=\"En annan stark sida \u00e4r att man erbjuder \u00f6ver 1200 olika casinospel, det positionerar ExclusiveBet bland de b\u00e4sta spelsajterna i Sverige. V\u00e5ra experter rekommenderar ExclusiveBet varmt till alla bes\u00f6kare. ExclusiveBet \u00e4r ett relativt nytt online casino f\u00f6r svenska spelare med fantastiska kampanjer och erbjudanden. ExclusiveBet lanserades 2013 av personer som varit med i branschen i [&hellip;]\" \/>\n<meta property=\"og:url\" content=\"https:\/\/www.apnet.com\/se\/recensioner\/exclusivebet-casino\/\" \/>\n<meta property=\"og:site_name\" content=\"Apnet\" \/>\n<meta property=\"article:modified_time\" content=\"2016-04-21T21:04:53+00:00\" \/>\n<meta name=\"twitter:card\" content=\"summary_large_image\" \/>\n<meta name=\"twitter:label1\" content=\"Ber\u00e4knad l\u00e4stid\" \/>\n\t<meta name=\"twitter:data1\" content=\"3 minuter\" \/>\n<script type=\"application\/ld+json\" class=\"yoast-schema-graph\">{\"@context\":\"https:\/\/schema.org\",\"@graph\":[{\"@type\":\"WebPage\",\"@id\":\"https:\/\/www.apnet.com\/se\/recensioner\/exclusivebet-casino\/\",\"url\":\"https:\/\/www.apnet.com\/se\/recensioner\/exclusivebet-casino\/\",\"name\":\"ExclusiveBet Casino recension - Apnet\",\"isPartOf\":{\"@id\":\"https:\/\/www.apnet.com\/se\/#website\"},\"datePublished\":\"2016-04-14T11:07:37+00:00\",\"dateModified\":\"2016-04-21T21:04:53+00:00\",\"breadcrumb\":{\"@id\":\"https:\/\/www.apnet.com\/se\/recensioner\/exclusivebet-casino\/#breadcrumb\"},\"inLanguage\":\"sv-SE\",\"potentialAction\":[{\"@type\":\"ReadAction\",\"target\":[\"https:\/\/www.apnet.com\/se\/recensioner\/exclusivebet-casino\/\"]}]},{\"@type\":\"BreadcrumbList\",\"@id\":\"https:\/\/www.apnet.com\/se\/recensioner\/exclusivebet-casino\/#breadcrumb\",\"itemListElement\":[{\"@type\":\"ListItem\",\"position\":1,\"name\":\"Startsida\",\"item\":\"https:\/\/www.apnet.com\/se\/\"},{\"@type\":\"ListItem\",\"position\":2,\"name\":\"Recensioner\",\"item\":\"https:\/\/www.apnet.com\/se\/recensioner\/\"},{\"@type\":\"ListItem\",\"position\":3,\"name\":\"ExclusiveBet Casino recension\"}]},{\"@type\":\"WebSite\",\"@id\":\"https:\/\/www.apnet.com\/se\/#website\",\"url\":\"https:\/\/www.apnet.com\/se\/\",\"name\":\"Apnet\",\"description\":\"\",\"potentialAction\":[{\"@type\":\"SearchAction\",\"target\":{\"@type\":\"EntryPoint\",\"urlTemplate\":\"https:\/\/www.apnet.com\/se\/?s={search_term_string}\"},\"query-input\":\"required name=search_term_string\"}],\"inLanguage\":\"sv-SE\"}]}<\/script>\n<!-- \/ Yoast SEO plugin. -->","yoast_head_json":{"title":"ExclusiveBet Casino recension - Apnet","robots":{"index":"index","follow":"follow","max-snippet":"max-snippet:-1","max-image-preview":"max-image-preview:large","max-video-preview":"max-video-preview:-1"},"canonical":"https:\/\/www.apnet.com\/se\/recensioner\/exclusivebet-casino\/","og_locale":"sv_SE","og_type":"article","og_title":"ExclusiveBet Casino recension - Apnet","og_description":"En annan stark sida \u00e4r att man erbjuder \u00f6ver 1200 olika casinospel, det positionerar ExclusiveBet bland de b\u00e4sta spelsajterna i Sverige. V\u00e5ra experter rekommenderar ExclusiveBet varmt till alla bes\u00f6kare. ExclusiveBet \u00e4r ett relativt nytt online casino f\u00f6r svenska spelare med fantastiska kampanjer och erbjudanden. ExclusiveBet lanserades 2013 av personer som varit med i branschen i [&hellip;]","og_url":"https:\/\/www.apnet.com\/se\/recensioner\/exclusivebet-casino\/","og_site_name":"Apnet","article_modified_time":"2016-04-21T21:04:53+00:00","twitter_card":"summary_large_image","twitter_misc":{"Ber\u00e4knad l\u00e4stid":"3 minuter"},"schema":{"@context":"https:\/\/schema.org","@graph":[{"@type":"WebPage","@id":"https:\/\/www.apnet.com\/se\/recensioner\/exclusivebet-casino\/","url":"https:\/\/www.apnet.com\/se\/recensioner\/exclusivebet-casino\/","name":"ExclusiveBet Casino recension - Apnet","isPartOf":{"@id":"https:\/\/www.apnet.com\/se\/#website"},"datePublished":"2016-04-14T11:07:37+00:00","dateModified":"2016-04-21T21:04:53+00:00","breadcrumb":{"@id":"https:\/\/www.apnet.com\/se\/recensioner\/exclusivebet-casino\/#breadcrumb"},"inLanguage":"sv-SE","potentialAction":[{"@type":"ReadAction","target":["https:\/\/www.apnet.com\/se\/recensioner\/exclusivebet-casino\/"]}]},{"@type":"BreadcrumbList","@id":"https:\/\/www.apnet.com\/se\/recensioner\/exclusivebet-casino\/#breadcrumb","itemListElement":[{"@type":"ListItem","position":1,"name":"Startsida","item":"https:\/\/www.apnet.com\/se\/"},{"@type":"ListItem","position":2,"name":"Recensioner","item":"https:\/\/www.apnet.com\/se\/recensioner\/"},{"@type":"ListItem","position":3,"name":"ExclusiveBet Casino recension"}]},{"@type":"WebSite","@id":"https:\/\/www.apnet.com\/se\/#website","url":"https:\/\/www.apnet.com\/se\/","name":"Apnet","description":"","potentialAction":[{"@type":"SearchAction","target":{"@type":"EntryPoint","urlTemplate":"https:\/\/www.apnet.com\/se\/?s={search_term_string}"},"query-input":"required name=search_term_string"}],"inLanguage":"sv-SE"}]}},"_links":{"self":[{"href":"https:\/\/www.apnet.com\/se\/wp-json\/wp\/v2\/pages\/41"}],"collection":[{"href":"https:\/\/www.apnet.com\/se\/wp-json\/wp\/v2\/pages"}],"about":[{"href":"https:\/\/www.apnet.com\/se\/wp-json\/wp\/v2\/types\/page"}],"author":[{"embeddable":true,"href":"https:\/\/www.apnet.com\/se\/wp-json\/wp\/v2\/users\/2"}],"replies":[{"embeddable":true,"href":"https:\/\/www.apnet.com\/se\/wp-json\/wp\/v2\/comments?post=41"}],"version-history":[{"count":6,"href":"https:\/\/www.apnet.com\/se\/wp-json\/wp\/v2\/pages\/41\/revisions"}],"predecessor-version":[{"id":178,"href":"https:\/\/www.apnet.com\/se\/wp-json\/wp\/v2\/pages\/41\/revisions\/178"}],"up":[{"embeddable":true,"href":"https:\/\/www.apnet.com\/se\/wp-json\/wp\/v2\/pages\/28"}],"wp:attachment":[{"href":"https:\/\/www.apnet.com\/se\/wp-json\/wp\/v2\/media?parent=41"}],"curies":[{"name":"wp","href":"https:\/\/api.w.org\/{rel}","templated":true}]}}