{"id":43,"date":"2016-04-14T11:08:13","date_gmt":"2016-04-14T11:08:13","guid":{"rendered":"\/\/www.apnet.com\/?page_id=43"},"modified":"2016-04-21T21:09:37","modified_gmt":"2016-04-21T21:09:37","slug":"jackpot-city","status":"publish","type":"page","link":"https:\/\/www.apnet.com\/se\/recensioner\/jackpot-city\/","title":{"rendered":"Jackpot City recension"},"content":{"rendered":"<p>Det f\u00f6rsta du b\u00f6r titta p\u00e5 som spelare \u00e4r sj\u00e4lvklart vilket v\u00e4lkomsterbjudande du f\u00e5r. Det enda du beh\u00f6ver g\u00f6ra p\u00e5 JackpotCity \u00e4r att registrera ett konto, och med en g\u00e5ng kvalificerar du f\u00f6r fyra matchbonusar v\u00e4rda upp till totalt 16 000kr! \u00a0Men det \u00e4r bara b\u00f6rjan. N\u00e4r du f\u00e5tt din v\u00e4lkomstbonus \u00e4r du automatiskt ber\u00e4ttigad till ett nytt matcherbjudande varenda dag, dina Deal-A-Day-bonusar! Ut\u00f6ver detta kan du delta i sp\u00e4nnande kampanjer och utlottningar, och vinna bland annat teknikprylar, semesterresor, kontanter och bilar. Med hj\u00e4lp av lojalitetsprogrammet kan du v\u00e4xla till dig extra kontantkrediter s\u00e5 snart du samlat p\u00e5 dig nog med po\u00e4ng.<\/p>\n<p>S\u00e5 har vi s\u00e5klart spelen. P\u00e5 JackpotCity erbjuds fler \u00e4n 500 casinospel, skapade av den ledande mjukvaruleverant\u00f6ren Microgaming. Microgaming \u00e4r k\u00e4nt f\u00f6r att st\u00e4ndigt leverera casinospel av absolut h\u00f6gsta kvalitet, och det senaste inom ljud- och bildeffekter. I casinot hittar du de senaste slotsen, skraplotter och klassiska bordsspel. Keno, blackjack, roulette, craps och baccarat \u00e4r bara en del av utbudet. JackpotCity \u00e4r ofta f\u00f6rst p\u00e5 bollen, och varje m\u00e5nad sl\u00e4pps heta nyheter i casinot. Risken att du ledsnar \u00e4r med andra ord minimal. F\u00f6r att f\u00f6rst\u00e4rka casinok\u00e4nslan ytterligare kan du till och med spela mot andra med en riktig croupier i realtid. Live Dealer-funktionen \u00e4r ett helt nytt s\u00e4tt att spela casino online, och blackjack, roulette eller ett parti baccarat v\u00e4ntar.<\/p>\n<p>Du funderar garanterat p\u00e5 s\u00e4kerheten, och kan spela tryggt medveten om att JackpotCity har en licens fr\u00e5n spel- och lotterin\u00e4mnden p\u00e5 Malta, samt \u00e4r godk\u00e4nda av den oberoende och respekterade branschregulatorn eCOGRA. Denna kvalitetsst\u00e4mpel delas ut som erk\u00e4nnande av r\u00e4ttvist spelande, ansvarsfull casinodrift och snabba utbetalningar. Funderar du p\u00e5 n\u00e5got, eller beh\u00f6ver hj\u00e4lp med stort som sm\u00e5tt, finns casinots supportteam tillg\u00e4ngligt dygnet runt, alla dagar i veckan och kan n\u00e5s p\u00e5 telefon, via chatt eller e-post.<\/p>\n","protected":false},"excerpt":{"rendered":"<p>Det f\u00f6rsta du b\u00f6r titta p\u00e5 som spelare \u00e4r sj\u00e4lvklart vilket v\u00e4lkomsterbjudande du f\u00e5r. Det enda du beh\u00f6ver g\u00f6ra p\u00e5 JackpotCity \u00e4r att registrera ett konto, och med en g\u00e5ng kvalificerar du f\u00f6r fyra matchbonusar v\u00e4rda upp till totalt 16 000kr! \u00a0Men det \u00e4r bara b\u00f6rjan. N\u00e4r du f\u00e5tt din v\u00e4lkomstbonus \u00e4r du automatiskt ber\u00e4ttigad [&hellip;]<\/p>\n","protected":false},"author":2,"featured_media":0,"parent":28,"menu_order":0,"comment_status":"closed","ping_status":"closed","template":"","meta":[],"acf":[],"yoast_head":"<!-- This site is optimized with the Yoast SEO plugin v20.4 - https:\/\/yoast.com\/wordpress\/plugins\/seo\/ -->\n<title>Jackpot City recension - Apnet<\/title>\n<meta name=\"robots\" content=\"index, follow, max-snippet:-1, max-image-preview:large, max-video-preview:-1\" \/>\n<link rel=\"canonical\" href=\"https:\/\/www.apnet.com\/se\/recensioner\/jackpot-city\/\" \/>\n<meta property=\"og:locale\" content=\"sv_SE\" \/>\n<meta property=\"og:type\" content=\"article\" \/>\n<meta property=\"og:title\" content=\"Jackpot City recension - Apnet\" \/>\n<meta property=\"og:description\" content=\"Det f\u00f6rsta du b\u00f6r titta p\u00e5 som spelare \u00e4r sj\u00e4lvklart vilket v\u00e4lkomsterbjudande du f\u00e5r. Det enda du beh\u00f6ver g\u00f6ra p\u00e5 JackpotCity \u00e4r att registrera ett konto, och med en g\u00e5ng kvalificerar du f\u00f6r fyra matchbonusar v\u00e4rda upp till totalt 16 000kr! \u00a0Men det \u00e4r bara b\u00f6rjan. N\u00e4r du f\u00e5tt din v\u00e4lkomstbonus \u00e4r du automatiskt ber\u00e4ttigad [&hellip;]\" \/>\n<meta property=\"og:url\" content=\"https:\/\/www.apnet.com\/se\/recensioner\/jackpot-city\/\" \/>\n<meta property=\"og:site_name\" content=\"Apnet\" \/>\n<meta property=\"article:modified_time\" content=\"2016-04-21T21:09:37+00:00\" \/>\n<meta name=\"twitter:card\" content=\"summary_large_image\" \/>\n<meta name=\"twitter:label1\" content=\"Ber\u00e4knad l\u00e4stid\" \/>\n\t<meta name=\"twitter:data1\" content=\"2 minuter\" \/>\n<script type=\"application\/ld+json\" class=\"yoast-schema-graph\">{\"@context\":\"https:\/\/schema.org\",\"@graph\":[{\"@type\":\"WebPage\",\"@id\":\"https:\/\/www.apnet.com\/se\/recensioner\/jackpot-city\/\",\"url\":\"https:\/\/www.apnet.com\/se\/recensioner\/jackpot-city\/\",\"name\":\"Jackpot City recension - Apnet\",\"isPartOf\":{\"@id\":\"https:\/\/www.apnet.com\/se\/#website\"},\"datePublished\":\"2016-04-14T11:08:13+00:00\",\"dateModified\":\"2016-04-21T21:09:37+00:00\",\"breadcrumb\":{\"@id\":\"https:\/\/www.apnet.com\/se\/recensioner\/jackpot-city\/#breadcrumb\"},\"inLanguage\":\"sv-SE\",\"potentialAction\":[{\"@type\":\"ReadAction\",\"target\":[\"https:\/\/www.apnet.com\/se\/recensioner\/jackpot-city\/\"]}]},{\"@type\":\"BreadcrumbList\",\"@id\":\"https:\/\/www.apnet.com\/se\/recensioner\/jackpot-city\/#breadcrumb\",\"itemListElement\":[{\"@type\":\"ListItem\",\"position\":1,\"name\":\"Startsida\",\"item\":\"https:\/\/www.apnet.com\/se\/\"},{\"@type\":\"ListItem\",\"position\":2,\"name\":\"Recensioner\",\"item\":\"https:\/\/www.apnet.com\/se\/recensioner\/\"},{\"@type\":\"ListItem\",\"position\":3,\"name\":\"Jackpot City recension\"}]},{\"@type\":\"WebSite\",\"@id\":\"https:\/\/www.apnet.com\/se\/#website\",\"url\":\"https:\/\/www.apnet.com\/se\/\",\"name\":\"Apnet\",\"description\":\"\",\"potentialAction\":[{\"@type\":\"SearchAction\",\"target\":{\"@type\":\"EntryPoint\",\"urlTemplate\":\"https:\/\/www.apnet.com\/se\/?s={search_term_string}\"},\"query-input\":\"required name=search_term_string\"}],\"inLanguage\":\"sv-SE\"}]}<\/script>\n<!-- \/ Yoast SEO plugin. -->","yoast_head_json":{"title":"Jackpot City recension - Apnet","robots":{"index":"index","follow":"follow","max-snippet":"max-snippet:-1","max-image-preview":"max-image-preview:large","max-video-preview":"max-video-preview:-1"},"canonical":"https:\/\/www.apnet.com\/se\/recensioner\/jackpot-city\/","og_locale":"sv_SE","og_type":"article","og_title":"Jackpot City recension - Apnet","og_description":"Det f\u00f6rsta du b\u00f6r titta p\u00e5 som spelare \u00e4r sj\u00e4lvklart vilket v\u00e4lkomsterbjudande du f\u00e5r. Det enda du beh\u00f6ver g\u00f6ra p\u00e5 JackpotCity \u00e4r att registrera ett konto, och med en g\u00e5ng kvalificerar du f\u00f6r fyra matchbonusar v\u00e4rda upp till totalt 16 000kr! \u00a0Men det \u00e4r bara b\u00f6rjan. N\u00e4r du f\u00e5tt din v\u00e4lkomstbonus \u00e4r du automatiskt ber\u00e4ttigad [&hellip;]","og_url":"https:\/\/www.apnet.com\/se\/recensioner\/jackpot-city\/","og_site_name":"Apnet","article_modified_time":"2016-04-21T21:09:37+00:00","twitter_card":"summary_large_image","twitter_misc":{"Ber\u00e4knad l\u00e4stid":"2 minuter"},"schema":{"@context":"https:\/\/schema.org","@graph":[{"@type":"WebPage","@id":"https:\/\/www.apnet.com\/se\/recensioner\/jackpot-city\/","url":"https:\/\/www.apnet.com\/se\/recensioner\/jackpot-city\/","name":"Jackpot City recension - Apnet","isPartOf":{"@id":"https:\/\/www.apnet.com\/se\/#website"},"datePublished":"2016-04-14T11:08:13+00:00","dateModified":"2016-04-21T21:09:37+00:00","breadcrumb":{"@id":"https:\/\/www.apnet.com\/se\/recensioner\/jackpot-city\/#breadcrumb"},"inLanguage":"sv-SE","potentialAction":[{"@type":"ReadAction","target":["https:\/\/www.apnet.com\/se\/recensioner\/jackpot-city\/"]}]},{"@type":"BreadcrumbList","@id":"https:\/\/www.apnet.com\/se\/recensioner\/jackpot-city\/#breadcrumb","itemListElement":[{"@type":"ListItem","position":1,"name":"Startsida","item":"https:\/\/www.apnet.com\/se\/"},{"@type":"ListItem","position":2,"name":"Recensioner","item":"https:\/\/www.apnet.com\/se\/recensioner\/"},{"@type":"ListItem","position":3,"name":"Jackpot City recension"}]},{"@type":"WebSite","@id":"https:\/\/www.apnet.com\/se\/#website","url":"https:\/\/www.apnet.com\/se\/","name":"Apnet","description":"","potentialAction":[{"@type":"SearchAction","target":{"@type":"EntryPoint","urlTemplate":"https:\/\/www.apnet.com\/se\/?s={search_term_string}"},"query-input":"required name=search_term_string"}],"inLanguage":"sv-SE"}]}},"_links":{"self":[{"href":"https:\/\/www.apnet.com\/se\/wp-json\/wp\/v2\/pages\/43"}],"collection":[{"href":"https:\/\/www.apnet.com\/se\/wp-json\/wp\/v2\/pages"}],"about":[{"href":"https:\/\/www.apnet.com\/se\/wp-json\/wp\/v2\/types\/page"}],"author":[{"embeddable":true,"href":"https:\/\/www.apnet.com\/se\/wp-json\/wp\/v2\/users\/2"}],"replies":[{"embeddable":true,"href":"https:\/\/www.apnet.com\/se\/wp-json\/wp\/v2\/comments?post=43"}],"version-history":[{"count":5,"href":"https:\/\/www.apnet.com\/se\/wp-json\/wp\/v2\/pages\/43\/revisions"}],"predecessor-version":[{"id":186,"href":"https:\/\/www.apnet.com\/se\/wp-json\/wp\/v2\/pages\/43\/revisions\/186"}],"up":[{"embeddable":true,"href":"https:\/\/www.apnet.com\/se\/wp-json\/wp\/v2\/pages\/28"}],"wp:attachment":[{"href":"https:\/\/www.apnet.com\/se\/wp-json\/wp\/v2\/media?parent=43"}],"curies":[{"name":"wp","href":"https:\/\/api.w.org\/{rel}","templated":true}]}}