{"id":45,"date":"2016-04-14T11:08:57","date_gmt":"2016-04-14T11:08:57","guid":{"rendered":"\/\/www.apnet.com\/?page_id=45"},"modified":"2016-04-21T21:25:49","modified_gmt":"2016-04-21T21:25:49","slug":"leovegas","status":"publish","type":"page","link":"https:\/\/www.apnet.com\/se\/recensioner\/leovegas\/","title":{"rendered":"LeoVegas recension"},"content":{"rendered":"<p>Under 2012 lanserades LeoVegas som det f\u00f6rsta riktiga mobilcasinot p\u00e5 marknaden. Siktet var tidigt inst\u00e4llt p\u00e5 att snabbt bli Europas ledande mobilcasino. Med hj\u00e4lp av sitt helhj\u00e4rtade fokus p\u00e5 mobilen har f\u00f6retaget lyckats med en l\u00e4ttanv\u00e4nd helhetsl\u00f6sning som b\u00e5de onlinecasino och mobilcasino. Senaste beviset p\u00e5 LeoVegas fortsatta succ\u00e9 kom under EGR Awards i januari 2016, n\u00e4rmast att j\u00e4mf\u00f6ra med spelv\u00e4rldens Oscarsgala. D\u00e4r plockade LeoVegas hem titlarna Casino Operator of the Year, Mobile Operator of the Year och Nordic Operator of the Year. Tre tunga priser som gavs med motiveringen att casinot forts\u00e4tter sin innovativa och lekfulla resa inom casino-sektorn.<\/p>\n<h3>Bonusar och gratisspinn<\/h3>\n<p>En av de kanske viktigaste bitarna f\u00f6r m\u00e5nga spelare \u00e4r casinobonusen. Inte s\u00e5 konstigt kan tyckas med den stenh\u00e5rda konkurrens som finns p\u00e5 marknaden idag. Att f\u00e5 ut maximalt spelande fr\u00e5n sina slantar \u00e4r definitivt n\u00e5got LeoVegas kan erbjuda. V\u00e4lkomsterbjudandet f\u00f6r nya kunder kan mycket v\u00e4l vara ett av casinomarknadens absolut b\u00e4sta. Bonusarna \u00e4r uppdelade i hela fem stycken olika delar och best\u00e5r av b\u00e5de gratis spinn och ins\u00e4ttningsbonusar. Sammanlagt g\u00e5r det att plocka hem hela 10 000 kr i ins\u00e4ttningsbonusar, plus 200 gratisspinn!<\/p>\n<p>Den f\u00f6rsta bonusen i form av 20 gratisspinn levereras direkt vid registrering som en h\u00e4rlig inledning. Inga ins\u00e4ttningskrav \u00e4r kopplade till registringsbonusen. Det g\u00e5r dessutom att v\u00e4lja mellan fyra popul\u00e4ra spel f\u00f6r dina gratis spinn.<\/p>\n<h3>Ins\u00e4ttningsbonus<\/h3>\n<p>Vid den f\u00f6rsta ins\u00e4ttningen matchar LeoVegas summan med hela 200 %, upp till 1000 kr. Som extra gr\u00e4dde p\u00e5 moset tillkommer \u00e4ven 180 nya gratisspinn p\u00e5 heta Mega Fortune Dreams, Starburst, egna spelet Vegas Party eller snabba Drive. Med ytterligare ins\u00e4ttningar kommer \u00e4nnu fler bonusar. Bonusprogrammet ger dig en bonus p\u00e5 100 % vid andra ins\u00e4ttningen och 50 % p\u00e5 tredje och fj\u00e4rde ins\u00e4ttningen. Oms\u00e4ttningskravet \u00e4r p\u00e5 35 g\u00e5nger, vilket kan ses som normalt i branschen. Efter v\u00e4lkomsterbjudandet \u00e4r det viktigt att bonuserbjudanden \u00e4r aktiverat f\u00f6r mejl och SMS. H\u00e4r kommer kontinuerliga kampanjer och sp\u00e4nnande erbjudanden. Minst sagt ett riktigt varmt v\u00e4lkomnande till nya kunder!<\/p>\n<h3>Spelutbudet p\u00e5 LeoVegas<\/h3>\n<p>Genom ett gener\u00f6st bonusprogram blir det ocks\u00e5 l\u00e4ttare att utforska LeoVegas gigantiska spelutbud. F\u00e5 onlinecasinon kan konkurrera med LeoVegas \u00f6ver 600 spel fr\u00e5n 29 olika spelleverant\u00f6rer. H\u00e4r finns alla stora mjukvaruakt\u00f6rer &#8211; NetEnt, Microgaming, Nextgen, Evolution Gaming och m\u00e5nga fler. Det finns helt enkelt n\u00e5got f\u00f6r alla vare sig det \u00e4r slots, spelautomater eller blackjack.<\/p>\n<p>Tar man en titt p\u00e5 LeoVegas f\u00f6rstasida \u00e4r spelen uppdelade i sju olika kategorier. Samlingsfliken med popul\u00e4ra spel f\u00f6ljs av kategorierna slottar, spelautomater, livespel, jackpotspel, roulette och bordsspel. Det finns ocks\u00e5 en smart l\u00f6sning d\u00e4r ikoner p\u00e5 favoritspel visas p\u00e5 rad i nedre delen av sk\u00e4rmen. Genomt\u00e4nkta sm\u00e5 funktioner som favoritspel, s\u00f6khj\u00e4lp och spelkategorier g\u00f6r det verkligen enkelt att fokusera p\u00e5 det som \u00e4r kul \u2013 att spela!<\/p>\n<h3>Fokus ligger p\u00e5 mobilen<\/h3>\n<p>LeoVegas har som tidigare n\u00e4mnts ett klart fokus p\u00e5 mobilen. Detta inneb\u00e4r inte att onlinecasinot \u00e4r mindre betydelsefullt &#8211; bara att LeoVegas har som vision att erbjuda det b\u00e4sta mobilcasinot i v\u00e4rlden. Ist\u00e4llet f\u00f6r att g\u00f6ra som de andra akt\u00f6rerna och b\u00f6rja med en hemsida f\u00f6r datorer och sedan anpassa den till mobilen, har Leo gjort precis tv\u00e4rt om. Med en stilfull och enkel design kan spelarna sk\u00f6ta allt som beh\u00f6vs direkt via webbl\u00e4saren, mobilappen eller surfplattan. Det spelar ingen roll om det \u00e4r ins\u00e4ttningar, snabba uttag eller fr\u00e5gor \u00f6ver chatten till supporten, det funkar lika bra framf\u00f6r datorn som i handen p\u00e5 en iPhone.<\/p>\n<h3>Support och hj\u00e4lp<\/h3>\n<p>\u00c4ven om fr\u00e5gor och funderingar s\u00e4llan beh\u00f6vs, d\u00e5 allt vanligtvis rullar p\u00e5 riktigt bra, finns LeoVegas professionella support ett klick bort. Supporten talar svenska och \u00e4r tillg\u00e4nglig dygnet runt via chatt, mejl och telefon.<\/p>\n<p>Registrerar du dig p\u00e5 LeoVegas kommer du definitivt bli v\u00e4l omh\u00e4ndertagen. En p\u00e5litlig och s\u00e4ker produkt som varvas med bra bonusar, m\u00e5nga spel och snabba uttag!<\/p>\n","protected":false},"excerpt":{"rendered":"<p>Under 2012 lanserades LeoVegas som det f\u00f6rsta riktiga mobilcasinot p\u00e5 marknaden. Siktet var tidigt inst\u00e4llt p\u00e5 att snabbt bli Europas ledande mobilcasino. Med hj\u00e4lp av sitt helhj\u00e4rtade fokus p\u00e5 mobilen har f\u00f6retaget lyckats med en l\u00e4ttanv\u00e4nd helhetsl\u00f6sning som b\u00e5de onlinecasino och mobilcasino. Senaste beviset p\u00e5 LeoVegas fortsatta succ\u00e9 kom under EGR Awards i januari 2016, [&hellip;]<\/p>\n","protected":false},"author":2,"featured_media":0,"parent":28,"menu_order":0,"comment_status":"closed","ping_status":"closed","template":"","meta":[],"acf":[],"yoast_head":"<!-- This site is optimized with the Yoast SEO plugin v20.4 - https:\/\/yoast.com\/wordpress\/plugins\/seo\/ -->\n<title>LeoVegas recension - Apnet<\/title>\n<meta name=\"robots\" content=\"index, follow, max-snippet:-1, max-image-preview:large, max-video-preview:-1\" \/>\n<link rel=\"canonical\" href=\"https:\/\/www.apnet.com\/se\/recensioner\/leovegas\/\" \/>\n<meta property=\"og:locale\" content=\"sv_SE\" \/>\n<meta property=\"og:type\" content=\"article\" \/>\n<meta property=\"og:title\" content=\"LeoVegas recension - Apnet\" \/>\n<meta property=\"og:description\" content=\"Under 2012 lanserades LeoVegas som det f\u00f6rsta riktiga mobilcasinot p\u00e5 marknaden. Siktet var tidigt inst\u00e4llt p\u00e5 att snabbt bli Europas ledande mobilcasino. Med hj\u00e4lp av sitt helhj\u00e4rtade fokus p\u00e5 mobilen har f\u00f6retaget lyckats med en l\u00e4ttanv\u00e4nd helhetsl\u00f6sning som b\u00e5de onlinecasino och mobilcasino. Senaste beviset p\u00e5 LeoVegas fortsatta succ\u00e9 kom under EGR Awards i januari 2016, [&hellip;]\" \/>\n<meta property=\"og:url\" content=\"https:\/\/www.apnet.com\/se\/recensioner\/leovegas\/\" \/>\n<meta property=\"og:site_name\" content=\"Apnet\" \/>\n<meta property=\"article:modified_time\" content=\"2016-04-21T21:25:49+00:00\" \/>\n<meta name=\"twitter:card\" content=\"summary_large_image\" \/>\n<meta name=\"twitter:label1\" content=\"Ber\u00e4knad l\u00e4stid\" \/>\n\t<meta name=\"twitter:data1\" content=\"4 minuter\" \/>\n<script type=\"application\/ld+json\" class=\"yoast-schema-graph\">{\"@context\":\"https:\/\/schema.org\",\"@graph\":[{\"@type\":\"WebPage\",\"@id\":\"https:\/\/www.apnet.com\/se\/recensioner\/leovegas\/\",\"url\":\"https:\/\/www.apnet.com\/se\/recensioner\/leovegas\/\",\"name\":\"LeoVegas recension - Apnet\",\"isPartOf\":{\"@id\":\"https:\/\/www.apnet.com\/se\/#website\"},\"datePublished\":\"2016-04-14T11:08:57+00:00\",\"dateModified\":\"2016-04-21T21:25:49+00:00\",\"breadcrumb\":{\"@id\":\"https:\/\/www.apnet.com\/se\/recensioner\/leovegas\/#breadcrumb\"},\"inLanguage\":\"sv-SE\",\"potentialAction\":[{\"@type\":\"ReadAction\",\"target\":[\"https:\/\/www.apnet.com\/se\/recensioner\/leovegas\/\"]}]},{\"@type\":\"BreadcrumbList\",\"@id\":\"https:\/\/www.apnet.com\/se\/recensioner\/leovegas\/#breadcrumb\",\"itemListElement\":[{\"@type\":\"ListItem\",\"position\":1,\"name\":\"Startsida\",\"item\":\"https:\/\/www.apnet.com\/se\/\"},{\"@type\":\"ListItem\",\"position\":2,\"name\":\"Recensioner\",\"item\":\"https:\/\/www.apnet.com\/se\/recensioner\/\"},{\"@type\":\"ListItem\",\"position\":3,\"name\":\"LeoVegas recension\"}]},{\"@type\":\"WebSite\",\"@id\":\"https:\/\/www.apnet.com\/se\/#website\",\"url\":\"https:\/\/www.apnet.com\/se\/\",\"name\":\"Apnet\",\"description\":\"\",\"potentialAction\":[{\"@type\":\"SearchAction\",\"target\":{\"@type\":\"EntryPoint\",\"urlTemplate\":\"https:\/\/www.apnet.com\/se\/?s={search_term_string}\"},\"query-input\":\"required name=search_term_string\"}],\"inLanguage\":\"sv-SE\"}]}<\/script>\n<!-- \/ Yoast SEO plugin. -->","yoast_head_json":{"title":"LeoVegas recension - Apnet","robots":{"index":"index","follow":"follow","max-snippet":"max-snippet:-1","max-image-preview":"max-image-preview:large","max-video-preview":"max-video-preview:-1"},"canonical":"https:\/\/www.apnet.com\/se\/recensioner\/leovegas\/","og_locale":"sv_SE","og_type":"article","og_title":"LeoVegas recension - Apnet","og_description":"Under 2012 lanserades LeoVegas som det f\u00f6rsta riktiga mobilcasinot p\u00e5 marknaden. Siktet var tidigt inst\u00e4llt p\u00e5 att snabbt bli Europas ledande mobilcasino. Med hj\u00e4lp av sitt helhj\u00e4rtade fokus p\u00e5 mobilen har f\u00f6retaget lyckats med en l\u00e4ttanv\u00e4nd helhetsl\u00f6sning som b\u00e5de onlinecasino och mobilcasino. Senaste beviset p\u00e5 LeoVegas fortsatta succ\u00e9 kom under EGR Awards i januari 2016, [&hellip;]","og_url":"https:\/\/www.apnet.com\/se\/recensioner\/leovegas\/","og_site_name":"Apnet","article_modified_time":"2016-04-21T21:25:49+00:00","twitter_card":"summary_large_image","twitter_misc":{"Ber\u00e4knad l\u00e4stid":"4 minuter"},"schema":{"@context":"https:\/\/schema.org","@graph":[{"@type":"WebPage","@id":"https:\/\/www.apnet.com\/se\/recensioner\/leovegas\/","url":"https:\/\/www.apnet.com\/se\/recensioner\/leovegas\/","name":"LeoVegas recension - Apnet","isPartOf":{"@id":"https:\/\/www.apnet.com\/se\/#website"},"datePublished":"2016-04-14T11:08:57+00:00","dateModified":"2016-04-21T21:25:49+00:00","breadcrumb":{"@id":"https:\/\/www.apnet.com\/se\/recensioner\/leovegas\/#breadcrumb"},"inLanguage":"sv-SE","potentialAction":[{"@type":"ReadAction","target":["https:\/\/www.apnet.com\/se\/recensioner\/leovegas\/"]}]},{"@type":"BreadcrumbList","@id":"https:\/\/www.apnet.com\/se\/recensioner\/leovegas\/#breadcrumb","itemListElement":[{"@type":"ListItem","position":1,"name":"Startsida","item":"https:\/\/www.apnet.com\/se\/"},{"@type":"ListItem","position":2,"name":"Recensioner","item":"https:\/\/www.apnet.com\/se\/recensioner\/"},{"@type":"ListItem","position":3,"name":"LeoVegas recension"}]},{"@type":"WebSite","@id":"https:\/\/www.apnet.com\/se\/#website","url":"https:\/\/www.apnet.com\/se\/","name":"Apnet","description":"","potentialAction":[{"@type":"SearchAction","target":{"@type":"EntryPoint","urlTemplate":"https:\/\/www.apnet.com\/se\/?s={search_term_string}"},"query-input":"required name=search_term_string"}],"inLanguage":"sv-SE"}]}},"_links":{"self":[{"href":"https:\/\/www.apnet.com\/se\/wp-json\/wp\/v2\/pages\/45"}],"collection":[{"href":"https:\/\/www.apnet.com\/se\/wp-json\/wp\/v2\/pages"}],"about":[{"href":"https:\/\/www.apnet.com\/se\/wp-json\/wp\/v2\/types\/page"}],"author":[{"embeddable":true,"href":"https:\/\/www.apnet.com\/se\/wp-json\/wp\/v2\/users\/2"}],"replies":[{"embeddable":true,"href":"https:\/\/www.apnet.com\/se\/wp-json\/wp\/v2\/comments?post=45"}],"version-history":[{"count":4,"href":"https:\/\/www.apnet.com\/se\/wp-json\/wp\/v2\/pages\/45\/revisions"}],"predecessor-version":[{"id":196,"href":"https:\/\/www.apnet.com\/se\/wp-json\/wp\/v2\/pages\/45\/revisions\/196"}],"up":[{"embeddable":true,"href":"https:\/\/www.apnet.com\/se\/wp-json\/wp\/v2\/pages\/28"}],"wp:attachment":[{"href":"https:\/\/www.apnet.com\/se\/wp-json\/wp\/v2\/media?parent=45"}],"curies":[{"name":"wp","href":"https:\/\/api.w.org\/{rel}","templated":true}]}}