{"id":47,"date":"2016-04-14T11:10:06","date_gmt":"2016-04-14T11:10:06","guid":{"rendered":"\/\/www.apnet.com\/?page_id=47"},"modified":"2016-04-21T21:28:39","modified_gmt":"2016-04-21T21:28:39","slug":"mobilbet-casino","status":"publish","type":"page","link":"https:\/\/www.apnet.com\/se\/recensioner\/mobilbet-casino\/","title":{"rendered":"Mobilbet Casino recension"},"content":{"rendered":"<h3>Ett n\u00e4stintill allomfattande spelutbud<\/h3>\n<p>Mobilbet lanserades i maj 2014. P\u00e5 kort tid lyckades de g\u00e5 hem hos oss spelare i Sverige. I deras onlinecasino hittar du flera hundra olika spel. Allt fr\u00e5n slots fr\u00e5n k\u00e4nda spelleverant\u00f6rer som NetEnt, Betsoft, Microgaming och Yggdrasil till riktiga casinoklassiker som blackjack, roulette och videpoker g\u00e5r att spela p\u00e5. Gl\u00f6mde vi s\u00e4ga att ocks\u00e5 finner folkk\u00e4ra stugfavoriter som bingo och keno? Hur som helst, du har nog f\u00f6rst\u00e5tt. Spelutbudet \u00e4r enormt.<\/p>\n<p>F\u00f6r att maxa det hela ytterligare kan du \u00e4ven spela, exempelvis ett parti roulette, i livedelen p\u00e5 Mobilbets casino. H\u00e4r satsar du mot en croupier som \u00e4r uppkopplad live mot en videokamera under tiden du satsar och \u00e4ven kan chatta med dina andra medspelare. En kul social grej som har blivit allt vanligare hos casinon online.<\/p>\n<p>Mobilbet har dessutom en riktigt vass sportsbook med odds utav de b\u00e4ttre slaget. F\u00f6r visst kan det vara kul att variera ibland och l\u00e4gga ett sk\u00f6nt spel p\u00e5 t ex fotboll eller ishockey?<\/p>\n<h3>Gener\u00f6st v\u00e4lkomsterbjudande kryddat med free spins<\/h3>\n<p>Allt finlir spelar faktiskt ingen st\u00f6rre roll om inte v\u00e4lkomstbonusen passar. Det \u00e4r \u00e4nd\u00e5 den som i slut\u00e4ndan oftast f\u00e5r oss spelare att best\u00e4mma oss f\u00f6r ett <a href=\"https:\/\/www.apnet.com\/se\/natcasino\/\">n\u00e4tcasino<\/a>. Den och alla free spins f\u00f6rst\u00e5s.<\/p>\n<p>Alla nya spelare f\u00e5r 100 kr n\u00e4r de \u00f6ppnar ett spelkonto. Bara s\u00e5, utan motprestation. En bra b\u00f6rjan \u00e4r alltid trevligt. \u00c4nnu b\u00e4ttre blir det n\u00e4r du sen n\u00e4r du k\u00e4nner dig redo att g\u00f6ra din f\u00f6rsta ins\u00e4ttning. H\u00e4r v\u00e4ntar en v\u00e4lkomstbonus p\u00e5 100% upp till 3000 kr och 50 free spins till den popul\u00e4ra spelautomaten Starburst. Totalt kan du h\u00e4r f\u00e5 upp till 6000 kr att spela f\u00f6r! Det \u00e4r verkligen gener\u00f6st och l\u00e4gger Mobilbet i toppsegmentet bland \u00f6vriga casinon.<\/p>\n<p>Redan registrerade spelare bel\u00f6nas du kontinuerligt med free spins, eller Gratis Spinn som Mobilbet v\u00e4ljer att kalla dessa. Det sympatiska h\u00e4r \u00e4r att alla free spins \u00e4r oms\u00e4ttningsfria. Det vill s\u00e4ga, n\u00e4r du vinner \u00e4r det bara att direkt ta ut pengarna fr\u00e5n ditt spelkonto.<\/p>\n<h3>Casinobonusar i den dagliga kalendern<\/h3>\n<p>Mobilbet har n\u00e5got de kallar f\u00f6r den dagliga kalendern. Den \u00e4r sp\u00e4ckad med olika exklusiva erbjudanden. S\u00e5 det l\u00f6nar sig att g\u00e5 in p\u00e5 sajten och h\u00e5lla sig up to date p\u00e5 vad som h\u00e4nder.<\/p>\n<p>Du kan ocks\u00e5 vara med och samla po\u00e4ng i lojalitetsprogrammet hos Mobilbet. I princip bel\u00f6nas dina alla aktiveter inne p\u00e5 sajten med po\u00e4ng. Dessa kan du v\u00e4lja att<\/p>\n<p>v\u00e4xla till exempelvis free spins, turneringsavgifter eller s\u00e5 kan du shoppa loss inne p\u00e5 deras onlinebutik. H\u00e4r hittar du faktiskt riktigt roliga grejer som iPhones och biljetter till olika evenemang. Ingen tr\u00f6tt kaffemugg med en f\u00f6retagslogga h\u00e4r inte.<\/p>\n<h3>Svenskspr\u00e5kig kundtj\u00e4nst<\/h3>\n<p>Ifall du skulle ha n\u00e5gra fr\u00e5gor eller st\u00f6ta p\u00e5 n\u00e5gra problem kan du alltid kontakta Mobilbets proffsiga och svensktalande kundtj\u00e4nst. Detta kan du g\u00f6ra smidigast via e-mail eller via livechatten.<\/p>\n<h3>S\u00e4kra in- och utbetalningsalternativ<\/h3>\n<p>P\u00e5 Mobilbet hittar du flera s\u00e4kra och bepr\u00f6vade ins\u00e4ttnings- och uttagsalternativ. Du kan v\u00e4lja att genomf\u00f6ra dina transaktioner med kreditkort som VISA och MasterCard, via bank\u00f6verf\u00f6ringar (IBAN) eller anv\u00e4nda dig av en utav flera olika e-pl\u00e5nb\u00f6cker som t ex SKRILL och NETELLER.<\/p>\n<h3>Sammanfattningsvis<\/h3>\n<p>Mobilbet \u00e4r nytt och fr\u00e4scht onlinecasino p\u00e5 den svenska spelmarknaden. P\u00e5 kort tid har de tagit betydande marknadsandelar och har f\u00e5tt m\u00e5nga spelares respekt. K\u00e4nda olika spelleverant\u00f6rer g\u00f6r att du kan vara s\u00e4ker p\u00e5 att alltid f\u00e5 spela med den senaste och s\u00e4kraste tekniken du kan hitta online. I det stora hela spelar du i en s\u00e4ker men \u00e4nd\u00e5 fr\u00e4scht tilltalande milj\u00f6. Som spelar har du total \u00f6rnkoll p\u00e5 dina olika spel.<\/p>\n<p>V\u00e4lkomstbonusen p\u00e5 100% upp till 3000 kr och de tillh\u00f6rande 50 free spins g\u00f6r att Mobilbet hamnar i toppsegmentet n\u00e4r det g\u00e4ller gener\u00f6sa erbjudanden fr\u00e5n onlinecasinon. Och vi tycker det \u00e4r v\u00e4ldigt sympatisk med att alla spelare f\u00e5r 100 kr n\u00e4r det \u00f6ppnar ett spelkonto.<\/p>\n<p>Du kan njuta av det omfattande spelutbudet s\u00e5v\u00e4l som spel till mobilen eller via den gamla vanliga datorn. Det spelar ingen roll vilket s\u00e4tt du v\u00e4ljer att g\u00e5 online p\u00e5. Med Mobilbet kan du spela var du vill och n\u00e4r du vill!<\/p>\n","protected":false},"excerpt":{"rendered":"<p>Ett n\u00e4stintill allomfattande spelutbud Mobilbet lanserades i maj 2014. P\u00e5 kort tid lyckades de g\u00e5 hem hos oss spelare i Sverige. I deras onlinecasino hittar du flera hundra olika spel. Allt fr\u00e5n slots fr\u00e5n k\u00e4nda spelleverant\u00f6rer som NetEnt, Betsoft, Microgaming och Yggdrasil till riktiga casinoklassiker som blackjack, roulette och videpoker g\u00e5r att spela p\u00e5. Gl\u00f6mde [&hellip;]<\/p>\n","protected":false},"author":2,"featured_media":0,"parent":28,"menu_order":0,"comment_status":"closed","ping_status":"closed","template":"","meta":[],"acf":[],"yoast_head":"<!-- This site is optimized with the Yoast SEO plugin v20.4 - https:\/\/yoast.com\/wordpress\/plugins\/seo\/ -->\n<title>Mobilbet Casino recension - Apnet<\/title>\n<meta name=\"robots\" content=\"index, follow, max-snippet:-1, max-image-preview:large, max-video-preview:-1\" \/>\n<link rel=\"canonical\" href=\"https:\/\/www.apnet.com\/se\/recensioner\/mobilbet-casino\/\" \/>\n<meta property=\"og:locale\" content=\"sv_SE\" \/>\n<meta property=\"og:type\" content=\"article\" \/>\n<meta property=\"og:title\" content=\"Mobilbet Casino recension - Apnet\" \/>\n<meta property=\"og:description\" content=\"Ett n\u00e4stintill allomfattande spelutbud Mobilbet lanserades i maj 2014. P\u00e5 kort tid lyckades de g\u00e5 hem hos oss spelare i Sverige. I deras onlinecasino hittar du flera hundra olika spel. Allt fr\u00e5n slots fr\u00e5n k\u00e4nda spelleverant\u00f6rer som NetEnt, Betsoft, Microgaming och Yggdrasil till riktiga casinoklassiker som blackjack, roulette och videpoker g\u00e5r att spela p\u00e5. Gl\u00f6mde [&hellip;]\" \/>\n<meta property=\"og:url\" content=\"https:\/\/www.apnet.com\/se\/recensioner\/mobilbet-casino\/\" \/>\n<meta property=\"og:site_name\" content=\"Apnet\" \/>\n<meta property=\"article:modified_time\" content=\"2016-04-21T21:28:39+00:00\" \/>\n<meta name=\"twitter:card\" content=\"summary_large_image\" \/>\n<meta name=\"twitter:label1\" content=\"Ber\u00e4knad l\u00e4stid\" \/>\n\t<meta name=\"twitter:data1\" content=\"4 minuter\" \/>\n<script type=\"application\/ld+json\" class=\"yoast-schema-graph\">{\"@context\":\"https:\/\/schema.org\",\"@graph\":[{\"@type\":\"WebPage\",\"@id\":\"https:\/\/www.apnet.com\/se\/recensioner\/mobilbet-casino\/\",\"url\":\"https:\/\/www.apnet.com\/se\/recensioner\/mobilbet-casino\/\",\"name\":\"Mobilbet Casino recension - Apnet\",\"isPartOf\":{\"@id\":\"https:\/\/www.apnet.com\/se\/#website\"},\"datePublished\":\"2016-04-14T11:10:06+00:00\",\"dateModified\":\"2016-04-21T21:28:39+00:00\",\"breadcrumb\":{\"@id\":\"https:\/\/www.apnet.com\/se\/recensioner\/mobilbet-casino\/#breadcrumb\"},\"inLanguage\":\"sv-SE\",\"potentialAction\":[{\"@type\":\"ReadAction\",\"target\":[\"https:\/\/www.apnet.com\/se\/recensioner\/mobilbet-casino\/\"]}]},{\"@type\":\"BreadcrumbList\",\"@id\":\"https:\/\/www.apnet.com\/se\/recensioner\/mobilbet-casino\/#breadcrumb\",\"itemListElement\":[{\"@type\":\"ListItem\",\"position\":1,\"name\":\"Startsida\",\"item\":\"https:\/\/www.apnet.com\/se\/\"},{\"@type\":\"ListItem\",\"position\":2,\"name\":\"Recensioner\",\"item\":\"https:\/\/www.apnet.com\/se\/recensioner\/\"},{\"@type\":\"ListItem\",\"position\":3,\"name\":\"Mobilbet Casino recension\"}]},{\"@type\":\"WebSite\",\"@id\":\"https:\/\/www.apnet.com\/se\/#website\",\"url\":\"https:\/\/www.apnet.com\/se\/\",\"name\":\"Apnet\",\"description\":\"\",\"potentialAction\":[{\"@type\":\"SearchAction\",\"target\":{\"@type\":\"EntryPoint\",\"urlTemplate\":\"https:\/\/www.apnet.com\/se\/?s={search_term_string}\"},\"query-input\":\"required name=search_term_string\"}],\"inLanguage\":\"sv-SE\"}]}<\/script>\n<!-- \/ Yoast SEO plugin. -->","yoast_head_json":{"title":"Mobilbet Casino recension - Apnet","robots":{"index":"index","follow":"follow","max-snippet":"max-snippet:-1","max-image-preview":"max-image-preview:large","max-video-preview":"max-video-preview:-1"},"canonical":"https:\/\/www.apnet.com\/se\/recensioner\/mobilbet-casino\/","og_locale":"sv_SE","og_type":"article","og_title":"Mobilbet Casino recension - Apnet","og_description":"Ett n\u00e4stintill allomfattande spelutbud Mobilbet lanserades i maj 2014. P\u00e5 kort tid lyckades de g\u00e5 hem hos oss spelare i Sverige. I deras onlinecasino hittar du flera hundra olika spel. Allt fr\u00e5n slots fr\u00e5n k\u00e4nda spelleverant\u00f6rer som NetEnt, Betsoft, Microgaming och Yggdrasil till riktiga casinoklassiker som blackjack, roulette och videpoker g\u00e5r att spela p\u00e5. Gl\u00f6mde [&hellip;]","og_url":"https:\/\/www.apnet.com\/se\/recensioner\/mobilbet-casino\/","og_site_name":"Apnet","article_modified_time":"2016-04-21T21:28:39+00:00","twitter_card":"summary_large_image","twitter_misc":{"Ber\u00e4knad l\u00e4stid":"4 minuter"},"schema":{"@context":"https:\/\/schema.org","@graph":[{"@type":"WebPage","@id":"https:\/\/www.apnet.com\/se\/recensioner\/mobilbet-casino\/","url":"https:\/\/www.apnet.com\/se\/recensioner\/mobilbet-casino\/","name":"Mobilbet Casino recension - Apnet","isPartOf":{"@id":"https:\/\/www.apnet.com\/se\/#website"},"datePublished":"2016-04-14T11:10:06+00:00","dateModified":"2016-04-21T21:28:39+00:00","breadcrumb":{"@id":"https:\/\/www.apnet.com\/se\/recensioner\/mobilbet-casino\/#breadcrumb"},"inLanguage":"sv-SE","potentialAction":[{"@type":"ReadAction","target":["https:\/\/www.apnet.com\/se\/recensioner\/mobilbet-casino\/"]}]},{"@type":"BreadcrumbList","@id":"https:\/\/www.apnet.com\/se\/recensioner\/mobilbet-casino\/#breadcrumb","itemListElement":[{"@type":"ListItem","position":1,"name":"Startsida","item":"https:\/\/www.apnet.com\/se\/"},{"@type":"ListItem","position":2,"name":"Recensioner","item":"https:\/\/www.apnet.com\/se\/recensioner\/"},{"@type":"ListItem","position":3,"name":"Mobilbet Casino recension"}]},{"@type":"WebSite","@id":"https:\/\/www.apnet.com\/se\/#website","url":"https:\/\/www.apnet.com\/se\/","name":"Apnet","description":"","potentialAction":[{"@type":"SearchAction","target":{"@type":"EntryPoint","urlTemplate":"https:\/\/www.apnet.com\/se\/?s={search_term_string}"},"query-input":"required name=search_term_string"}],"inLanguage":"sv-SE"}]}},"_links":{"self":[{"href":"https:\/\/www.apnet.com\/se\/wp-json\/wp\/v2\/pages\/47"}],"collection":[{"href":"https:\/\/www.apnet.com\/se\/wp-json\/wp\/v2\/pages"}],"about":[{"href":"https:\/\/www.apnet.com\/se\/wp-json\/wp\/v2\/types\/page"}],"author":[{"embeddable":true,"href":"https:\/\/www.apnet.com\/se\/wp-json\/wp\/v2\/users\/2"}],"replies":[{"embeddable":true,"href":"https:\/\/www.apnet.com\/se\/wp-json\/wp\/v2\/comments?post=47"}],"version-history":[{"count":6,"href":"https:\/\/www.apnet.com\/se\/wp-json\/wp\/v2\/pages\/47\/revisions"}],"predecessor-version":[{"id":197,"href":"https:\/\/www.apnet.com\/se\/wp-json\/wp\/v2\/pages\/47\/revisions\/197"}],"up":[{"embeddable":true,"href":"https:\/\/www.apnet.com\/se\/wp-json\/wp\/v2\/pages\/28"}],"wp:attachment":[{"href":"https:\/\/www.apnet.com\/se\/wp-json\/wp\/v2\/media?parent=47"}],"curies":[{"name":"wp","href":"https:\/\/api.w.org\/{rel}","templated":true}]}}