{"id":50,"date":"2016-04-14T11:10:58","date_gmt":"2016-04-14T11:10:58","guid":{"rendered":"\/\/www.apnet.com\/?page_id=50"},"modified":"2016-04-21T21:18:37","modified_gmt":"2016-04-21T21:18:37","slug":"royal-panda-casino","status":"publish","type":"page","link":"https:\/\/www.apnet.com\/se\/recensioner\/royal-panda-casino\/","title":{"rendered":"Royal Panda Casino recension"},"content":{"rendered":"<p>Med regelbundna kampanjer, enorma jackpottar och ett popul\u00e4rt Loyal Panda-program som bel\u00f6nar spelare \u00e4r det inte konstigt att Royal Panda snabbt h\u00e5ller p\u00e5 att bli ett av de b\u00e4sta casinona online.<\/p>\n<h3>Spela p\u00e5 mobilen<\/h3>\n<p>Royal Panda Mobile erbjuder \u00f6ver 170 spel som kan spelas n\u00e4r och var som helst p\u00e5 surfplattor och smarttelefoner som st\u00f6djer iOS och Android. Bara \u00f6ppna webbplatsen i webbl\u00e4saren p\u00e5 din surfplatta eller telefon och b\u00f6rja spela bordsspel som roulette och blackjack omedelbart. Det finns \u00e4ven massor med videospelautomater p\u00e5 det mobila casinot, inklusive de om\u00e5ttligt popul\u00e4ra Starburst, Mega Moolah och Twin Spin.<\/p>\n<h3>S\u00e4kra ins\u00e4ttningsmetoder<\/h3>\n<p>S\u00e4kra transaktioner \u00e4r garanterade tack vare ins\u00e4ttningsmetoder fr\u00e5n stora kreditkort (VISA och MasterCard) till e-pl\u00e5nb\u00f6cker som Neteller, Paysafecard och Ukash.<\/p>\n<h3>Casinospel och jackpottar<\/h3>\n<p>Royal Pandas sp\u00e4nnande utbud av \u00f6ver 350 casinospel omfattar klassiska bordsspel som roulette, blackjack och baccarat, liksom unika varianter som erbjuder n\u00e5got lite annorlunda, inklusive Immersive Roulette och Double Exposure Blackjack. Spelare kan dessutom uppleva sp\u00e4nningen av ett riktigt casino vid det toppmoderna live casinot som har riktiga dealers och h\u00f6gkvalitativa videostr\u00f6mmar av spel som Live BlackJack, Live Roulette och Live Baccarat. Det finns ocks\u00e5 ett stort utbud av klassiska spelautomater, jackpot spelautomater och videospelautomater fr\u00e5n popul\u00e4ra leverant\u00f6rer som NetEnt, Microgaming, Evolution och Rabcat.<\/p>\n<h3>Dedicerad kundservice<\/h3>\n<p>Nya spelare f\u00e5r en v\u00e4lkomstbonus p\u00e5 100 % upp till 1 000 kr och 10 free spins p\u00e5 Starburst. De kan \u00e4ven dra nytta av regelbundna kampanjer som v\u00e5r veckoliga Bamboo Bonus med 50 % p\u00e5 sin f\u00f6rsta fredagsins\u00e4ttning (upp till 1 500 kr). Det popul\u00e4ra Loyal Panda-programmet, d\u00e4r po\u00e4ng kan bytas mot priser, bel\u00f6nar ocks\u00e5 spelare s\u00e5 fort de skapar konto.<\/p>\n<p>Royal Pandas uppm\u00e4rksamma och v\u00e4nliga kundservice \u00e4r tillg\u00e4nglig via livechatt, e-post och telefon sju dagar i veckan mellan 09:00 \u2013 00:30 (GMT+1) och spelarna kan vara s\u00e4kra p\u00e5 att deras s\u00e4kerhet \u00e4r av h\u00f6gsta prioritet i detta popul\u00e4ra och fullt licensierade casino.<\/p>\n","protected":false},"excerpt":{"rendered":"<p>Med regelbundna kampanjer, enorma jackpottar och ett popul\u00e4rt Loyal Panda-program som bel\u00f6nar spelare \u00e4r det inte konstigt att Royal Panda snabbt h\u00e5ller p\u00e5 att bli ett av de b\u00e4sta casinona online. Spela p\u00e5 mobilen Royal Panda Mobile erbjuder \u00f6ver 170 spel som kan spelas n\u00e4r och var som helst p\u00e5 surfplattor och smarttelefoner som st\u00f6djer [&hellip;]<\/p>\n","protected":false},"author":2,"featured_media":0,"parent":28,"menu_order":0,"comment_status":"closed","ping_status":"closed","template":"","meta":[],"acf":[],"yoast_head":"<!-- This site is optimized with the Yoast SEO plugin v20.4 - https:\/\/yoast.com\/wordpress\/plugins\/seo\/ -->\n<title>Royal Panda Casino recension - Apnet<\/title>\n<meta name=\"robots\" content=\"index, follow, max-snippet:-1, max-image-preview:large, max-video-preview:-1\" \/>\n<link rel=\"canonical\" href=\"https:\/\/www.apnet.com\/se\/recensioner\/royal-panda-casino\/\" \/>\n<meta property=\"og:locale\" content=\"sv_SE\" \/>\n<meta property=\"og:type\" content=\"article\" \/>\n<meta property=\"og:title\" content=\"Royal Panda Casino recension - Apnet\" \/>\n<meta property=\"og:description\" content=\"Med regelbundna kampanjer, enorma jackpottar och ett popul\u00e4rt Loyal Panda-program som bel\u00f6nar spelare \u00e4r det inte konstigt att Royal Panda snabbt h\u00e5ller p\u00e5 att bli ett av de b\u00e4sta casinona online. Spela p\u00e5 mobilen Royal Panda Mobile erbjuder \u00f6ver 170 spel som kan spelas n\u00e4r och var som helst p\u00e5 surfplattor och smarttelefoner som st\u00f6djer [&hellip;]\" \/>\n<meta property=\"og:url\" content=\"https:\/\/www.apnet.com\/se\/recensioner\/royal-panda-casino\/\" \/>\n<meta property=\"og:site_name\" content=\"Apnet\" \/>\n<meta property=\"article:modified_time\" content=\"2016-04-21T21:18:37+00:00\" \/>\n<meta name=\"twitter:card\" content=\"summary_large_image\" \/>\n<meta name=\"twitter:label1\" content=\"Ber\u00e4knad l\u00e4stid\" \/>\n\t<meta name=\"twitter:data1\" content=\"2 minuter\" \/>\n<script type=\"application\/ld+json\" class=\"yoast-schema-graph\">{\"@context\":\"https:\/\/schema.org\",\"@graph\":[{\"@type\":\"WebPage\",\"@id\":\"https:\/\/www.apnet.com\/se\/recensioner\/royal-panda-casino\/\",\"url\":\"https:\/\/www.apnet.com\/se\/recensioner\/royal-panda-casino\/\",\"name\":\"Royal Panda Casino recension - Apnet\",\"isPartOf\":{\"@id\":\"https:\/\/www.apnet.com\/se\/#website\"},\"datePublished\":\"2016-04-14T11:10:58+00:00\",\"dateModified\":\"2016-04-21T21:18:37+00:00\",\"breadcrumb\":{\"@id\":\"https:\/\/www.apnet.com\/se\/recensioner\/royal-panda-casino\/#breadcrumb\"},\"inLanguage\":\"sv-SE\",\"potentialAction\":[{\"@type\":\"ReadAction\",\"target\":[\"https:\/\/www.apnet.com\/se\/recensioner\/royal-panda-casino\/\"]}]},{\"@type\":\"BreadcrumbList\",\"@id\":\"https:\/\/www.apnet.com\/se\/recensioner\/royal-panda-casino\/#breadcrumb\",\"itemListElement\":[{\"@type\":\"ListItem\",\"position\":1,\"name\":\"Startsida\",\"item\":\"https:\/\/www.apnet.com\/se\/\"},{\"@type\":\"ListItem\",\"position\":2,\"name\":\"Recensioner\",\"item\":\"https:\/\/www.apnet.com\/se\/recensioner\/\"},{\"@type\":\"ListItem\",\"position\":3,\"name\":\"Royal Panda Casino recension\"}]},{\"@type\":\"WebSite\",\"@id\":\"https:\/\/www.apnet.com\/se\/#website\",\"url\":\"https:\/\/www.apnet.com\/se\/\",\"name\":\"Apnet\",\"description\":\"\",\"potentialAction\":[{\"@type\":\"SearchAction\",\"target\":{\"@type\":\"EntryPoint\",\"urlTemplate\":\"https:\/\/www.apnet.com\/se\/?s={search_term_string}\"},\"query-input\":\"required name=search_term_string\"}],\"inLanguage\":\"sv-SE\"}]}<\/script>\n<!-- \/ Yoast SEO plugin. -->","yoast_head_json":{"title":"Royal Panda Casino recension - Apnet","robots":{"index":"index","follow":"follow","max-snippet":"max-snippet:-1","max-image-preview":"max-image-preview:large","max-video-preview":"max-video-preview:-1"},"canonical":"https:\/\/www.apnet.com\/se\/recensioner\/royal-panda-casino\/","og_locale":"sv_SE","og_type":"article","og_title":"Royal Panda Casino recension - Apnet","og_description":"Med regelbundna kampanjer, enorma jackpottar och ett popul\u00e4rt Loyal Panda-program som bel\u00f6nar spelare \u00e4r det inte konstigt att Royal Panda snabbt h\u00e5ller p\u00e5 att bli ett av de b\u00e4sta casinona online. Spela p\u00e5 mobilen Royal Panda Mobile erbjuder \u00f6ver 170 spel som kan spelas n\u00e4r och var som helst p\u00e5 surfplattor och smarttelefoner som st\u00f6djer [&hellip;]","og_url":"https:\/\/www.apnet.com\/se\/recensioner\/royal-panda-casino\/","og_site_name":"Apnet","article_modified_time":"2016-04-21T21:18:37+00:00","twitter_card":"summary_large_image","twitter_misc":{"Ber\u00e4knad l\u00e4stid":"2 minuter"},"schema":{"@context":"https:\/\/schema.org","@graph":[{"@type":"WebPage","@id":"https:\/\/www.apnet.com\/se\/recensioner\/royal-panda-casino\/","url":"https:\/\/www.apnet.com\/se\/recensioner\/royal-panda-casino\/","name":"Royal Panda Casino recension - Apnet","isPartOf":{"@id":"https:\/\/www.apnet.com\/se\/#website"},"datePublished":"2016-04-14T11:10:58+00:00","dateModified":"2016-04-21T21:18:37+00:00","breadcrumb":{"@id":"https:\/\/www.apnet.com\/se\/recensioner\/royal-panda-casino\/#breadcrumb"},"inLanguage":"sv-SE","potentialAction":[{"@type":"ReadAction","target":["https:\/\/www.apnet.com\/se\/recensioner\/royal-panda-casino\/"]}]},{"@type":"BreadcrumbList","@id":"https:\/\/www.apnet.com\/se\/recensioner\/royal-panda-casino\/#breadcrumb","itemListElement":[{"@type":"ListItem","position":1,"name":"Startsida","item":"https:\/\/www.apnet.com\/se\/"},{"@type":"ListItem","position":2,"name":"Recensioner","item":"https:\/\/www.apnet.com\/se\/recensioner\/"},{"@type":"ListItem","position":3,"name":"Royal Panda Casino recension"}]},{"@type":"WebSite","@id":"https:\/\/www.apnet.com\/se\/#website","url":"https:\/\/www.apnet.com\/se\/","name":"Apnet","description":"","potentialAction":[{"@type":"SearchAction","target":{"@type":"EntryPoint","urlTemplate":"https:\/\/www.apnet.com\/se\/?s={search_term_string}"},"query-input":"required name=search_term_string"}],"inLanguage":"sv-SE"}]}},"_links":{"self":[{"href":"https:\/\/www.apnet.com\/se\/wp-json\/wp\/v2\/pages\/50"}],"collection":[{"href":"https:\/\/www.apnet.com\/se\/wp-json\/wp\/v2\/pages"}],"about":[{"href":"https:\/\/www.apnet.com\/se\/wp-json\/wp\/v2\/types\/page"}],"author":[{"embeddable":true,"href":"https:\/\/www.apnet.com\/se\/wp-json\/wp\/v2\/users\/2"}],"replies":[{"embeddable":true,"href":"https:\/\/www.apnet.com\/se\/wp-json\/wp\/v2\/comments?post=50"}],"version-history":[{"count":5,"href":"https:\/\/www.apnet.com\/se\/wp-json\/wp\/v2\/pages\/50\/revisions"}],"predecessor-version":[{"id":188,"href":"https:\/\/www.apnet.com\/se\/wp-json\/wp\/v2\/pages\/50\/revisions\/188"}],"up":[{"embeddable":true,"href":"https:\/\/www.apnet.com\/se\/wp-json\/wp\/v2\/pages\/28"}],"wp:attachment":[{"href":"https:\/\/www.apnet.com\/se\/wp-json\/wp\/v2\/media?parent=50"}],"curies":[{"name":"wp","href":"https:\/\/api.w.org\/{rel}","templated":true}]}}