{"id":510,"date":"2017-11-24T16:10:29","date_gmt":"2017-11-24T16:10:29","guid":{"rendered":"https:\/\/www.apnet.com\/se\/?page_id=510"},"modified":"2018-08-08T18:38:06","modified_gmt":"2018-08-08T18:38:06","slug":"svenska-online-casino","status":"publish","type":"page","link":"https:\/\/www.apnet.com\/se\/svenska-online-casino\/","title":{"rendered":"En enkel guide f\u00f6r dig som vill ta upplevelsen till en ny niv\u00e5 p\u00e5 svenska online casino"},"content":{"rendered":"<p>Detta b Inom kasinobranschen \u00e4r det l\u00e4tt att g\u00f6ra on\u00f6diga misstag. S\u00e4rskilt om man \u00e4r nyb\u00f6rjare. D\u00e4rf\u00f6r valde vi att sammanst\u00e4lla information i en praktisk guide f\u00f6r svenska online casino. De flesta av oss har nog kommit i kontakt med spelautomater s\u00e5 som Gonzo&#8217;s Quest, Starburst och den moderna klassikern Jimi Hendrix. Kanske \u00e4r man \u00e4ven bekant med k\u00e4nda tillverkare likt NetEnt, Playtech, Microgaming Casinos och svenska uppstickaren Quickspin. Men vilka tillverkare skapar de mest f\u00f6rm\u00e5nliga slotsen? Och vilka kasinon \u00e4r mest gener\u00f6sa n\u00e4r det kommer till f\u00f6rm\u00e5ner s\u00e5 som freespins och ins\u00e4ttningsbonus? Dessa fr\u00e5gor, och mycket mer, kommer vi att titta n\u00e4rmare p\u00e5.<\/p>\n<p><a href=\"https:\/\/www.apnet.com\/se\/recensioner\/\"><img decoding=\"async\" loading=\"lazy\" class=\"btntop aligncenter size-full wp-image-515\" src=\"https:\/\/www.apnet.com\/se\/wp-content\/uploads\/2017\/11\/btn.png\" alt=\"Visa fler casinon\" title=\"G\u00e5 till listan\" width=\"783\" height=\"120\" \/><\/a><\/p>\n<h2>Inneh\u00e5ll<\/h2>\n<ul class=\"linksinnehall\">\n<li><a href=\"#1\">Var hittar man riktigt bra svenska online casino?<\/a><\/li>\n<li><a href=\"#2\">Recensioner som du kan lita p\u00e5<\/a><\/li>\n<li><a href=\"#3\">Uppt\u00e4ck nya svenska online casino f\u00f6re alla andra<\/a><\/li>\n<li><a href=\"#4\">De b\u00e4sta svenska online casino f\u00f6r 2017 f\u00f6rblir nog popul\u00e4ra \u00e4ven under 2018<\/a><\/li>\n<li><a href=\"#5\">N\u00e5gra riktiga klassiker n\u00e4r det kommer till spelautomater i Sverige<\/a><\/li>\n<li><a href=\"#6\">S\u00e5lla ut de b\u00e4sta casino online svenska spelautomater och casinos p\u00e5 n\u00e4tet<\/a><\/li>\n<li><a href=\"#7\">Svenska mobilcasinon blir allt mer popul\u00e4ra<\/a><\/li>\n<li><a href=\"#8\">Se till att f\u00e5 ut det mesta av ditt spelande<\/a><\/li>\n<\/ul>\n<h2 id=\"1\" style=\"line-height: 120%;\">Var hittar man riktigt bra svenska online casino?<\/h2>\n<p><img decoding=\"async\" loading=\"lazy\" src=\"https:\/\/www.apnet.com\/se\/wp-content\/uploads\/2017\/11\/f.png\" alt=\"Den svenska flaggan\" title=\"Sverige\" width=\"276\" height=\"191\" class=\"leftimg size-full wp-image-528\" \/><\/p>\n<p>P\u00e5 denna sajt (<b>Apnet<\/b>)s\u00e5 str\u00e4var vi efter att ta reda p\u00e5 vilka som \u00e4r de b\u00e4sta svenska casino online. Detta genomf\u00f6r vi genom att tillhandah\u00e5lla r\u00e4ttvisa och p\u00e5litliga recensioner. Ut\u00f6ver djupg\u00e5ende recensioner p\u00e5 v\u00e4lk\u00e4nda kasinon s\u00e5 som <b>SverigeKronan<\/b> s\u00e5 hittar du \u00e4ven genomg\u00e5ende tester av s\u00e5v\u00e4l nya uppstickare som gamla v\u00e4letablerade akt\u00f6rer.<\/p>\n<div style=\"clear: both\"><\/div>\n<p>Vi kan, bland annat, erbjuda f\u00f6ljande f\u00f6rdelar:<\/p>\n<ul class=\"guideok\">\n<li>Enkel tillg\u00e5ng till samtliga kasinon med giltiga tillst\u00e5nd i Sverige<\/li>\n<li>\u00c4rliga, omfattande och professionella recensioner<\/li>\n<li>Hela sju \u00e5rs erfarenhet erfarenhet inom kasinobranschen<\/li>\n<li>Aktuell information om samtliga tillg\u00e4ngliga bonusar<\/li>\n<\/ul>\n<p>S\u00e5 n\u00e4r du anv\u00e4nder dig utav v\u00e5r sajt s\u00e5 kan du vara s\u00e4ker p\u00e5 att du f\u00e5r aktuell och p\u00e5litlig information. Vi v\u00e4rdes\u00e4tter att h\u00e5lla oss uppdaterade och ajour. N\u00e4r du bes\u00f6ker oss har du d\u00e4rf\u00f6r alltid tillg\u00e5ng till precis den information som ger dig ett \u00f6vertag i f\u00f6rh\u00e5llande till andra. Spela alltid med turen p\u00e5 din sida.<\/p>\n<div class=\"bluebg\">\n<h2 id=\"2\">Recensioner som du kan lita p\u00e5<\/h2>\n<p>N\u00e4r vi recenserar kasinosajter s\u00e5 g\u00f6r vi det utifr\u00e5n flera \u00e5rs erfarenhet. Men f\u00f6r att det hela inte ska bli godtyckligt och sk\u00f6nsm\u00e4ssigt s\u00e5 f\u00f6rh\u00e5ller vi oss till ett flertal strikta punkter som vi strukturerar v\u00e5ra recensioner utifr\u00e5n. D\u00e4rf\u00f6r tittar vi alltid p\u00e5 design, kvalit\u00e9n p\u00e5 kundtj\u00e4nsten, registreringsprocessen och hur enkla in- och uts\u00e4ttningar faktiskt \u00e4r. Vi v\u00e4rderar svenska onlinecasinon efter f\u00f6ljande fem orienteringspunkter.<\/p>\n<ul class=\"guideok2\">\n<li>Hur bra \u00e4r webbsajtens design och layout? \u00c4r den anv\u00e4ndarv\u00e4nlig?<\/li>\n<li>Hur v\u00e4l bem\u00f6tt blir man av kundtj\u00e4nsten? Pratar de som jobbar d\u00e4r svenska?<\/li>\n<li>Hur snabb och effektiv \u00e4r kundtj\u00e4nsten? F\u00e5r man svaren n\u00e4r man beh\u00f6ver dem?<\/li>\n<li>Hur enkelt \u00e4r det att registrera och f\u00e5r man bonusar?<\/li>\n<li>Hur enkla \u00e4r in- och uttagen av pengar? Hanterar de pengar i svenska kronor?<\/li>\n<\/ul>\n<p>Ut\u00f6ver dessa punkter s\u00e5 tittar vi \u00e4ven p\u00e5 kasinoupplevelsen som en helhet. Endast genom att sammanv\u00e4ga samtliga faktorer kan man f\u00e5 ett r\u00e4ttvisande perspektiv. Genom att aktivt s\u00f6ka efter nya kasinon har vi m\u00f6jligheten att hela tiden kunna titta p\u00e5 akt\u00f6rer som kanske inte \u00e4r v\u00e4lk\u00e4nda men som trots detta erbjuder n\u00e5got unikt. F\u00f6r spelare inneb\u00e4r detta en chans att ta del av m\u00e5nga lanseringserbjudanden och tidsbegr\u00e4nsade f\u00f6rm\u00e5ner.<\/p>\n<\/div>\n<h3 id=\"3\">Uppt\u00e4ck nya svenska online casino f\u00f6re alla andra<\/h3>\n<p>Under v\u00e5rt p\u00e5g\u00e5ende arbete med att hitta och recensera kasinooperat\u00f6rer s\u00e5 har vi m\u00e4rkt att det finns m\u00e5nga v\u00e4letablerade operat\u00f6rer som endast nyligen blivit aktiva p\u00e5 den svenska marknaden. En stor f\u00f6rdel med detta \u00e4r att dessa akt\u00f6rer har de finansiella musklerna att erbjuda s\u00e4rskilda f\u00f6rm\u00e5ner f\u00f6r att sl\u00e5 sig in p\u00e5 en ny marknad. Svenska spelare kan d\u00e4rf\u00f6r dra s\u00e4rskild nytta av detta. Vi arbetar f\u00f6r n\u00e4rvarande intensivt med att sammanst\u00e4lla en lista \u00f6ver just dessa nyetablerade akt\u00f6rer. H\u00e5ll koll p\u00e5 v\u00e5r sajt f\u00f6r att se till s\u00e5 att du inte missar n\u00e4r vi presenterar de b\u00e4sta nya operat\u00f6rerna.<\/p>\n<div class=\"bluebg\">\n<h3 id=\"4\">De b\u00e4sta svenska online casino f\u00f6r 2017 f\u00f6rblir nog popul\u00e4ra \u00e4ven under 2018<\/h3>\n<p>En intressant sak som vi har lagt m\u00e4rke till \u00e4r att den kasinooperat\u00f6r som v\u00e4l blivit popul\u00e4r har en tendens att f\u00f6rbli en favorit bland spelarna. V\u00e5r lista \u00f6ver kasinon uppdaterades ett stort antal g\u00e5nger under 2017. Men intressant nog s\u00e5 tror vi inte att det kommer ske s\u00e4rskilt stora f\u00f6r\u00e4ndringar under 2018. Du kanske fr\u00e5gar dig varf\u00f6r. Anledningen \u00e4r att \u00e5terkommande spelare ofta fattar tycka f\u00f6r klassiker. Och i skrivande stund s\u00e5 har m\u00e5nga av de stora akt\u00f6rerna kommit att bli riktiga favoriter. Men trots detta finns det m\u00e5nga uppstickare som verkligen \u00e4r v\u00e4rda att testa.<\/p>\n<\/div>\n<h3 id=\"5\">N\u00e5gra riktiga klassiker n\u00e4r det kommer till spelautomater i Sverige<\/h3>\n<p>Det s\u00e4gs att svenska folket \u00e4r riktiga vanedjur. Men hur det \u00e4n \u00e4r med den saken s\u00e5 har vi verkligen fattat s\u00e4rskilt tycke f\u00f6r n\u00e5gra utvalda tillverkare av spelautomater. M\u00e5nga av oss har h\u00f6rt talas om tillverkare s\u00e5 som Aristocrat, Playtech, SG Interactive, Betsoft, Microgaming, Netent, Play n GO och Evolution Gaming. Men uppstickare s\u00e5 som svenska Quickspin har verkligen f\u00e5tt genomslag i branschen. Intressant nog s\u00e5 dyker det hela tiden upp nya tillverkare som bryter igenom gamla barri\u00e4rer och tar upplevelsen till nya niv\u00e5er. M\u00e5nga nya spelautomater erbjuder en riktig helhetsupplevelse d\u00e4r grafik och ljud har finjusterats f\u00f6r unik spelk\u00e4nsla.<\/p>\n<p><img decoding=\"async\" loading=\"lazy\" src=\"https:\/\/www.apnet.com\/se\/wp-content\/uploads\/2017\/11\/1-1.jpg\" alt=\"varum\u00e4rke Aristocrat\" title=\"Aristocrat\" width=\"277\" height=\"145\" class=\"logoimg size-full wp-image-558\" \/><\/p>\n<p><img decoding=\"async\" loading=\"lazy\" src=\"https:\/\/www.apnet.com\/se\/wp-content\/uploads\/2017\/11\/2-1.jpg\" alt=\"varum\u00e4rke Playtech\" title=\"Playtech\" width=\"276\" height=\"139\" class=\"logoimg size-full wp-image-559\" \/><\/p>\n<p><img decoding=\"async\" loading=\"lazy\" src=\"https:\/\/www.apnet.com\/se\/wp-content\/uploads\/2017\/11\/3-1.jpg\" alt=\"varum\u00e4rke SG Interactive\" title=\"SG Interactive\" width=\"265\" height=\"147\" class=\"logoimg size-full wp-image-560\" \/><\/p>\n<p><img decoding=\"async\" loading=\"lazy\" src=\"https:\/\/www.apnet.com\/se\/wp-content\/uploads\/2017\/11\/4-1.jpg\" alt=\"varum\u00e4rke Betsoft\" title=\"Betsoft\" width=\"275\" height=\"147\" class=\"logoimg size-full wp-image-561\" \/><\/p>\n<p><img decoding=\"async\" loading=\"lazy\" src=\"https:\/\/www.apnet.com\/se\/wp-content\/uploads\/2017\/11\/5-1.jpg\" alt=\"varum\u00e4rke Microgaming\" title=\"Microgaming\" width=\"297\" height=\"144\" class=\"logoimg size-full wp-image-562\" \/><\/p>\n<p><img decoding=\"async\" loading=\"lazy\" src=\"https:\/\/www.apnet.com\/se\/wp-content\/uploads\/2017\/11\/6-1.jpg\" alt=\"varum\u00e4rke Netent\" title=\"Netent\" width=\"250\" height=\"151\" class=\"logoimg size-full wp-image-563\" \/><\/p>\n<p><img decoding=\"async\" loading=\"lazy\" src=\"https:\/\/www.apnet.com\/se\/wp-content\/uploads\/2017\/11\/7-1.jpg\" alt=\"varum\u00e4rke Play n GO\" title=\"Play n GO\" width=\"312\" height=\"120\" class=\"logoimg size-full wp-image-564\" \/><\/p>\n<p><img decoding=\"async\" loading=\"lazy\" src=\"https:\/\/www.apnet.com\/se\/wp-content\/uploads\/2017\/11\/8-1.jpg\" alt=\"varum\u00e4rke Evolution Gaming\" title=\"Evolution Gaming\" width=\"300\" height=\"128\" class=\"logoimg size-full wp-image-565\" \/><\/p>\n<div style=\"clear: both\"><\/div>\n<p>&nbsp;<\/p>\n<p>I Sverige s\u00e5 har nog <b>ELK Studios<\/b> och <b>Quickspin<\/b> f\u00e5tt st\u00f6rst genomslag p\u00e5 senaste tiden. Kanske f\u00f6r att de lyckats f\u00f6rmedla v\u00e5rt lilla lands egenarter till den globala arenan. Men kanske till st\u00f6rre del f\u00f6r att de helt enkelt g\u00f6r riktigt bra spelautomater. Deras spel har dykt upp p\u00e5 de flesta onlinekasinon v\u00e4rlden \u00f6ver och forts\u00e4tter att roa folk dagligen. Intressant nog s\u00e5 verkar vi svenskar, mer eller mindre omedvetet, f\u00f6redra utvecklare med en stark koppling till det egna landet. Men vi b\u00f6r s\u00e5 klart inte lura oss sj\u00e4lva att tro att svenska utvecklare p\u00e5 n\u00e5got s\u00e4tt g\u00f6r mer f\u00f6rm\u00e5nliga spel.<\/p>\n<p>&nbsp;<\/p>\n<p><img decoding=\"async\" loading=\"lazy\" src=\"https:\/\/www.apnet.com\/se\/wp-content\/uploads\/2017\/11\/f2.png\" alt=\"ELK Studios och Quickspinp\u00e5verkas\" title=\"ELK Studios och Quickspin\" width=\"657\" height=\"334\" class=\"aligncenter size-full wp-image-538\" \/><\/p>\n<div class=\"bluebg\">\n<h3 id=\"6\">S\u00e5lla ut de b\u00e4sta casino online svenska spelautomater och casinos p\u00e5 n\u00e4tet<\/h3>\n<p>I Sverige s\u00e5 har n\u00e5gra s\u00e4rskilda spelautomater blivit givna favoriter. Allt ifr\u00e5n gamla klassiker till nya uppstickare. De spel som blivit mest popul\u00e4ra h\u00e4r har generellt sett varit de som erbjuder en f\u00f6rh\u00e5llandevis okomplicerad spelupplevelse n\u00e4r det kommer till svenska spel online casino. Det verkar helt enkelt som att svenskar vill ha p\u00e5litliga spel utan allt f\u00f6r mycket ov\u00e4ntade inslag.<\/p>\n<p><img decoding=\"async\" loading=\"lazy\" src=\"https:\/\/www.apnet.com\/se\/wp-content\/uploads\/2017\/11\/jim.jpg\" alt=\"online slots Jimi Hendrix\" title=\"gr\u00e4nssnitt  Jimi Hendrix\" width=\"535\" height=\"299\" class=\"img1 aligncenter size-full wp-image-541\" \/><\/p>\n<p><p class=\"zagol\">Jimi Hendrix<\/p>\n<p> \u00e4r en relativt ny spelautomat fr\u00e5n NetEnt som f\u00f6ljer i tidigare fotsp\u00e5r av automater med rocktema. Denna har blivit popul\u00e4r f\u00f6r dess enkelhet och riktigt sk\u00f6na st\u00e4mning. H\u00e4r f\u00e5r man chansen att ta del av n\u00e5gra klassiska rockl\u00e5tar samtidigt som man utmanar sig sj\u00e4lv i konsten att vinna pengar. Precis som den lika s\u00e5 popul\u00e4ra spelautomaten Guns N&#8217; Roses s\u00e5 spelar denna i stor utstr\u00e4ckning p\u00e5 nostalgiska k\u00e4nslor. Men tro inte att detta betyder att upplevelsen \u00e4r annat \u00e4n unik.<\/p>\n<p><img decoding=\"async\" loading=\"lazy\" src=\"https:\/\/www.apnet.com\/se\/wp-content\/uploads\/2017\/11\/gonzo.jpg\" alt=\"online slots Klassikern Gonzo's Quest\" title=\"gr\u00e4nssnitt Klassikern Gonzo's Quest\" width=\"463\" height=\"334\" class=\"img1 aligncenter size-full wp-image-540\" \/><\/p>\n<p><p class=\"zagol\">Klassikern Gonzo&#8217;s Quest<\/p>\n<p> \u00e4r fortfarande riktigt popul\u00e4r i Sverige. Kanske inte s\u00e5 mycket p\u00e5 grund av dess tekniska innovation, utan snarare p\u00e5 grund av dess rena sk\u00e4ra spelgl\u00e4dje. F\u00f6lj med p\u00e5 Gonzo&#8217;s jakt efter en mytisk skatt. Om han lyckas s\u00e5 lyckas \u00e4ven du. Denna spelautomat blev v\u00e4ldigt omskriven p\u00e5 grund av sitt grafiskt intensiva intro. Men m\u00e5nga har fattat tycke f\u00f6r den p\u00e5 grund av dess enkelhet.<\/p>\n<\/div>\n<h3 id=\"7\">Svenska mobilcasinon blir allt mer popul\u00e4ra<\/h3>\n<p>Eftersom mobiltelefoner har kommit att bli n\u00e5got som alla \u00e4ger s\u00e5 \u00e4r det bara naturligt att mobilkasino blivit popul\u00e4rt. Anledningen \u00e4r i stor utstr\u00e4ckning att s\u00e4rskilt mobilanpassade kasinon ger en mycket b\u00e4ttre spelupplevelse p\u00e5 mobiltelefonernas sm\u00e5 sk\u00e4rmar. Nu f\u00f6r tiden \u00e4r det mer eller mindre givet att en seri\u00f6s kasinooperat\u00f6r tillhandah\u00e5ller en app f\u00f6r s\u00e5v\u00e4l iOS- som Androidbaserade  mobiltelefoner. S\u00e5 n\u00e4r du l\u00e4ser recensioner, eller testar kasinon, kan du h\u00e5lla ett s\u00e4rskilt \u00f6ga p\u00e5 huruvida de erbjuder en s\u00e4rskild app. Ut\u00f6ver en b\u00e4ttre upplevelse s\u00e5 \u00e4r det verkligen givande att kunna spela n\u00e4r som helst man k\u00e4nner f\u00f6r det.<\/p>\n<p>&nbsp;<br \/>\n<img decoding=\"async\" loading=\"lazy\" src=\"https:\/\/www.apnet.com\/se\/wp-content\/uploads\/2017\/11\/mobile.jpg\" alt=\"Android, Ipad, Windows Phone, Iphone\" title=\"st\u00f6dda plattformar f\u00f6r spelet\" width=\"467\" height=\"262\" class=\"aligncenter size-full wp-image-545\" \/><\/p>\n<div class=\"bluebg2\">\n<h3 id=\"8\">Se till att f\u00e5 ut det mesta av ditt spelande<\/h3>\n<p>Genom att ta del av v\u00e5ra recensioner och h\u00e5lla \u00f6gonen \u00f6ppna efter de kasinon som matchar dina behov kan du se till att f\u00e5 ut det mesta av ditt spelande. Du sparar inte bara tid d\u00e5 du slipper testa varje enskilt kasino p\u00e5 egen hand, utan f\u00e5r \u00e4ven m\u00f6jligheten att ta del av de b\u00e4sta och mest givande bonusarna.<\/p>\n<\/div>\n","protected":false},"excerpt":{"rendered":"<p>Detta b Inom kasinobranschen \u00e4r det l\u00e4tt att g\u00f6ra on\u00f6diga misstag. S\u00e4rskilt om man \u00e4r nyb\u00f6rjare. D\u00e4rf\u00f6r valde vi att sammanst\u00e4lla information i en praktisk guide f\u00f6r svenska online casino. De flesta av oss har nog kommit i kontakt med spelautomater s\u00e5 som Gonzo&#8217;s Quest, Starburst och den moderna klassikern Jimi Hendrix. Kanske \u00e4r man [&hellip;]<\/p>\n","protected":false},"author":2,"featured_media":0,"parent":0,"menu_order":0,"comment_status":"closed","ping_status":"closed","template":"","meta":[],"acf":[],"yoast_head":"<!-- This site is optimized with the Yoast SEO plugin v20.4 - https:\/\/yoast.com\/wordpress\/plugins\/seo\/ -->\n<title>En enkel guide f\u00f6r dig som vill ta upplevelsen till en ny niv\u00e5 p\u00e5 svenska online casino - Apnet<\/title>\n<meta name=\"robots\" content=\"index, follow, max-snippet:-1, max-image-preview:large, max-video-preview:-1\" \/>\n<link rel=\"canonical\" href=\"https:\/\/www.apnet.com\/se\/svenska-online-casino\/\" \/>\n<meta property=\"og:locale\" content=\"sv_SE\" \/>\n<meta property=\"og:type\" content=\"article\" \/>\n<meta property=\"og:title\" content=\"En enkel guide f\u00f6r dig som vill ta upplevelsen till en ny niv\u00e5 p\u00e5 svenska online casino - Apnet\" \/>\n<meta property=\"og:description\" content=\"Detta b Inom kasinobranschen \u00e4r det l\u00e4tt att g\u00f6ra on\u00f6diga misstag. S\u00e4rskilt om man \u00e4r nyb\u00f6rjare. D\u00e4rf\u00f6r valde vi att sammanst\u00e4lla information i en praktisk guide f\u00f6r svenska online casino. De flesta av oss har nog kommit i kontakt med spelautomater s\u00e5 som Gonzo&#8217;s Quest, Starburst och den moderna klassikern Jimi Hendrix. Kanske \u00e4r man [&hellip;]\" \/>\n<meta property=\"og:url\" content=\"https:\/\/www.apnet.com\/se\/svenska-online-casino\/\" \/>\n<meta property=\"og:site_name\" content=\"Apnet\" \/>\n<meta property=\"article:modified_time\" content=\"2018-08-08T18:38:06+00:00\" \/>\n<meta property=\"og:image\" content=\"https:\/\/www.apnet.com\/se\/wp-content\/uploads\/2017\/11\/btn.png\" \/>\n<meta name=\"twitter:card\" content=\"summary_large_image\" \/>\n<meta name=\"twitter:label1\" content=\"Ber\u00e4knad l\u00e4stid\" \/>\n\t<meta name=\"twitter:data1\" content=\"8 minuter\" \/>\n<script type=\"application\/ld+json\" class=\"yoast-schema-graph\">{\"@context\":\"https:\/\/schema.org\",\"@graph\":[{\"@type\":\"WebPage\",\"@id\":\"https:\/\/www.apnet.com\/se\/svenska-online-casino\/\",\"url\":\"https:\/\/www.apnet.com\/se\/svenska-online-casino\/\",\"name\":\"En enkel guide f\u00f6r dig som vill ta upplevelsen till en ny niv\u00e5 p\u00e5 svenska online casino - Apnet\",\"isPartOf\":{\"@id\":\"https:\/\/www.apnet.com\/se\/#website\"},\"datePublished\":\"2017-11-24T16:10:29+00:00\",\"dateModified\":\"2018-08-08T18:38:06+00:00\",\"breadcrumb\":{\"@id\":\"https:\/\/www.apnet.com\/se\/svenska-online-casino\/#breadcrumb\"},\"inLanguage\":\"sv-SE\",\"potentialAction\":[{\"@type\":\"ReadAction\",\"target\":[\"https:\/\/www.apnet.com\/se\/svenska-online-casino\/\"]}]},{\"@type\":\"BreadcrumbList\",\"@id\":\"https:\/\/www.apnet.com\/se\/svenska-online-casino\/#breadcrumb\",\"itemListElement\":[{\"@type\":\"ListItem\",\"position\":1,\"name\":\"Startsida\",\"item\":\"https:\/\/www.apnet.com\/se\/\"},{\"@type\":\"ListItem\",\"position\":2,\"name\":\"En enkel guide f\u00f6r dig som vill ta upplevelsen till en ny niv\u00e5 p\u00e5 svenska online casino\"}]},{\"@type\":\"WebSite\",\"@id\":\"https:\/\/www.apnet.com\/se\/#website\",\"url\":\"https:\/\/www.apnet.com\/se\/\",\"name\":\"Apnet\",\"description\":\"\",\"potentialAction\":[{\"@type\":\"SearchAction\",\"target\":{\"@type\":\"EntryPoint\",\"urlTemplate\":\"https:\/\/www.apnet.com\/se\/?s={search_term_string}\"},\"query-input\":\"required name=search_term_string\"}],\"inLanguage\":\"sv-SE\"}]}<\/script>\n<!-- \/ Yoast SEO plugin. -->","yoast_head_json":{"title":"En enkel guide f\u00f6r dig som vill ta upplevelsen till en ny niv\u00e5 p\u00e5 svenska online casino - Apnet","robots":{"index":"index","follow":"follow","max-snippet":"max-snippet:-1","max-image-preview":"max-image-preview:large","max-video-preview":"max-video-preview:-1"},"canonical":"https:\/\/www.apnet.com\/se\/svenska-online-casino\/","og_locale":"sv_SE","og_type":"article","og_title":"En enkel guide f\u00f6r dig som vill ta upplevelsen till en ny niv\u00e5 p\u00e5 svenska online casino - Apnet","og_description":"Detta b Inom kasinobranschen \u00e4r det l\u00e4tt att g\u00f6ra on\u00f6diga misstag. S\u00e4rskilt om man \u00e4r nyb\u00f6rjare. D\u00e4rf\u00f6r valde vi att sammanst\u00e4lla information i en praktisk guide f\u00f6r svenska online casino. De flesta av oss har nog kommit i kontakt med spelautomater s\u00e5 som Gonzo&#8217;s Quest, Starburst och den moderna klassikern Jimi Hendrix. Kanske \u00e4r man [&hellip;]","og_url":"https:\/\/www.apnet.com\/se\/svenska-online-casino\/","og_site_name":"Apnet","article_modified_time":"2018-08-08T18:38:06+00:00","og_image":[{"url":"https:\/\/www.apnet.com\/se\/wp-content\/uploads\/2017\/11\/btn.png"}],"twitter_card":"summary_large_image","twitter_misc":{"Ber\u00e4knad l\u00e4stid":"8 minuter"},"schema":{"@context":"https:\/\/schema.org","@graph":[{"@type":"WebPage","@id":"https:\/\/www.apnet.com\/se\/svenska-online-casino\/","url":"https:\/\/www.apnet.com\/se\/svenska-online-casino\/","name":"En enkel guide f\u00f6r dig som vill ta upplevelsen till en ny niv\u00e5 p\u00e5 svenska online casino - Apnet","isPartOf":{"@id":"https:\/\/www.apnet.com\/se\/#website"},"datePublished":"2017-11-24T16:10:29+00:00","dateModified":"2018-08-08T18:38:06+00:00","breadcrumb":{"@id":"https:\/\/www.apnet.com\/se\/svenska-online-casino\/#breadcrumb"},"inLanguage":"sv-SE","potentialAction":[{"@type":"ReadAction","target":["https:\/\/www.apnet.com\/se\/svenska-online-casino\/"]}]},{"@type":"BreadcrumbList","@id":"https:\/\/www.apnet.com\/se\/svenska-online-casino\/#breadcrumb","itemListElement":[{"@type":"ListItem","position":1,"name":"Startsida","item":"https:\/\/www.apnet.com\/se\/"},{"@type":"ListItem","position":2,"name":"En enkel guide f\u00f6r dig som vill ta upplevelsen till en ny niv\u00e5 p\u00e5 svenska online casino"}]},{"@type":"WebSite","@id":"https:\/\/www.apnet.com\/se\/#website","url":"https:\/\/www.apnet.com\/se\/","name":"Apnet","description":"","potentialAction":[{"@type":"SearchAction","target":{"@type":"EntryPoint","urlTemplate":"https:\/\/www.apnet.com\/se\/?s={search_term_string}"},"query-input":"required name=search_term_string"}],"inLanguage":"sv-SE"}]}},"_links":{"self":[{"href":"https:\/\/www.apnet.com\/se\/wp-json\/wp\/v2\/pages\/510"}],"collection":[{"href":"https:\/\/www.apnet.com\/se\/wp-json\/wp\/v2\/pages"}],"about":[{"href":"https:\/\/www.apnet.com\/se\/wp-json\/wp\/v2\/types\/page"}],"author":[{"embeddable":true,"href":"https:\/\/www.apnet.com\/se\/wp-json\/wp\/v2\/users\/2"}],"replies":[{"embeddable":true,"href":"https:\/\/www.apnet.com\/se\/wp-json\/wp\/v2\/comments?post=510"}],"version-history":[{"count":4,"href":"https:\/\/www.apnet.com\/se\/wp-json\/wp\/v2\/pages\/510\/revisions"}],"predecessor-version":[{"id":1000,"href":"https:\/\/www.apnet.com\/se\/wp-json\/wp\/v2\/pages\/510\/revisions\/1000"}],"wp:attachment":[{"href":"https:\/\/www.apnet.com\/se\/wp-json\/wp\/v2\/media?parent=510"}],"curies":[{"name":"wp","href":"https:\/\/api.w.org\/{rel}","templated":true}]}}