{"id":52,"date":"2016-04-14T11:11:51","date_gmt":"2016-04-14T11:11:51","guid":{"rendered":"\/\/www.apnet.com\/?page_id=52"},"modified":"2016-04-21T20:42:03","modified_gmt":"2016-04-21T20:42:03","slug":"ruby-fortune-casino","status":"publish","type":"page","link":"https:\/\/www.apnet.com\/se\/recensioner\/ruby-fortune-casino\/","title":{"rendered":"Ruby Fortune Casino recension"},"content":{"rendered":"<p>F\u00e5 en sp\u00e4nnande och realistisk casinoupplevelse direkt i din dator, mobiltelefon eller surfplatta. Sp\u00e4nningen, vinsterna och den uppslukande milj\u00f6n tar dig s\u00e5 n\u00e4ra Las Vegas du kan komma, utan att l\u00e4mna hemmet.<\/p>\n<p>Hos Ruby Fortune finns n\u00e5got f\u00f6r alla typer av spelare. Oavsett om du \u00e4r nyb\u00f6rjare eller erfaren, f\u00f6redrar slots eller bordsspel. Du har fler \u00e4n 450 spel att v\u00e4lja mellan. Poker, blackjack, craps, skraplotter, roulette och de nyaste videoslotsen! Spelen drivs med mjukvara fr\u00e5n Microgaming, som \u00e4r branschens absolut ledande mjukvaruleverant\u00f6r. Och som om detta inte var nog, en utbetalningsprocent p\u00e5 ofantliga 97%.<\/p>\n<p>Du blir bel\u00f6nad bara genom att \u00f6ppna ett konto, och din f\u00f6rsta ins\u00e4ttning dubblas direkt med den gener\u00f6sa v\u00e4lkomstbonusen. Varje g\u00e5ng du satsar kontanter tj\u00e4nar du dessutom lojalitetspo\u00e4ng, som sedan kan l\u00f6sas in f\u00f6r extrakrediter. Du f\u00e5r allts\u00e5 alltid n\u00e5gonting tillbaka!<\/p>\n<p>Som lojal spelare har du \u00e4ven chansen att tilldelas VIP-status, vilket inneb\u00e4r att du f\u00e5r chans till st\u00f6rre och b\u00e4ttre bel\u00f6ningar, g\u00e5vor och lyxiga resor.<\/p>\n<p>Om du st\u00f6ter p\u00e5 n\u00e5gra problem, undrar n\u00e5got eller bara beh\u00f6ver speltips finns Ruby Fortunes professionella och trevliga supportteam tillg\u00e4ngligt dygnet runt, alla dagar i veckan. Du kan f\u00e5 hj\u00e4lp via telefon, e-post eller livechatt och p\u00e5 hela sjutton olika spr\u00e5k. Sj\u00e4lvklart \u00e4r svenska ett av dem).<\/p>\n<p>Att spela hos Ruby Fortune \u00e4r b\u00e5de tryggt och s\u00e4kert. Dina uppgifter skyddas av den senaste krypteringsteknologin, och all information behandlas med din integritet och s\u00e4kerhet i \u00e5tanke. S\u00e4rskilt viktigt \u00e4r det s\u00e5klart att du kan g\u00f6ra ins\u00e4ttningar och uttag snabbt, smidigt och s\u00e4kert. Casinot har godk\u00e4nts av eCOGRA, ett certifikat som delas ut efter att det garanterats att samtliga riktlinjer och regler f\u00f6ljs.<\/p>\n<p>Ruby Fortune \u00e4r s\u00e4kert, r\u00e4ttvist och roligt. \u00d6ppna ett konto redan idag!<\/p>\n","protected":false},"excerpt":{"rendered":"<p>F\u00e5 en sp\u00e4nnande och realistisk casinoupplevelse direkt i din dator, mobiltelefon eller surfplatta. Sp\u00e4nningen, vinsterna och den uppslukande milj\u00f6n tar dig s\u00e5 n\u00e4ra Las Vegas du kan komma, utan att l\u00e4mna hemmet. Hos Ruby Fortune finns n\u00e5got f\u00f6r alla typer av spelare. Oavsett om du \u00e4r nyb\u00f6rjare eller erfaren, f\u00f6redrar slots eller bordsspel. Du har [&hellip;]<\/p>\n","protected":false},"author":2,"featured_media":0,"parent":28,"menu_order":0,"comment_status":"closed","ping_status":"closed","template":"","meta":[],"acf":[],"yoast_head":"<!-- This site is optimized with the Yoast SEO plugin v20.4 - https:\/\/yoast.com\/wordpress\/plugins\/seo\/ -->\n<title>Ruby Fortune Casino recension - Apnet<\/title>\n<meta name=\"robots\" content=\"index, follow, max-snippet:-1, max-image-preview:large, max-video-preview:-1\" \/>\n<link rel=\"canonical\" href=\"https:\/\/www.apnet.com\/se\/recensioner\/ruby-fortune-casino\/\" \/>\n<meta property=\"og:locale\" content=\"sv_SE\" \/>\n<meta property=\"og:type\" content=\"article\" \/>\n<meta property=\"og:title\" content=\"Ruby Fortune Casino recension - Apnet\" \/>\n<meta property=\"og:description\" content=\"F\u00e5 en sp\u00e4nnande och realistisk casinoupplevelse direkt i din dator, mobiltelefon eller surfplatta. Sp\u00e4nningen, vinsterna och den uppslukande milj\u00f6n tar dig s\u00e5 n\u00e4ra Las Vegas du kan komma, utan att l\u00e4mna hemmet. Hos Ruby Fortune finns n\u00e5got f\u00f6r alla typer av spelare. Oavsett om du \u00e4r nyb\u00f6rjare eller erfaren, f\u00f6redrar slots eller bordsspel. Du har [&hellip;]\" \/>\n<meta property=\"og:url\" content=\"https:\/\/www.apnet.com\/se\/recensioner\/ruby-fortune-casino\/\" \/>\n<meta property=\"og:site_name\" content=\"Apnet\" \/>\n<meta property=\"article:modified_time\" content=\"2016-04-21T20:42:03+00:00\" \/>\n<meta name=\"twitter:card\" content=\"summary_large_image\" \/>\n<meta name=\"twitter:label1\" content=\"Ber\u00e4knad l\u00e4stid\" \/>\n\t<meta name=\"twitter:data1\" content=\"2 minuter\" \/>\n<script type=\"application\/ld+json\" class=\"yoast-schema-graph\">{\"@context\":\"https:\/\/schema.org\",\"@graph\":[{\"@type\":\"WebPage\",\"@id\":\"https:\/\/www.apnet.com\/se\/recensioner\/ruby-fortune-casino\/\",\"url\":\"https:\/\/www.apnet.com\/se\/recensioner\/ruby-fortune-casino\/\",\"name\":\"Ruby Fortune Casino recension - Apnet\",\"isPartOf\":{\"@id\":\"https:\/\/www.apnet.com\/se\/#website\"},\"datePublished\":\"2016-04-14T11:11:51+00:00\",\"dateModified\":\"2016-04-21T20:42:03+00:00\",\"breadcrumb\":{\"@id\":\"https:\/\/www.apnet.com\/se\/recensioner\/ruby-fortune-casino\/#breadcrumb\"},\"inLanguage\":\"sv-SE\",\"potentialAction\":[{\"@type\":\"ReadAction\",\"target\":[\"https:\/\/www.apnet.com\/se\/recensioner\/ruby-fortune-casino\/\"]}]},{\"@type\":\"BreadcrumbList\",\"@id\":\"https:\/\/www.apnet.com\/se\/recensioner\/ruby-fortune-casino\/#breadcrumb\",\"itemListElement\":[{\"@type\":\"ListItem\",\"position\":1,\"name\":\"Startsida\",\"item\":\"https:\/\/www.apnet.com\/se\/\"},{\"@type\":\"ListItem\",\"position\":2,\"name\":\"Recensioner\",\"item\":\"https:\/\/www.apnet.com\/se\/recensioner\/\"},{\"@type\":\"ListItem\",\"position\":3,\"name\":\"Ruby Fortune Casino recension\"}]},{\"@type\":\"WebSite\",\"@id\":\"https:\/\/www.apnet.com\/se\/#website\",\"url\":\"https:\/\/www.apnet.com\/se\/\",\"name\":\"Apnet\",\"description\":\"\",\"potentialAction\":[{\"@type\":\"SearchAction\",\"target\":{\"@type\":\"EntryPoint\",\"urlTemplate\":\"https:\/\/www.apnet.com\/se\/?s={search_term_string}\"},\"query-input\":\"required name=search_term_string\"}],\"inLanguage\":\"sv-SE\"}]}<\/script>\n<!-- \/ Yoast SEO plugin. -->","yoast_head_json":{"title":"Ruby Fortune Casino recension - Apnet","robots":{"index":"index","follow":"follow","max-snippet":"max-snippet:-1","max-image-preview":"max-image-preview:large","max-video-preview":"max-video-preview:-1"},"canonical":"https:\/\/www.apnet.com\/se\/recensioner\/ruby-fortune-casino\/","og_locale":"sv_SE","og_type":"article","og_title":"Ruby Fortune Casino recension - Apnet","og_description":"F\u00e5 en sp\u00e4nnande och realistisk casinoupplevelse direkt i din dator, mobiltelefon eller surfplatta. Sp\u00e4nningen, vinsterna och den uppslukande milj\u00f6n tar dig s\u00e5 n\u00e4ra Las Vegas du kan komma, utan att l\u00e4mna hemmet. Hos Ruby Fortune finns n\u00e5got f\u00f6r alla typer av spelare. Oavsett om du \u00e4r nyb\u00f6rjare eller erfaren, f\u00f6redrar slots eller bordsspel. Du har [&hellip;]","og_url":"https:\/\/www.apnet.com\/se\/recensioner\/ruby-fortune-casino\/","og_site_name":"Apnet","article_modified_time":"2016-04-21T20:42:03+00:00","twitter_card":"summary_large_image","twitter_misc":{"Ber\u00e4knad l\u00e4stid":"2 minuter"},"schema":{"@context":"https:\/\/schema.org","@graph":[{"@type":"WebPage","@id":"https:\/\/www.apnet.com\/se\/recensioner\/ruby-fortune-casino\/","url":"https:\/\/www.apnet.com\/se\/recensioner\/ruby-fortune-casino\/","name":"Ruby Fortune Casino recension - Apnet","isPartOf":{"@id":"https:\/\/www.apnet.com\/se\/#website"},"datePublished":"2016-04-14T11:11:51+00:00","dateModified":"2016-04-21T20:42:03+00:00","breadcrumb":{"@id":"https:\/\/www.apnet.com\/se\/recensioner\/ruby-fortune-casino\/#breadcrumb"},"inLanguage":"sv-SE","potentialAction":[{"@type":"ReadAction","target":["https:\/\/www.apnet.com\/se\/recensioner\/ruby-fortune-casino\/"]}]},{"@type":"BreadcrumbList","@id":"https:\/\/www.apnet.com\/se\/recensioner\/ruby-fortune-casino\/#breadcrumb","itemListElement":[{"@type":"ListItem","position":1,"name":"Startsida","item":"https:\/\/www.apnet.com\/se\/"},{"@type":"ListItem","position":2,"name":"Recensioner","item":"https:\/\/www.apnet.com\/se\/recensioner\/"},{"@type":"ListItem","position":3,"name":"Ruby Fortune Casino recension"}]},{"@type":"WebSite","@id":"https:\/\/www.apnet.com\/se\/#website","url":"https:\/\/www.apnet.com\/se\/","name":"Apnet","description":"","potentialAction":[{"@type":"SearchAction","target":{"@type":"EntryPoint","urlTemplate":"https:\/\/www.apnet.com\/se\/?s={search_term_string}"},"query-input":"required name=search_term_string"}],"inLanguage":"sv-SE"}]}},"_links":{"self":[{"href":"https:\/\/www.apnet.com\/se\/wp-json\/wp\/v2\/pages\/52"}],"collection":[{"href":"https:\/\/www.apnet.com\/se\/wp-json\/wp\/v2\/pages"}],"about":[{"href":"https:\/\/www.apnet.com\/se\/wp-json\/wp\/v2\/types\/page"}],"author":[{"embeddable":true,"href":"https:\/\/www.apnet.com\/se\/wp-json\/wp\/v2\/users\/2"}],"replies":[{"embeddable":true,"href":"https:\/\/www.apnet.com\/se\/wp-json\/wp\/v2\/comments?post=52"}],"version-history":[{"count":4,"href":"https:\/\/www.apnet.com\/se\/wp-json\/wp\/v2\/pages\/52\/revisions"}],"predecessor-version":[{"id":165,"href":"https:\/\/www.apnet.com\/se\/wp-json\/wp\/v2\/pages\/52\/revisions\/165"}],"up":[{"embeddable":true,"href":"https:\/\/www.apnet.com\/se\/wp-json\/wp\/v2\/pages\/28"}],"wp:attachment":[{"href":"https:\/\/www.apnet.com\/se\/wp-json\/wp\/v2\/media?parent=52"}],"curies":[{"name":"wp","href":"https:\/\/api.w.org\/{rel}","templated":true}]}}