{"id":54,"date":"2016-04-14T11:13:47","date_gmt":"2016-04-14T11:13:47","guid":{"rendered":"\/\/www.apnet.com\/?page_id=54"},"modified":"2016-04-21T21:01:05","modified_gmt":"2016-04-21T21:01:05","slug":"sveacasino-recension","status":"publish","type":"page","link":"https:\/\/www.apnet.com\/se\/recensioner\/sveacasino-recension\/","title":{"rendered":"SveaCasino recension"},"content":{"rendered":"<p>Trots sin ringa \u00e5lder s\u00e5 \u00e4r d\u00e4r m\u00e5nga \u00e5rs erfarenhet bakom casinot, det \u00e4r n\u00e4mnligen Cherry Ltd som ligger bakom, som \u00e4r en del av Cherry AB. Cherry \u00e4r ett av de \u00e4ldsta casinof\u00f6retagen i v\u00e4rlden och grundades redan 1963.<\/p>\n<h3>SveaCasino Freespins<\/h3>\n<p>N\u00e4r man registrerar ett konto hos SveaCasino blir man direkt v\u00e4lkomnad med 10 free spins i den otroligt popul\u00e4ra spelautomaten StarBurst. Denna free spins bonus kr\u00e4ver allts\u00e5 inte n\u00e5gon ins\u00e4ttning alls.<\/p>\n<p>Att f\u00e5 free spins p\u00e5 registrering \u00e4r ett bra sett f\u00f6r online casinon att f\u00e5 dig som spelare mer v\u00e4lkomnad och \u00e4ven ett s\u00e4tt f\u00f6r dig att l\u00e4ra k\u00e4nna n\u00e4tcasinot lite b\u00e4ttre.<\/p>\n<p>Vill man ha fler free spins s\u00e5 \u00e4r egentligen inte det ett problem heller. Man kan n\u00e4mnligen f\u00e5 upp till sammanlagt 400 free spins n\u00e4r man g\u00f6r sina 4 f\u00f6rsta ins\u00e4ttningar p\u00e5 200 kronor eller mer. Man f\u00e5r 100 freespins per ins\u00e4ttning, om detta \u00e4r en bonus som lockar.<\/p>\n<p>Dessa free spins som man f\u00e5r p\u00e5 ins\u00e4ttning kan delas upp p\u00e5 fyra olika spel, n\u00e4mnligen Starburst, Twin Spin, Piggy Riches och Spinata Grande.<\/p>\n<p>Det kan \u00e4ven vara en bra id\u00e9 att h\u00e5lla ett \u00f6ga ute efter de medlemsmail man f\u00e5r. Varje m\u00e5nad erbjuder SveaCasino sina spelare m\u00e5nga olika roliga kampanjer d\u00e4r man kan f\u00e5 och\/eller vinna \u00e4nnu fler free spins.<\/p>\n<h3>SveaCasino bonus<\/h3>\n<p>N\u00e4r man b\u00f6rjar g\u00f6ra ins\u00e4ttningar hos SveaCasino har man ett par olika bonusalternativ man kan v\u00e4lja mellan. Dels har man free spins alternativet, som du ser ovan, och sen har man \u00e4ven matchbonus alternativet.<\/p>\n<p>P\u00e5 sina fyra f\u00f6rsta ins\u00e4ttningar kan man sammanlagt f\u00e5 en bonus p\u00e5 8000 kr.<\/p>\n<ul>\n<li>F\u00f6rsta ins\u00e4ttningen: 100% upp till 1500 kr<\/li>\n<li>Andra ins\u00e4ttningen: 50% upp till 2500 kr<\/li>\n<li>Tredje ins\u00e4ttningen: 25% upp till 2500 kr<\/li>\n<li>Fj\u00e4rde ins\u00e4ttningen: 100% upp till 1500 kr<\/li>\n<\/ul>\n<h3>SveaCasino spelutbud<\/h3>\n<p>SveaCasino erbjuder sina spelare ett gigantiskt spelutbud med \u00f6ver 500 casinospel som ska passa alla spelstilar och smaker. Sj\u00e4lvklart kommer casinospelen fr\u00e5n de b\u00e4sta och st\u00f6rsta p\u00e5 marknaden som NetEnt, Amaya, Yggdrasil, MicroGaming och Play N&#8217; Go.<\/p>\n<p>Om man inte vill lira p\u00e5 spelautomater s\u00e5 erbjuds \u00e4ven m\u00e5nga bordsspel, s\u00e5 som Blackjack, Roulette och Baccarat i olika former.<\/p>\n<p>Testa g\u00e4rna ocks\u00e5 deras funktion &#8221;Slumpvalt spel&#8221;. Denna funktionen slumpar fram ett casinospel och vem vet, kanske blir det din nya favorit.<\/p>\n<h3>SveaCasino i mobilen<\/h3>\n<p>Som n\u00e4stan alla andra online casino s\u00e5 har SveaCasino ocks\u00e5 b\u00e5de en mobilversion och en version f\u00f6r surfplattor. Man kan allts\u00e5 spela n\u00e4r man vill och var man vill.<\/p>\n<p>Man blir bem\u00f6tt av samma bonusar, support, casinospel och grafik s\u00e5 man beh\u00f6ver inte k\u00e4nna att man missar n\u00e5got. Det \u00e4r en snygg, enkelt och anv\u00e4ndarv\u00e4nlig mobilsida\/surfplattesida.<\/p>\n<h3>SveaCasino Ins\u00e4ttnings- och uttagsalternativ<\/h3>\n<p>Med tanke p\u00e5 att det \u00e4r Cherry Ltd som ligger bakom, s\u00e5 kan man som spelare vara s\u00e4ker p\u00e5 att deras s\u00e4kerhet \u00e4r den senaste och man kan k\u00e4nna sig trygg. Som ett casinof\u00f6retag kan man inte existera i mer \u00e4n 50 \u00e5r om man inte s\u00e4tter kunden och deras s\u00e4kerhets och tillit i f\u00f6rsta hand.<\/p>\n<p>De alternativ man till sitt f\u00f6rfogande \u00e4r VISA, VISA Electron, MasterCard, Neteller, Skrill (Moneybookers) och Trustly.<\/p>\n<h3>Kundtj\u00e4nst SveaCasino<\/h3>\n<p>Som spelare kan man alltid f\u00f6rs\u00e4kra sig om att f\u00e5 hj\u00e4lp om det skulle beh\u00f6vas, n\u00e4r som helst. Kundtj\u00e4nsten \u00e4r tillg\u00e4nglig 24\/7, hela \u00e5ret om.<\/p>\n<p>Man kan v\u00e4lja att kontakta kundtj\u00e4nsten genom f\u00f6ljade metoder:<\/p>\n<ul>\n<li>Online Chatt<\/li>\n<li>Email (formul\u00e4r p\u00e5 hemsidan)<\/li>\n<li>Telefon (lokalt &#8211; 020-889-246, internationellt &#8211; +356-2276 6799<\/li>\n<\/ul>\n<p>Dessutom \u00e4r supporten p\u00e5 svenska.<\/p>\n","protected":false},"excerpt":{"rendered":"<p>Trots sin ringa \u00e5lder s\u00e5 \u00e4r d\u00e4r m\u00e5nga \u00e5rs erfarenhet bakom casinot, det \u00e4r n\u00e4mnligen Cherry Ltd som ligger bakom, som \u00e4r en del av Cherry AB. Cherry \u00e4r ett av de \u00e4ldsta casinof\u00f6retagen i v\u00e4rlden och grundades redan 1963. SveaCasino Freespins N\u00e4r man registrerar ett konto hos SveaCasino blir man direkt v\u00e4lkomnad med 10 [&hellip;]<\/p>\n","protected":false},"author":3,"featured_media":0,"parent":28,"menu_order":0,"comment_status":"closed","ping_status":"closed","template":"","meta":[],"acf":[],"yoast_head":"<!-- This site is optimized with the Yoast SEO plugin v20.4 - https:\/\/yoast.com\/wordpress\/plugins\/seo\/ -->\n<title>SveaCasino recension - Apnet<\/title>\n<meta name=\"robots\" content=\"index, follow, max-snippet:-1, max-image-preview:large, max-video-preview:-1\" \/>\n<link rel=\"canonical\" href=\"https:\/\/www.apnet.com\/se\/recensioner\/sveacasino-recension\/\" \/>\n<meta property=\"og:locale\" content=\"sv_SE\" \/>\n<meta property=\"og:type\" content=\"article\" \/>\n<meta property=\"og:title\" content=\"SveaCasino recension - Apnet\" \/>\n<meta property=\"og:description\" content=\"Trots sin ringa \u00e5lder s\u00e5 \u00e4r d\u00e4r m\u00e5nga \u00e5rs erfarenhet bakom casinot, det \u00e4r n\u00e4mnligen Cherry Ltd som ligger bakom, som \u00e4r en del av Cherry AB. Cherry \u00e4r ett av de \u00e4ldsta casinof\u00f6retagen i v\u00e4rlden och grundades redan 1963. SveaCasino Freespins N\u00e4r man registrerar ett konto hos SveaCasino blir man direkt v\u00e4lkomnad med 10 [&hellip;]\" \/>\n<meta property=\"og:url\" content=\"https:\/\/www.apnet.com\/se\/recensioner\/sveacasino-recension\/\" \/>\n<meta property=\"og:site_name\" content=\"Apnet\" \/>\n<meta property=\"article:modified_time\" content=\"2016-04-21T21:01:05+00:00\" \/>\n<meta name=\"twitter:card\" content=\"summary_large_image\" \/>\n<meta name=\"twitter:label1\" content=\"Ber\u00e4knad l\u00e4stid\" \/>\n\t<meta name=\"twitter:data1\" content=\"3 minuter\" \/>\n<script type=\"application\/ld+json\" class=\"yoast-schema-graph\">{\"@context\":\"https:\/\/schema.org\",\"@graph\":[{\"@type\":\"WebPage\",\"@id\":\"https:\/\/www.apnet.com\/se\/recensioner\/sveacasino-recension\/\",\"url\":\"https:\/\/www.apnet.com\/se\/recensioner\/sveacasino-recension\/\",\"name\":\"SveaCasino recension - Apnet\",\"isPartOf\":{\"@id\":\"https:\/\/www.apnet.com\/se\/#website\"},\"datePublished\":\"2016-04-14T11:13:47+00:00\",\"dateModified\":\"2016-04-21T21:01:05+00:00\",\"breadcrumb\":{\"@id\":\"https:\/\/www.apnet.com\/se\/recensioner\/sveacasino-recension\/#breadcrumb\"},\"inLanguage\":\"sv-SE\",\"potentialAction\":[{\"@type\":\"ReadAction\",\"target\":[\"https:\/\/www.apnet.com\/se\/recensioner\/sveacasino-recension\/\"]}]},{\"@type\":\"BreadcrumbList\",\"@id\":\"https:\/\/www.apnet.com\/se\/recensioner\/sveacasino-recension\/#breadcrumb\",\"itemListElement\":[{\"@type\":\"ListItem\",\"position\":1,\"name\":\"Startsida\",\"item\":\"https:\/\/www.apnet.com\/se\/\"},{\"@type\":\"ListItem\",\"position\":2,\"name\":\"Recensioner\",\"item\":\"https:\/\/www.apnet.com\/se\/recensioner\/\"},{\"@type\":\"ListItem\",\"position\":3,\"name\":\"SveaCasino recension\"}]},{\"@type\":\"WebSite\",\"@id\":\"https:\/\/www.apnet.com\/se\/#website\",\"url\":\"https:\/\/www.apnet.com\/se\/\",\"name\":\"Apnet\",\"description\":\"\",\"potentialAction\":[{\"@type\":\"SearchAction\",\"target\":{\"@type\":\"EntryPoint\",\"urlTemplate\":\"https:\/\/www.apnet.com\/se\/?s={search_term_string}\"},\"query-input\":\"required name=search_term_string\"}],\"inLanguage\":\"sv-SE\"}]}<\/script>\n<!-- \/ Yoast SEO plugin. -->","yoast_head_json":{"title":"SveaCasino recension - Apnet","robots":{"index":"index","follow":"follow","max-snippet":"max-snippet:-1","max-image-preview":"max-image-preview:large","max-video-preview":"max-video-preview:-1"},"canonical":"https:\/\/www.apnet.com\/se\/recensioner\/sveacasino-recension\/","og_locale":"sv_SE","og_type":"article","og_title":"SveaCasino recension - Apnet","og_description":"Trots sin ringa \u00e5lder s\u00e5 \u00e4r d\u00e4r m\u00e5nga \u00e5rs erfarenhet bakom casinot, det \u00e4r n\u00e4mnligen Cherry Ltd som ligger bakom, som \u00e4r en del av Cherry AB. Cherry \u00e4r ett av de \u00e4ldsta casinof\u00f6retagen i v\u00e4rlden och grundades redan 1963. SveaCasino Freespins N\u00e4r man registrerar ett konto hos SveaCasino blir man direkt v\u00e4lkomnad med 10 [&hellip;]","og_url":"https:\/\/www.apnet.com\/se\/recensioner\/sveacasino-recension\/","og_site_name":"Apnet","article_modified_time":"2016-04-21T21:01:05+00:00","twitter_card":"summary_large_image","twitter_misc":{"Ber\u00e4knad l\u00e4stid":"3 minuter"},"schema":{"@context":"https:\/\/schema.org","@graph":[{"@type":"WebPage","@id":"https:\/\/www.apnet.com\/se\/recensioner\/sveacasino-recension\/","url":"https:\/\/www.apnet.com\/se\/recensioner\/sveacasino-recension\/","name":"SveaCasino recension - Apnet","isPartOf":{"@id":"https:\/\/www.apnet.com\/se\/#website"},"datePublished":"2016-04-14T11:13:47+00:00","dateModified":"2016-04-21T21:01:05+00:00","breadcrumb":{"@id":"https:\/\/www.apnet.com\/se\/recensioner\/sveacasino-recension\/#breadcrumb"},"inLanguage":"sv-SE","potentialAction":[{"@type":"ReadAction","target":["https:\/\/www.apnet.com\/se\/recensioner\/sveacasino-recension\/"]}]},{"@type":"BreadcrumbList","@id":"https:\/\/www.apnet.com\/se\/recensioner\/sveacasino-recension\/#breadcrumb","itemListElement":[{"@type":"ListItem","position":1,"name":"Startsida","item":"https:\/\/www.apnet.com\/se\/"},{"@type":"ListItem","position":2,"name":"Recensioner","item":"https:\/\/www.apnet.com\/se\/recensioner\/"},{"@type":"ListItem","position":3,"name":"SveaCasino recension"}]},{"@type":"WebSite","@id":"https:\/\/www.apnet.com\/se\/#website","url":"https:\/\/www.apnet.com\/se\/","name":"Apnet","description":"","potentialAction":[{"@type":"SearchAction","target":{"@type":"EntryPoint","urlTemplate":"https:\/\/www.apnet.com\/se\/?s={search_term_string}"},"query-input":"required name=search_term_string"}],"inLanguage":"sv-SE"}]}},"_links":{"self":[{"href":"https:\/\/www.apnet.com\/se\/wp-json\/wp\/v2\/pages\/54"}],"collection":[{"href":"https:\/\/www.apnet.com\/se\/wp-json\/wp\/v2\/pages"}],"about":[{"href":"https:\/\/www.apnet.com\/se\/wp-json\/wp\/v2\/types\/page"}],"author":[{"embeddable":true,"href":"https:\/\/www.apnet.com\/se\/wp-json\/wp\/v2\/users\/3"}],"replies":[{"embeddable":true,"href":"https:\/\/www.apnet.com\/se\/wp-json\/wp\/v2\/comments?post=54"}],"version-history":[{"count":3,"href":"https:\/\/www.apnet.com\/se\/wp-json\/wp\/v2\/pages\/54\/revisions"}],"predecessor-version":[{"id":176,"href":"https:\/\/www.apnet.com\/se\/wp-json\/wp\/v2\/pages\/54\/revisions\/176"}],"up":[{"embeddable":true,"href":"https:\/\/www.apnet.com\/se\/wp-json\/wp\/v2\/pages\/28"}],"wp:attachment":[{"href":"https:\/\/www.apnet.com\/se\/wp-json\/wp\/v2\/media?parent=54"}],"curies":[{"name":"wp","href":"https:\/\/api.w.org\/{rel}","templated":true}]}}