{"id":65,"date":"2016-04-14T11:15:32","date_gmt":"2016-04-14T11:15:32","guid":{"rendered":"\/\/www.apnet.com\/?page_id=65"},"modified":"2016-04-21T21:25:33","modified_gmt":"2016-04-21T21:25:33","slug":"sverigecasino-recension","status":"publish","type":"page","link":"https:\/\/www.apnet.com\/se\/recensioner\/sverigecasino-recension\/","title":{"rendered":"SverigeCasino recension"},"content":{"rendered":"<p>NetEnt, Microgaming och m\u00e5nga fler av de allra st\u00f6rsta spelproducenterna \u00e4r det som st\u00e5r f\u00f6r leveransen av casinospel och underh\u00e5llning. Du hittar gamla klassiker blandat med de senaste nyheterna b\u00e5de bland kortspel, jackpotspel, bordsspel med mera.<\/p>\n<h3>Bonusar<\/h3>\n<p>Som ny kund p\u00e5 SverigeCasino kan du v\u00e4nta dig en m\u00e4ngd olika \u00f6verraskningar i form av rykande heta v\u00e4lkomsterbjudanden. Redan innan n\u00e5gon ins\u00e4ttning \u00e4r gjord, allts\u00e5 direkt efter registrering bel\u00f6nas du med 100 stycken gratisspinn. Efter detta har du hela tre stycken olika bonusar att v\u00e4lja bland d\u00e4r du kan plocka hem s\u00e5 mycket som 1000 gratisspinn! V\u00e4ljer du att s\u00e4tta in 200 kr erbjuds du 100 gratisspinn redo att anv\u00e4ndas direkt efter avklarad ins\u00e4ttning. 500 kr ger dig 400 gratisspinn, du f\u00e5r d\u00e5 100 direkt och de resterande 300 uppdelat \u00f6ver de n\u00e4stkommande tre dagarna. Skull du v\u00e4lja att s\u00e4tta in 1000 kr bel\u00f6nas du med 1000 gratisspinn, 100 direkt sedan ytterligare 100 stycken dagen efter f\u00f6r att sedan f\u00e5 200 gratisspinn de efterf\u00f6ljande fyra dagarna.<\/p>\n<h3>Kundservice<\/h3>\n<p>SverigeCasino jobbar hela tiden f\u00f6r att kunna leverera en s\u00e5 bra kundservice som m\u00f6jligt. Oavsett vad du har f\u00f6r fr\u00e5gor eller problem som r\u00f6r casinot s\u00e5 ska du erbjudas proffsig och l\u00e4ttillg\u00e4nglig support d\u00e4rf\u00f6r kan du n\u00e4r som helst mellan 09.00-01.00 kontakta supporten via live-chatt. Mail g\u00e5r sj\u00e4lvklart bra att skicka in n\u00e4r som helst under dygnet och svar kan v\u00e4ntas komma inom kort. H\u00f6gklassig service v\u00e4ntar f\u00f6r att ge dig den ultimata upplevelsen, det g\u00e5r \u00e4ven bra att ringa SverigeCasino p\u00e5 0770-175175.<\/p>\n<h3>Betalningsmetoder<\/h3>\n<p>Som marknadens tryggaste <a href=\"https:\/\/www.apnet.com\/se\/natcasino\/\">n\u00e4tcasino<\/a> erbjuder SverigeCasino en m\u00e4ngd olika s\u00e4kra betalningsm\u00f6jligheter, b\u00e5de f\u00f6r uttag och f\u00f6r ins\u00e4ttningar. Du kan g\u00f6ra en ins\u00e4ttning via f\u00f6ljande:<\/p>\n<ul>\n<li>Visa<\/li>\n<li>MasterCard<\/li>\n<li>Trustly<\/li>\n<li>Paysafe Card<\/li>\n<li>Skrill<\/li>\n<li>Neteller<\/li>\n<li>Puggle pay<\/li>\n<\/ul>\n<p>Uttagsmetoderna \u00e4r:<\/p>\n<ul>\n<li>Visa<\/li>\n<li>Trustly<\/li>\n<li>Skrill<\/li>\n<li>Neteller<\/li>\n<\/ul>\n<p>F\u00f6r SverigeCasino s\u00e4tts kunden alltid i f\u00f6rsta hand och det viktigaste \u00e4r att upplevelsen p\u00e5 casinot motsvarar alla f\u00f6rv\u00e4ntningar, b\u00e5de vad det g\u00e4ller spel som service. Med 100 gratisspin direkt efter registrering kan du snabbt och enkelt komma ig\u00e5ng med ditt spelande. G\u00f6r en ins\u00e4ttning p\u00e5 SverigeCasino idag och ta del av alla fantastiska erbjudanden p\u00e5 marknadens s\u00e4kraste n\u00e4tcasino!<\/p>\n","protected":false},"excerpt":{"rendered":"<p>NetEnt, Microgaming och m\u00e5nga fler av de allra st\u00f6rsta spelproducenterna \u00e4r det som st\u00e5r f\u00f6r leveransen av casinospel och underh\u00e5llning. Du hittar gamla klassiker blandat med de senaste nyheterna b\u00e5de bland kortspel, jackpotspel, bordsspel med mera. Bonusar Som ny kund p\u00e5 SverigeCasino kan du v\u00e4nta dig en m\u00e4ngd olika \u00f6verraskningar i form av rykande heta [&hellip;]<\/p>\n","protected":false},"author":3,"featured_media":0,"parent":28,"menu_order":0,"comment_status":"closed","ping_status":"closed","template":"","meta":[],"acf":[],"yoast_head":"<!-- This site is optimized with the Yoast SEO plugin v20.4 - https:\/\/yoast.com\/wordpress\/plugins\/seo\/ -->\n<title>SverigeCasino recension - Apnet<\/title>\n<meta name=\"robots\" content=\"index, follow, max-snippet:-1, max-image-preview:large, max-video-preview:-1\" \/>\n<link rel=\"canonical\" href=\"https:\/\/www.apnet.com\/se\/recensioner\/sverigecasino-recension\/\" \/>\n<meta property=\"og:locale\" content=\"sv_SE\" \/>\n<meta property=\"og:type\" content=\"article\" \/>\n<meta property=\"og:title\" content=\"SverigeCasino recension - Apnet\" \/>\n<meta property=\"og:description\" content=\"NetEnt, Microgaming och m\u00e5nga fler av de allra st\u00f6rsta spelproducenterna \u00e4r det som st\u00e5r f\u00f6r leveransen av casinospel och underh\u00e5llning. Du hittar gamla klassiker blandat med de senaste nyheterna b\u00e5de bland kortspel, jackpotspel, bordsspel med mera. Bonusar Som ny kund p\u00e5 SverigeCasino kan du v\u00e4nta dig en m\u00e4ngd olika \u00f6verraskningar i form av rykande heta [&hellip;]\" \/>\n<meta property=\"og:url\" content=\"https:\/\/www.apnet.com\/se\/recensioner\/sverigecasino-recension\/\" \/>\n<meta property=\"og:site_name\" content=\"Apnet\" \/>\n<meta property=\"article:modified_time\" content=\"2016-04-21T21:25:33+00:00\" \/>\n<meta name=\"twitter:card\" content=\"summary_large_image\" \/>\n<meta name=\"twitter:label1\" content=\"Ber\u00e4knad l\u00e4stid\" \/>\n\t<meta name=\"twitter:data1\" content=\"2 minuter\" \/>\n<script type=\"application\/ld+json\" class=\"yoast-schema-graph\">{\"@context\":\"https:\/\/schema.org\",\"@graph\":[{\"@type\":\"WebPage\",\"@id\":\"https:\/\/www.apnet.com\/se\/recensioner\/sverigecasino-recension\/\",\"url\":\"https:\/\/www.apnet.com\/se\/recensioner\/sverigecasino-recension\/\",\"name\":\"SverigeCasino recension - Apnet\",\"isPartOf\":{\"@id\":\"https:\/\/www.apnet.com\/se\/#website\"},\"datePublished\":\"2016-04-14T11:15:32+00:00\",\"dateModified\":\"2016-04-21T21:25:33+00:00\",\"breadcrumb\":{\"@id\":\"https:\/\/www.apnet.com\/se\/recensioner\/sverigecasino-recension\/#breadcrumb\"},\"inLanguage\":\"sv-SE\",\"potentialAction\":[{\"@type\":\"ReadAction\",\"target\":[\"https:\/\/www.apnet.com\/se\/recensioner\/sverigecasino-recension\/\"]}]},{\"@type\":\"BreadcrumbList\",\"@id\":\"https:\/\/www.apnet.com\/se\/recensioner\/sverigecasino-recension\/#breadcrumb\",\"itemListElement\":[{\"@type\":\"ListItem\",\"position\":1,\"name\":\"Startsida\",\"item\":\"https:\/\/www.apnet.com\/se\/\"},{\"@type\":\"ListItem\",\"position\":2,\"name\":\"Recensioner\",\"item\":\"https:\/\/www.apnet.com\/se\/recensioner\/\"},{\"@type\":\"ListItem\",\"position\":3,\"name\":\"SverigeCasino recension\"}]},{\"@type\":\"WebSite\",\"@id\":\"https:\/\/www.apnet.com\/se\/#website\",\"url\":\"https:\/\/www.apnet.com\/se\/\",\"name\":\"Apnet\",\"description\":\"\",\"potentialAction\":[{\"@type\":\"SearchAction\",\"target\":{\"@type\":\"EntryPoint\",\"urlTemplate\":\"https:\/\/www.apnet.com\/se\/?s={search_term_string}\"},\"query-input\":\"required name=search_term_string\"}],\"inLanguage\":\"sv-SE\"}]}<\/script>\n<!-- \/ Yoast SEO plugin. -->","yoast_head_json":{"title":"SverigeCasino recension - Apnet","robots":{"index":"index","follow":"follow","max-snippet":"max-snippet:-1","max-image-preview":"max-image-preview:large","max-video-preview":"max-video-preview:-1"},"canonical":"https:\/\/www.apnet.com\/se\/recensioner\/sverigecasino-recension\/","og_locale":"sv_SE","og_type":"article","og_title":"SverigeCasino recension - Apnet","og_description":"NetEnt, Microgaming och m\u00e5nga fler av de allra st\u00f6rsta spelproducenterna \u00e4r det som st\u00e5r f\u00f6r leveransen av casinospel och underh\u00e5llning. Du hittar gamla klassiker blandat med de senaste nyheterna b\u00e5de bland kortspel, jackpotspel, bordsspel med mera. Bonusar Som ny kund p\u00e5 SverigeCasino kan du v\u00e4nta dig en m\u00e4ngd olika \u00f6verraskningar i form av rykande heta [&hellip;]","og_url":"https:\/\/www.apnet.com\/se\/recensioner\/sverigecasino-recension\/","og_site_name":"Apnet","article_modified_time":"2016-04-21T21:25:33+00:00","twitter_card":"summary_large_image","twitter_misc":{"Ber\u00e4knad l\u00e4stid":"2 minuter"},"schema":{"@context":"https:\/\/schema.org","@graph":[{"@type":"WebPage","@id":"https:\/\/www.apnet.com\/se\/recensioner\/sverigecasino-recension\/","url":"https:\/\/www.apnet.com\/se\/recensioner\/sverigecasino-recension\/","name":"SverigeCasino recension - Apnet","isPartOf":{"@id":"https:\/\/www.apnet.com\/se\/#website"},"datePublished":"2016-04-14T11:15:32+00:00","dateModified":"2016-04-21T21:25:33+00:00","breadcrumb":{"@id":"https:\/\/www.apnet.com\/se\/recensioner\/sverigecasino-recension\/#breadcrumb"},"inLanguage":"sv-SE","potentialAction":[{"@type":"ReadAction","target":["https:\/\/www.apnet.com\/se\/recensioner\/sverigecasino-recension\/"]}]},{"@type":"BreadcrumbList","@id":"https:\/\/www.apnet.com\/se\/recensioner\/sverigecasino-recension\/#breadcrumb","itemListElement":[{"@type":"ListItem","position":1,"name":"Startsida","item":"https:\/\/www.apnet.com\/se\/"},{"@type":"ListItem","position":2,"name":"Recensioner","item":"https:\/\/www.apnet.com\/se\/recensioner\/"},{"@type":"ListItem","position":3,"name":"SverigeCasino recension"}]},{"@type":"WebSite","@id":"https:\/\/www.apnet.com\/se\/#website","url":"https:\/\/www.apnet.com\/se\/","name":"Apnet","description":"","potentialAction":[{"@type":"SearchAction","target":{"@type":"EntryPoint","urlTemplate":"https:\/\/www.apnet.com\/se\/?s={search_term_string}"},"query-input":"required name=search_term_string"}],"inLanguage":"sv-SE"}]}},"_links":{"self":[{"href":"https:\/\/www.apnet.com\/se\/wp-json\/wp\/v2\/pages\/65"}],"collection":[{"href":"https:\/\/www.apnet.com\/se\/wp-json\/wp\/v2\/pages"}],"about":[{"href":"https:\/\/www.apnet.com\/se\/wp-json\/wp\/v2\/types\/page"}],"author":[{"embeddable":true,"href":"https:\/\/www.apnet.com\/se\/wp-json\/wp\/v2\/users\/3"}],"replies":[{"embeddable":true,"href":"https:\/\/www.apnet.com\/se\/wp-json\/wp\/v2\/comments?post=65"}],"version-history":[{"count":3,"href":"https:\/\/www.apnet.com\/se\/wp-json\/wp\/v2\/pages\/65\/revisions"}],"predecessor-version":[{"id":195,"href":"https:\/\/www.apnet.com\/se\/wp-json\/wp\/v2\/pages\/65\/revisions\/195"}],"up":[{"embeddable":true,"href":"https:\/\/www.apnet.com\/se\/wp-json\/wp\/v2\/pages\/28"}],"wp:attachment":[{"href":"https:\/\/www.apnet.com\/se\/wp-json\/wp\/v2\/media?parent=65"}],"curies":[{"name":"wp","href":"https:\/\/api.w.org\/{rel}","templated":true}]}}