{"id":67,"date":"2016-04-14T11:16:11","date_gmt":"2016-04-14T11:16:11","guid":{"rendered":"\/\/www.apnet.com\/?page_id=67"},"modified":"2016-04-21T21:35:15","modified_gmt":"2016-04-21T21:35:15","slug":"sverigekronan","status":"publish","type":"page","link":"https:\/\/www.apnet.com\/se\/recensioner\/sverigekronan\/","title":{"rendered":"SverigeKronan recension"},"content":{"rendered":"<h3>SverigeKronan bonus<\/h3>\n<p>Redan direkt n\u00e4r du registrerat dig k\u00e4nner du av SverigeKronans generositet, 60 gratissnurr ligger n\u00e4mligen och v\u00e4ntar p\u00e5 dig, helt utan n\u00e5gra ins\u00e4ttningskrav! \u00a0N\u00e4r du sedan tar klivet in i n\u00e4tcasinov\u00e4rlden p\u00e5 riktigt och g\u00f6r din f\u00f6rsta ins\u00e4ttning v\u00e4ntar tv\u00e5 riktigt trevliga v\u00e4lkomstbonusar p\u00e5 dig. F\u00f6r det f\u00f6rsta f\u00e5r du 100% i ren ins\u00e4ttningsbonus upp till makal\u00f6sa 7500kr, men ocks\u00e5 350 gratissnurr redo att anv\u00e4ndas direkt. Som aktiv kund hos SverigeKronan kommer du f\u00e5 diverse mailutskick med oms\u00e4ttningsfria gratissnurr och andra trevliga erbjudande. Till skillnad fr\u00e5n m\u00e5nga andra casinon \u00e4r dessa vinster som sagt helt oms\u00e4ttningsfria.<\/p>\n<h3>SverigeKronan Kundservice<\/h3>\n<p>Ett <a href=\"https:\/\/www.apnet.com\/se\/natcasino\/\">n\u00e4tcasino<\/a> av h\u00f6gsta kvalit\u00e9t beh\u00f6ver en kundtj\u00e4nst av samma kaliber, detta har inte SverigeKronan missat. Deras kundtj\u00e4nstmedarbetare har flera \u00e5rs erfarenhet av branschen och dem finns d\u00e4r f\u00f6r dig 09:00 \u2013 01:00 veckans alla dagar, \u00e5ret runt! Om du \u00e4r en storspelare s\u00e5 kommer du att f\u00e5 uppleva service av h\u00f6gsta t\u00e4nkbara klass \u2013 Tack vare SverigeKronans marknadsledande VIP-avdelning. R\u00e4kna med m\u00e5nga extra trevliga erbjudanden fr\u00e5n SverigeKronan!<\/p>\n<h3>SverigeKronan Betalningsmetoder<\/h3>\n<p>SverigeKronan \u00e4r alltid snabba med utbetalningar, varesig det g\u00e4ller Trustly, Visa, Neteller eller Skrill. \u00c4ven deras ins\u00e4ttningsmetoder \u00e4r av h\u00f6gsta klass och krypteringen \u00e4r vattent\u00e4t, eller vad s\u00e4gs om Visa, Mastercard, Trustly, Paysafe Card, Neteller, Skrill eller varf\u00f6r inte Pugglepay?<\/p>\n<p>G\u00f6r som vi du ocks\u00e5 \u2013 Registrera dig hos Sveriges vassaste n\u00e4tcasino redan idag!<\/p>\n","protected":false},"excerpt":{"rendered":"<p>SverigeKronan bonus Redan direkt n\u00e4r du registrerat dig k\u00e4nner du av SverigeKronans generositet, 60 gratissnurr ligger n\u00e4mligen och v\u00e4ntar p\u00e5 dig, helt utan n\u00e5gra ins\u00e4ttningskrav! \u00a0N\u00e4r du sedan tar klivet in i n\u00e4tcasinov\u00e4rlden p\u00e5 riktigt och g\u00f6r din f\u00f6rsta ins\u00e4ttning v\u00e4ntar tv\u00e5 riktigt trevliga v\u00e4lkomstbonusar p\u00e5 dig. F\u00f6r det f\u00f6rsta f\u00e5r du 100% i ren [&hellip;]<\/p>\n","protected":false},"author":3,"featured_media":0,"parent":28,"menu_order":0,"comment_status":"closed","ping_status":"closed","template":"","meta":[],"acf":[],"yoast_head":"<!-- This site is optimized with the Yoast SEO plugin v20.4 - https:\/\/yoast.com\/wordpress\/plugins\/seo\/ -->\n<title>SverigeKronan recension - Apnet<\/title>\n<meta name=\"robots\" content=\"index, follow, max-snippet:-1, max-image-preview:large, max-video-preview:-1\" \/>\n<link rel=\"canonical\" href=\"https:\/\/www.apnet.com\/se\/recensioner\/sverigekronan\/\" \/>\n<meta property=\"og:locale\" content=\"sv_SE\" \/>\n<meta property=\"og:type\" content=\"article\" \/>\n<meta property=\"og:title\" content=\"SverigeKronan recension - Apnet\" \/>\n<meta property=\"og:description\" content=\"SverigeKronan bonus Redan direkt n\u00e4r du registrerat dig k\u00e4nner du av SverigeKronans generositet, 60 gratissnurr ligger n\u00e4mligen och v\u00e4ntar p\u00e5 dig, helt utan n\u00e5gra ins\u00e4ttningskrav! \u00a0N\u00e4r du sedan tar klivet in i n\u00e4tcasinov\u00e4rlden p\u00e5 riktigt och g\u00f6r din f\u00f6rsta ins\u00e4ttning v\u00e4ntar tv\u00e5 riktigt trevliga v\u00e4lkomstbonusar p\u00e5 dig. F\u00f6r det f\u00f6rsta f\u00e5r du 100% i ren [&hellip;]\" \/>\n<meta property=\"og:url\" content=\"https:\/\/www.apnet.com\/se\/recensioner\/sverigekronan\/\" \/>\n<meta property=\"og:site_name\" content=\"Apnet\" \/>\n<meta property=\"article:modified_time\" content=\"2016-04-21T21:35:15+00:00\" \/>\n<meta name=\"twitter:card\" content=\"summary_large_image\" \/>\n<meta name=\"twitter:label1\" content=\"Ber\u00e4knad l\u00e4stid\" \/>\n\t<meta name=\"twitter:data1\" content=\"1 minut\" \/>\n<script type=\"application\/ld+json\" class=\"yoast-schema-graph\">{\"@context\":\"https:\/\/schema.org\",\"@graph\":[{\"@type\":\"WebPage\",\"@id\":\"https:\/\/www.apnet.com\/se\/recensioner\/sverigekronan\/\",\"url\":\"https:\/\/www.apnet.com\/se\/recensioner\/sverigekronan\/\",\"name\":\"SverigeKronan recension - Apnet\",\"isPartOf\":{\"@id\":\"https:\/\/www.apnet.com\/se\/#website\"},\"datePublished\":\"2016-04-14T11:16:11+00:00\",\"dateModified\":\"2016-04-21T21:35:15+00:00\",\"breadcrumb\":{\"@id\":\"https:\/\/www.apnet.com\/se\/recensioner\/sverigekronan\/#breadcrumb\"},\"inLanguage\":\"sv-SE\",\"potentialAction\":[{\"@type\":\"ReadAction\",\"target\":[\"https:\/\/www.apnet.com\/se\/recensioner\/sverigekronan\/\"]}]},{\"@type\":\"BreadcrumbList\",\"@id\":\"https:\/\/www.apnet.com\/se\/recensioner\/sverigekronan\/#breadcrumb\",\"itemListElement\":[{\"@type\":\"ListItem\",\"position\":1,\"name\":\"Startsida\",\"item\":\"https:\/\/www.apnet.com\/se\/\"},{\"@type\":\"ListItem\",\"position\":2,\"name\":\"Recensioner\",\"item\":\"https:\/\/www.apnet.com\/se\/recensioner\/\"},{\"@type\":\"ListItem\",\"position\":3,\"name\":\"SverigeKronan recension\"}]},{\"@type\":\"WebSite\",\"@id\":\"https:\/\/www.apnet.com\/se\/#website\",\"url\":\"https:\/\/www.apnet.com\/se\/\",\"name\":\"Apnet\",\"description\":\"\",\"potentialAction\":[{\"@type\":\"SearchAction\",\"target\":{\"@type\":\"EntryPoint\",\"urlTemplate\":\"https:\/\/www.apnet.com\/se\/?s={search_term_string}\"},\"query-input\":\"required name=search_term_string\"}],\"inLanguage\":\"sv-SE\"}]}<\/script>\n<!-- \/ Yoast SEO plugin. -->","yoast_head_json":{"title":"SverigeKronan recension - Apnet","robots":{"index":"index","follow":"follow","max-snippet":"max-snippet:-1","max-image-preview":"max-image-preview:large","max-video-preview":"max-video-preview:-1"},"canonical":"https:\/\/www.apnet.com\/se\/recensioner\/sverigekronan\/","og_locale":"sv_SE","og_type":"article","og_title":"SverigeKronan recension - Apnet","og_description":"SverigeKronan bonus Redan direkt n\u00e4r du registrerat dig k\u00e4nner du av SverigeKronans generositet, 60 gratissnurr ligger n\u00e4mligen och v\u00e4ntar p\u00e5 dig, helt utan n\u00e5gra ins\u00e4ttningskrav! \u00a0N\u00e4r du sedan tar klivet in i n\u00e4tcasinov\u00e4rlden p\u00e5 riktigt och g\u00f6r din f\u00f6rsta ins\u00e4ttning v\u00e4ntar tv\u00e5 riktigt trevliga v\u00e4lkomstbonusar p\u00e5 dig. F\u00f6r det f\u00f6rsta f\u00e5r du 100% i ren [&hellip;]","og_url":"https:\/\/www.apnet.com\/se\/recensioner\/sverigekronan\/","og_site_name":"Apnet","article_modified_time":"2016-04-21T21:35:15+00:00","twitter_card":"summary_large_image","twitter_misc":{"Ber\u00e4knad l\u00e4stid":"1 minut"},"schema":{"@context":"https:\/\/schema.org","@graph":[{"@type":"WebPage","@id":"https:\/\/www.apnet.com\/se\/recensioner\/sverigekronan\/","url":"https:\/\/www.apnet.com\/se\/recensioner\/sverigekronan\/","name":"SverigeKronan recension - Apnet","isPartOf":{"@id":"https:\/\/www.apnet.com\/se\/#website"},"datePublished":"2016-04-14T11:16:11+00:00","dateModified":"2016-04-21T21:35:15+00:00","breadcrumb":{"@id":"https:\/\/www.apnet.com\/se\/recensioner\/sverigekronan\/#breadcrumb"},"inLanguage":"sv-SE","potentialAction":[{"@type":"ReadAction","target":["https:\/\/www.apnet.com\/se\/recensioner\/sverigekronan\/"]}]},{"@type":"BreadcrumbList","@id":"https:\/\/www.apnet.com\/se\/recensioner\/sverigekronan\/#breadcrumb","itemListElement":[{"@type":"ListItem","position":1,"name":"Startsida","item":"https:\/\/www.apnet.com\/se\/"},{"@type":"ListItem","position":2,"name":"Recensioner","item":"https:\/\/www.apnet.com\/se\/recensioner\/"},{"@type":"ListItem","position":3,"name":"SverigeKronan recension"}]},{"@type":"WebSite","@id":"https:\/\/www.apnet.com\/se\/#website","url":"https:\/\/www.apnet.com\/se\/","name":"Apnet","description":"","potentialAction":[{"@type":"SearchAction","target":{"@type":"EntryPoint","urlTemplate":"https:\/\/www.apnet.com\/se\/?s={search_term_string}"},"query-input":"required name=search_term_string"}],"inLanguage":"sv-SE"}]}},"_links":{"self":[{"href":"https:\/\/www.apnet.com\/se\/wp-json\/wp\/v2\/pages\/67"}],"collection":[{"href":"https:\/\/www.apnet.com\/se\/wp-json\/wp\/v2\/pages"}],"about":[{"href":"https:\/\/www.apnet.com\/se\/wp-json\/wp\/v2\/types\/page"}],"author":[{"embeddable":true,"href":"https:\/\/www.apnet.com\/se\/wp-json\/wp\/v2\/users\/3"}],"replies":[{"embeddable":true,"href":"https:\/\/www.apnet.com\/se\/wp-json\/wp\/v2\/comments?post=67"}],"version-history":[{"count":5,"href":"https:\/\/www.apnet.com\/se\/wp-json\/wp\/v2\/pages\/67\/revisions"}],"predecessor-version":[{"id":201,"href":"https:\/\/www.apnet.com\/se\/wp-json\/wp\/v2\/pages\/67\/revisions\/201"}],"up":[{"embeddable":true,"href":"https:\/\/www.apnet.com\/se\/wp-json\/wp\/v2\/pages\/28"}],"wp:attachment":[{"href":"https:\/\/www.apnet.com\/se\/wp-json\/wp\/v2\/media?parent=67"}],"curies":[{"name":"wp","href":"https:\/\/api.w.org\/{rel}","templated":true}]}}